{"id":4276,"date":"2023-12-15T11:23:56","date_gmt":"2023-12-15T11:23:56","guid":{"rendered":"https:\/\/www.helievenements.com\/produit\/pointe-du-hoc-et-cimetiere-americain-30-min\/"},"modified":"2025-03-12T12:32:33","modified_gmt":"2025-03-12T12:32:33","slug":"van-de-pointe-du-hoc-naar-arromanches","status":"publish","type":"product","link":"https:\/\/www.helievenements.com\/nl\/produit\/van-de-pointe-du-hoc-naar-arromanches\/","title":{"rendered":"Van de Pointe du Hoc naar Arromanches"},"content":{"rendered":"","protected":false},"excerpt":{"rendered":"<p><strong>\ud83d\ude4f\ud83c\udffc Verjaardag van de landing in Normandi\u00eb, te boeken tussen eind mei en begin juni, daarna van half juli tot half augustus.<\/strong><\/p>\n<p>\ud83c\udf81 Onze cadeaubonnen zijn 12 maanden geldig!<\/p>\n<p>&nbsp;<\/p>\n<p>Beginnend op ons priv\u00e9terrein in de buurt van Omaha Beach, verleng je de geschiedenis die zich voor je ogen ontvouwt. Ontdek of herontdek de Pointe du Hoc, Omaha Beach, de Amerikaanse begraafplaats, Port en Bessin, Arromanches en de overblijfselen van de kunstmatige haven.<\/p>\n<p>De Amerikaanse begraafplaats van Colleville sur Mer, in het hart van de invasiestranden van Normandi\u00eb, kijkt uit over Omaha Beach en brengt de graven van 9.387 gesneuvelde soldaten, een kapel, een gedenkteken en een tuin voor de vermisten samen.<\/p>\n<p>Op de terugweg vlieg je over de Pointe du Hoc, halverwege tussen Omaha Beach en Utah Beach, het domineert de zee met zijn verticale klif. U verlengt uw vlucht naar de stad Grandcamp en zijn oesterbanken.<\/p>\n<p>&nbsp;<\/p>\n<p>\ud83d\ude81 Vous volerez \u00e0 bord d\u2019un H\u00e9licopt\u00e8re Ecureuil H125 B3e, disposant de 5 ou 6 places (selon les poids de chacun, afin que tous les passagers soient bien install\u00e9s)<\/p>\n<p>&nbsp;<\/p>\n","protected":false},"featured_media":3563,"comment_status":"open","ping_status":"closed","template":"","meta":{"_acf_changed":false},"product_brand":[],"product_cat":[62],"product_tag":[],"class_list":{"0":"post-4276","1":"product","2":"type-product","3":"status-publish","4":"has-post-thumbnail","6":"product_cat-toeristische-routes","8":"first","9":"instock","10":"taxable","11":"shipping-taxable","12":"purchasable","13":"product-type-variable","14":"has-default-attributes"},"acf":[],"yoast_head":"\n<title>Van de Pointe du Hoc naar Arromanches - HELIEVENEMENTS<\/title>\n<meta name=\"description\" content=\"D\u00e9couvrez ou red\u00e9couvrez la pointe du Hoc, la plage d&#039;Omaha Beach, le Cimeti\u00e8re Am\u00e9ricain, Arromanches et les vestiges du port Artificiel.\" \/>\n<meta name=\"robots\" content=\"index, follow, max-snippet:-1, max-image-preview:large, max-video-preview:-1\" \/>\n<link rel=\"canonical\" href=\"https:\/\/www.helievenements.com\/nl\/produit\/van-de-pointe-du-hoc-naar-arromanches\/\" \/>\n<meta property=\"og:locale\" content=\"nl_NL\" \/>\n<meta property=\"og:type\" content=\"article\" \/>\n<meta property=\"og:title\" content=\"Van de Pointe du Hoc naar Arromanches - HELIEVENEMENTS\" \/>\n<meta property=\"og:description\" content=\"D\u00e9couvrez ou red\u00e9couvrez la pointe du Hoc, la plage d&#039;Omaha Beach, le Cimeti\u00e8re Am\u00e9ricain, Arromanches et les vestiges du port Artificiel.\" \/>\n<meta property=\"og:url\" content=\"https:\/\/www.helievenements.com\/nl\/produit\/van-de-pointe-du-hoc-naar-arromanches\/\" \/>\n<meta property=\"og:site_name\" content=\"HELIEVENEMENTS\" \/>\n<meta property=\"article:modified_time\" content=\"2025-03-12T12:32:33+00:00\" \/>\n<meta property=\"og:image\" content=\"https:\/\/www.helievenements.com\/wp-content\/uploads\/IMG_20220807_090116_374-scaled.jpg\" \/>\n\t<meta property=\"og:image:width\" content=\"2293\" \/>\n\t<meta property=\"og:image:height\" content=\"1200\" \/>\n\t<meta property=\"og:image:type\" content=\"image\/jpeg\" \/>\n<meta name=\"twitter:card\" content=\"summary_large_image\" \/>\n<meta name=\"twitter:label1\" content=\"Geschatte leestijd\" \/>\n\t<meta name=\"twitter:data1\" content=\"1 minuut\" \/>\n<script type=\"application\/ld+json\" class=\"yoast-schema-graph\">{\"@context\":\"https:\\\/\\\/schema.org\",\"@graph\":[{\"@type\":\"WebPage\",\"@id\":\"https:\\\/\\\/www.helievenements.com\\\/nl\\\/produit\\\/van-de-pointe-du-hoc-naar-arromanches\\\/\",\"url\":\"https:\\\/\\\/www.helievenements.com\\\/nl\\\/produit\\\/van-de-pointe-du-hoc-naar-arromanches\\\/\",\"name\":\"Van de Pointe du Hoc naar Arromanches - HELIEVENEMENTS\",\"isPartOf\":{\"@id\":\"https:\\\/\\\/www.helievenements.com\\\/nl\\\/#website\"},\"primaryImageOfPage\":{\"@id\":\"https:\\\/\\\/www.helievenements.com\\\/nl\\\/produit\\\/van-de-pointe-du-hoc-naar-arromanches\\\/#primaryimage\"},\"image\":{\"@id\":\"https:\\\/\\\/www.helievenements.com\\\/nl\\\/produit\\\/van-de-pointe-du-hoc-naar-arromanches\\\/#primaryimage\"},\"thumbnailUrl\":\"https:\\\/\\\/www.helievenements.com\\\/wp-content\\\/uploads\\\/IMG_20220807_090116_374-scaled.jpg\",\"datePublished\":\"2023-12-15T11:23:56+00:00\",\"dateModified\":\"2025-03-12T12:32:33+00:00\",\"description\":\"D\u00e9couvrez ou red\u00e9couvrez la pointe du Hoc, la plage d'Omaha Beach, le Cimeti\u00e8re Am\u00e9ricain, Arromanches et les vestiges du port Artificiel.\",\"breadcrumb\":{\"@id\":\"https:\\\/\\\/www.helievenements.com\\\/nl\\\/produit\\\/van-de-pointe-du-hoc-naar-arromanches\\\/#breadcrumb\"},\"inLanguage\":\"nl-NL\",\"potentialAction\":[{\"@type\":\"ReadAction\",\"target\":[\"https:\\\/\\\/www.helievenements.com\\\/nl\\\/produit\\\/van-de-pointe-du-hoc-naar-arromanches\\\/\"]}]},{\"@type\":\"ImageObject\",\"inLanguage\":\"nl-NL\",\"@id\":\"https:\\\/\\\/www.helievenements.com\\\/nl\\\/produit\\\/van-de-pointe-du-hoc-naar-arromanches\\\/#primaryimage\",\"url\":\"https:\\\/\\\/www.helievenements.com\\\/wp-content\\\/uploads\\\/IMG_20220807_090116_374-scaled.jpg\",\"contentUrl\":\"https:\\\/\\\/www.helievenements.com\\\/wp-content\\\/uploads\\\/IMG_20220807_090116_374-scaled.jpg\",\"width\":2293,\"height\":1200},{\"@type\":\"BreadcrumbList\",\"@id\":\"https:\\\/\\\/www.helievenements.com\\\/nl\\\/produit\\\/van-de-pointe-du-hoc-naar-arromanches\\\/#breadcrumb\",\"itemListElement\":[{\"@type\":\"ListItem\",\"position\":1,\"name\":\"Accueil\",\"item\":\"https:\\\/\\\/www.helievenements.com\\\/nl\\\/\"},{\"@type\":\"ListItem\",\"position\":2,\"name\":\"Winkel\",\"item\":\"https:\\\/\\\/www.helievenements.com\\\/nl\\\/winkel\\\/\"},{\"@type\":\"ListItem\",\"position\":3,\"name\":\"Van de Pointe du Hoc naar Arromanches\"}]},{\"@type\":\"WebSite\",\"@id\":\"https:\\\/\\\/www.helievenements.com\\\/nl\\\/#website\",\"url\":\"https:\\\/\\\/www.helievenements.com\\\/nl\\\/\",\"name\":\"HELIEVENEMENTS\",\"description\":\"\",\"potentialAction\":[{\"@type\":\"SearchAction\",\"target\":{\"@type\":\"EntryPoint\",\"urlTemplate\":\"https:\\\/\\\/www.helievenements.com\\\/nl\\\/?s={search_term_string}\"},\"query-input\":{\"@type\":\"PropertyValueSpecification\",\"valueRequired\":true,\"valueName\":\"search_term_string\"}}],\"inLanguage\":\"nl-NL\"}]}<\/script>\n","yoast_head_json":{"title":"Van de Pointe du Hoc naar Arromanches - HELIEVENEMENTS","description":"D\u00e9couvrez ou red\u00e9couvrez la pointe du Hoc, la plage d'Omaha Beach, le Cimeti\u00e8re Am\u00e9ricain, Arromanches et les vestiges du port Artificiel.","robots":{"index":"index","follow":"follow","max-snippet":"max-snippet:-1","max-image-preview":"max-image-preview:large","max-video-preview":"max-video-preview:-1"},"canonical":"https:\/\/www.helievenements.com\/nl\/produit\/van-de-pointe-du-hoc-naar-arromanches\/","og_locale":"nl_NL","og_type":"article","og_title":"Van de Pointe du Hoc naar Arromanches - HELIEVENEMENTS","og_description":"D\u00e9couvrez ou red\u00e9couvrez la pointe du Hoc, la plage d'Omaha Beach, le Cimeti\u00e8re Am\u00e9ricain, Arromanches et les vestiges du port Artificiel.","og_url":"https:\/\/www.helievenements.com\/nl\/produit\/van-de-pointe-du-hoc-naar-arromanches\/","og_site_name":"HELIEVENEMENTS","article_modified_time":"2025-03-12T12:32:33+00:00","og_image":[{"width":2293,"height":1200,"url":"https:\/\/www.helievenements.com\/wp-content\/uploads\/IMG_20220807_090116_374-scaled.jpg","type":"image\/jpeg"}],"twitter_card":"summary_large_image","twitter_misc":{"Geschatte leestijd":"1 minuut"},"schema":{"@context":"https:\/\/schema.org","@graph":[{"@type":"WebPage","@id":"https:\/\/www.helievenements.com\/nl\/produit\/van-de-pointe-du-hoc-naar-arromanches\/","url":"https:\/\/www.helievenements.com\/nl\/produit\/van-de-pointe-du-hoc-naar-arromanches\/","name":"Van de Pointe du Hoc naar Arromanches - HELIEVENEMENTS","isPartOf":{"@id":"https:\/\/www.helievenements.com\/nl\/#website"},"primaryImageOfPage":{"@id":"https:\/\/www.helievenements.com\/nl\/produit\/van-de-pointe-du-hoc-naar-arromanches\/#primaryimage"},"image":{"@id":"https:\/\/www.helievenements.com\/nl\/produit\/van-de-pointe-du-hoc-naar-arromanches\/#primaryimage"},"thumbnailUrl":"https:\/\/www.helievenements.com\/wp-content\/uploads\/IMG_20220807_090116_374-scaled.jpg","datePublished":"2023-12-15T11:23:56+00:00","dateModified":"2025-03-12T12:32:33+00:00","description":"D\u00e9couvrez ou red\u00e9couvrez la pointe du Hoc, la plage d'Omaha Beach, le Cimeti\u00e8re Am\u00e9ricain, Arromanches et les vestiges du port Artificiel.","breadcrumb":{"@id":"https:\/\/www.helievenements.com\/nl\/produit\/van-de-pointe-du-hoc-naar-arromanches\/#breadcrumb"},"inLanguage":"nl-NL","potentialAction":[{"@type":"ReadAction","target":["https:\/\/www.helievenements.com\/nl\/produit\/van-de-pointe-du-hoc-naar-arromanches\/"]}]},{"@type":"ImageObject","inLanguage":"nl-NL","@id":"https:\/\/www.helievenements.com\/nl\/produit\/van-de-pointe-du-hoc-naar-arromanches\/#primaryimage","url":"https:\/\/www.helievenements.com\/wp-content\/uploads\/IMG_20220807_090116_374-scaled.jpg","contentUrl":"https:\/\/www.helievenements.com\/wp-content\/uploads\/IMG_20220807_090116_374-scaled.jpg","width":2293,"height":1200},{"@type":"BreadcrumbList","@id":"https:\/\/www.helievenements.com\/nl\/produit\/van-de-pointe-du-hoc-naar-arromanches\/#breadcrumb","itemListElement":[{"@type":"ListItem","position":1,"name":"Accueil","item":"https:\/\/www.helievenements.com\/nl\/"},{"@type":"ListItem","position":2,"name":"Winkel","item":"https:\/\/www.helievenements.com\/nl\/winkel\/"},{"@type":"ListItem","position":3,"name":"Van de Pointe du Hoc naar Arromanches"}]},{"@type":"WebSite","@id":"https:\/\/www.helievenements.com\/nl\/#website","url":"https:\/\/www.helievenements.com\/nl\/","name":"HELIEVENEMENTS","description":"","potentialAction":[{"@type":"SearchAction","target":{"@type":"EntryPoint","urlTemplate":"https:\/\/www.helievenements.com\/nl\/?s={search_term_string}"},"query-input":{"@type":"PropertyValueSpecification","valueRequired":true,"valueName":"search_term_string"}}],"inLanguage":"nl-NL"}]}},"_links":{"self":[{"href":"https:\/\/www.helievenements.com\/nl\/wp-json\/wp\/v2\/product\/4276","targetHints":{"allow":["GET"]}}],"collection":[{"href":"https:\/\/www.helievenements.com\/nl\/wp-json\/wp\/v2\/product"}],"about":[{"href":"https:\/\/www.helievenements.com\/nl\/wp-json\/wp\/v2\/types\/product"}],"replies":[{"embeddable":true,"href":"https:\/\/www.helievenements.com\/nl\/wp-json\/wp\/v2\/comments?post=4276"}],"wp:featuredmedia":[{"embeddable":true,"href":"https:\/\/www.helievenements.com\/nl\/wp-json\/wp\/v2\/media\/3563"}],"wp:attachment":[{"href":"https:\/\/www.helievenements.com\/nl\/wp-json\/wp\/v2\/media?parent=4276"}],"wp:term":[{"taxonomy":"product_brand","embeddable":true,"href":"https:\/\/www.helievenements.com\/nl\/wp-json\/wp\/v2\/product_brand?post=4276"},{"taxonomy":"product_cat","embeddable":true,"href":"https:\/\/www.helievenements.com\/nl\/wp-json\/wp\/v2\/product_cat?post=4276"},{"taxonomy":"product_tag","embeddable":true,"href":"https:\/\/www.helievenements.com\/nl\/wp-json\/wp\/v2\/product_tag?post=4276"}],"curies":[{"name":"wp","href":"https:\/\/api.w.org\/{rel}","templated":true}]}}