{"id":4272,"date":"2018-05-14T15:25:50","date_gmt":"2018-05-14T15:25:50","guid":{"rendered":"https:\/\/www.helievenements.com\/produit\/pointe-du-hoc-et-cimetiere-americain-10-min\/"},"modified":"2025-03-12T12:30:41","modified_gmt":"2025-03-12T12:30:41","slug":"de-landingsstranden-van-d-day-de-pointe-du-hoc-en-de-amerikaanse-begraafplaats","status":"publish","type":"product","link":"https:\/\/www.helievenements.com\/nl\/produit\/de-landingsstranden-van-d-day-de-pointe-du-hoc-en-de-amerikaanse-begraafplaats\/","title":{"rendered":"De landingsstranden van D-Day: De Pointe du Hoc en de Amerikaanse begraafplaats"},"content":{"rendered":"","protected":false},"excerpt":{"rendered":"<p><strong>\ud83d\ude4f\ud83c\udffc Verjaardag van de landing in Normandi\u00eb, te boeken tussen eind mei en begin juni, daarna van half juli tot half augustus.<\/strong><\/p>\n<p>\ud83c\udf81 Onze cadeaubonnen zijn 12 maanden geldig!<\/p>\n<p>&nbsp;<\/p>\n<p>Vanaf ons priv\u00e9terrein in de buurt van Omaha Beach ontdekt u de Amerikaanse begraafplaats van Colleville sur Mer, in het hart van de invasiestranden van Normandi\u00eb. Deze site, met uitzicht op Omaha Beach, brengt de graven van 9.387 gesneuvelde soldaten, een kapel, een gedenkteken en een tuin voor de gevallenen samen.<\/p>\n<p>Op de terugweg ontdek je de beroemde Pointe du Hoc. Veel bunkers en de kraters van het bombardement zijn nog zichtbaar. Het was het toneel van een van de operaties van de geallieerde landingen in Normandi\u00eb op 6 juni 1944.<\/p>\n<p>&nbsp;<\/p>\n<p>\ud83d\ude81 Je vliegt aan boord van een H125 B3e eekhoornhelikopter, met 5 of 6 stoelen (afhankelijk van het gewicht van elke stoel, zodat alle passagiers goed zitten)<\/p>\n<p>&nbsp;<\/p>\n","protected":false},"featured_media":3015,"comment_status":"open","ping_status":"closed","template":"","meta":{"_acf_changed":false},"product_brand":[],"product_cat":[61,62],"product_tag":[],"class_list":{"0":"post-4272","1":"product","2":"type-product","3":"status-publish","4":"has-post-thumbnail","6":"product_cat-cadeaubon","7":"product_cat-toeristische-routes","9":"first","10":"instock","11":"taxable","12":"shipping-taxable","13":"purchasable","14":"product-type-variable","15":"has-default-attributes"},"acf":[],"yoast_head":"\n<title>De landingsstranden van D-Day: De Pointe du Hoc en de Amerikaanse begraafplaats - HELIEVENEMENTS<\/title>\n<meta name=\"description\" content=\"Cimeti\u00e8re Am\u00e9ricain, la plage d&#039;omaha Beach et la pointe du Hoc qui fut le th\u00e9\u00e2tre d&#039;une des op\u00e9rations du d\u00e9barquement alli\u00e9 en Normandie le 6 juin 1944\" \/>\n<meta name=\"robots\" content=\"index, follow, max-snippet:-1, max-image-preview:large, max-video-preview:-1\" \/>\n<link rel=\"canonical\" href=\"https:\/\/www.helievenements.com\/nl\/produit\/de-landingsstranden-van-d-day-de-pointe-du-hoc-en-de-amerikaanse-begraafplaats\/\" \/>\n<meta property=\"og:locale\" content=\"nl_NL\" \/>\n<meta property=\"og:type\" content=\"article\" \/>\n<meta property=\"og:title\" content=\"De landingsstranden van D-Day: De Pointe du Hoc en de Amerikaanse begraafplaats - HELIEVENEMENTS\" \/>\n<meta property=\"og:description\" content=\"Cimeti\u00e8re Am\u00e9ricain, la plage d&#039;omaha Beach et la pointe du Hoc qui fut le th\u00e9\u00e2tre d&#039;une des op\u00e9rations du d\u00e9barquement alli\u00e9 en Normandie le 6 juin 1944\" \/>\n<meta property=\"og:url\" content=\"https:\/\/www.helievenements.com\/nl\/produit\/de-landingsstranden-van-d-day-de-pointe-du-hoc-en-de-amerikaanse-begraafplaats\/\" \/>\n<meta property=\"og:site_name\" content=\"HELIEVENEMENTS\" \/>\n<meta property=\"article:modified_time\" content=\"2025-03-12T12:30:41+00:00\" \/>\n<meta property=\"og:image\" content=\"https:\/\/www.helievenements.com\/wp-content\/uploads\/Cimeti\u00e8re-Am\u00e9ricain.jpg\" \/>\n\t<meta property=\"og:image:width\" content=\"1024\" \/>\n\t<meta property=\"og:image:height\" content=\"697\" \/>\n\t<meta property=\"og:image:type\" content=\"image\/jpeg\" \/>\n<meta name=\"twitter:card\" content=\"summary_large_image\" \/>\n<meta name=\"twitter:label1\" content=\"Geschatte leestijd\" \/>\n\t<meta name=\"twitter:data1\" content=\"1 minuut\" \/>\n<script type=\"application\/ld+json\" class=\"yoast-schema-graph\">{\"@context\":\"https:\\\/\\\/schema.org\",\"@graph\":[{\"@type\":\"WebPage\",\"@id\":\"https:\\\/\\\/www.helievenements.com\\\/nl\\\/produit\\\/de-landingsstranden-van-d-day-de-pointe-du-hoc-en-de-amerikaanse-begraafplaats\\\/\",\"url\":\"https:\\\/\\\/www.helievenements.com\\\/nl\\\/produit\\\/de-landingsstranden-van-d-day-de-pointe-du-hoc-en-de-amerikaanse-begraafplaats\\\/\",\"name\":\"De landingsstranden van D-Day: De Pointe du Hoc en de Amerikaanse begraafplaats - HELIEVENEMENTS\",\"isPartOf\":{\"@id\":\"https:\\\/\\\/www.helievenements.com\\\/nl\\\/#website\"},\"primaryImageOfPage\":{\"@id\":\"https:\\\/\\\/www.helievenements.com\\\/nl\\\/produit\\\/de-landingsstranden-van-d-day-de-pointe-du-hoc-en-de-amerikaanse-begraafplaats\\\/#primaryimage\"},\"image\":{\"@id\":\"https:\\\/\\\/www.helievenements.com\\\/nl\\\/produit\\\/de-landingsstranden-van-d-day-de-pointe-du-hoc-en-de-amerikaanse-begraafplaats\\\/#primaryimage\"},\"thumbnailUrl\":\"https:\\\/\\\/www.helievenements.com\\\/wp-content\\\/uploads\\\/Cimeti\u00e8re-Am\u00e9ricain.jpg\",\"datePublished\":\"2018-05-14T15:25:50+00:00\",\"dateModified\":\"2025-03-12T12:30:41+00:00\",\"description\":\"Cimeti\u00e8re Am\u00e9ricain, la plage d'omaha Beach et la pointe du Hoc qui fut le th\u00e9\u00e2tre d'une des op\u00e9rations du d\u00e9barquement alli\u00e9 en Normandie le 6 juin 1944\",\"breadcrumb\":{\"@id\":\"https:\\\/\\\/www.helievenements.com\\\/nl\\\/produit\\\/de-landingsstranden-van-d-day-de-pointe-du-hoc-en-de-amerikaanse-begraafplaats\\\/#breadcrumb\"},\"inLanguage\":\"nl-NL\",\"potentialAction\":[{\"@type\":\"ReadAction\",\"target\":[\"https:\\\/\\\/www.helievenements.com\\\/nl\\\/produit\\\/de-landingsstranden-van-d-day-de-pointe-du-hoc-en-de-amerikaanse-begraafplaats\\\/\"]}]},{\"@type\":\"ImageObject\",\"inLanguage\":\"nl-NL\",\"@id\":\"https:\\\/\\\/www.helievenements.com\\\/nl\\\/produit\\\/de-landingsstranden-van-d-day-de-pointe-du-hoc-en-de-amerikaanse-begraafplaats\\\/#primaryimage\",\"url\":\"https:\\\/\\\/www.helievenements.com\\\/wp-content\\\/uploads\\\/Cimeti\u00e8re-Am\u00e9ricain.jpg\",\"contentUrl\":\"https:\\\/\\\/www.helievenements.com\\\/wp-content\\\/uploads\\\/Cimeti\u00e8re-Am\u00e9ricain.jpg\",\"width\":1024,\"height\":697},{\"@type\":\"BreadcrumbList\",\"@id\":\"https:\\\/\\\/www.helievenements.com\\\/nl\\\/produit\\\/de-landingsstranden-van-d-day-de-pointe-du-hoc-en-de-amerikaanse-begraafplaats\\\/#breadcrumb\",\"itemListElement\":[{\"@type\":\"ListItem\",\"position\":1,\"name\":\"Accueil\",\"item\":\"https:\\\/\\\/www.helievenements.com\\\/nl\\\/\"},{\"@type\":\"ListItem\",\"position\":2,\"name\":\"Winkel\",\"item\":\"https:\\\/\\\/www.helievenements.com\\\/nl\\\/winkel\\\/\"},{\"@type\":\"ListItem\",\"position\":3,\"name\":\"De landingsstranden van D-Day: De Pointe du Hoc en de Amerikaanse begraafplaats\"}]},{\"@type\":\"WebSite\",\"@id\":\"https:\\\/\\\/www.helievenements.com\\\/nl\\\/#website\",\"url\":\"https:\\\/\\\/www.helievenements.com\\\/nl\\\/\",\"name\":\"HELIEVENEMENTS\",\"description\":\"\",\"potentialAction\":[{\"@type\":\"SearchAction\",\"target\":{\"@type\":\"EntryPoint\",\"urlTemplate\":\"https:\\\/\\\/www.helievenements.com\\\/nl\\\/?s={search_term_string}\"},\"query-input\":{\"@type\":\"PropertyValueSpecification\",\"valueRequired\":true,\"valueName\":\"search_term_string\"}}],\"inLanguage\":\"nl-NL\"}]}<\/script>\n","yoast_head_json":{"title":"De landingsstranden van D-Day: De Pointe du Hoc en de Amerikaanse begraafplaats - HELIEVENEMENTS","description":"Cimeti\u00e8re Am\u00e9ricain, la plage d'omaha Beach et la pointe du Hoc qui fut le th\u00e9\u00e2tre d'une des op\u00e9rations du d\u00e9barquement alli\u00e9 en Normandie le 6 juin 1944","robots":{"index":"index","follow":"follow","max-snippet":"max-snippet:-1","max-image-preview":"max-image-preview:large","max-video-preview":"max-video-preview:-1"},"canonical":"https:\/\/www.helievenements.com\/nl\/produit\/de-landingsstranden-van-d-day-de-pointe-du-hoc-en-de-amerikaanse-begraafplaats\/","og_locale":"nl_NL","og_type":"article","og_title":"De landingsstranden van D-Day: De Pointe du Hoc en de Amerikaanse begraafplaats - HELIEVENEMENTS","og_description":"Cimeti\u00e8re Am\u00e9ricain, la plage d'omaha Beach et la pointe du Hoc qui fut le th\u00e9\u00e2tre d'une des op\u00e9rations du d\u00e9barquement alli\u00e9 en Normandie le 6 juin 1944","og_url":"https:\/\/www.helievenements.com\/nl\/produit\/de-landingsstranden-van-d-day-de-pointe-du-hoc-en-de-amerikaanse-begraafplaats\/","og_site_name":"HELIEVENEMENTS","article_modified_time":"2025-03-12T12:30:41+00:00","og_image":[{"width":1024,"height":697,"url":"https:\/\/www.helievenements.com\/wp-content\/uploads\/Cimeti\u00e8re-Am\u00e9ricain.jpg","type":"image\/jpeg"}],"twitter_card":"summary_large_image","twitter_misc":{"Geschatte leestijd":"1 minuut"},"schema":{"@context":"https:\/\/schema.org","@graph":[{"@type":"WebPage","@id":"https:\/\/www.helievenements.com\/nl\/produit\/de-landingsstranden-van-d-day-de-pointe-du-hoc-en-de-amerikaanse-begraafplaats\/","url":"https:\/\/www.helievenements.com\/nl\/produit\/de-landingsstranden-van-d-day-de-pointe-du-hoc-en-de-amerikaanse-begraafplaats\/","name":"De landingsstranden van D-Day: De Pointe du Hoc en de Amerikaanse begraafplaats - HELIEVENEMENTS","isPartOf":{"@id":"https:\/\/www.helievenements.com\/nl\/#website"},"primaryImageOfPage":{"@id":"https:\/\/www.helievenements.com\/nl\/produit\/de-landingsstranden-van-d-day-de-pointe-du-hoc-en-de-amerikaanse-begraafplaats\/#primaryimage"},"image":{"@id":"https:\/\/www.helievenements.com\/nl\/produit\/de-landingsstranden-van-d-day-de-pointe-du-hoc-en-de-amerikaanse-begraafplaats\/#primaryimage"},"thumbnailUrl":"https:\/\/www.helievenements.com\/wp-content\/uploads\/Cimeti\u00e8re-Am\u00e9ricain.jpg","datePublished":"2018-05-14T15:25:50+00:00","dateModified":"2025-03-12T12:30:41+00:00","description":"Cimeti\u00e8re Am\u00e9ricain, la plage d'omaha Beach et la pointe du Hoc qui fut le th\u00e9\u00e2tre d'une des op\u00e9rations du d\u00e9barquement alli\u00e9 en Normandie le 6 juin 1944","breadcrumb":{"@id":"https:\/\/www.helievenements.com\/nl\/produit\/de-landingsstranden-van-d-day-de-pointe-du-hoc-en-de-amerikaanse-begraafplaats\/#breadcrumb"},"inLanguage":"nl-NL","potentialAction":[{"@type":"ReadAction","target":["https:\/\/www.helievenements.com\/nl\/produit\/de-landingsstranden-van-d-day-de-pointe-du-hoc-en-de-amerikaanse-begraafplaats\/"]}]},{"@type":"ImageObject","inLanguage":"nl-NL","@id":"https:\/\/www.helievenements.com\/nl\/produit\/de-landingsstranden-van-d-day-de-pointe-du-hoc-en-de-amerikaanse-begraafplaats\/#primaryimage","url":"https:\/\/www.helievenements.com\/wp-content\/uploads\/Cimeti\u00e8re-Am\u00e9ricain.jpg","contentUrl":"https:\/\/www.helievenements.com\/wp-content\/uploads\/Cimeti\u00e8re-Am\u00e9ricain.jpg","width":1024,"height":697},{"@type":"BreadcrumbList","@id":"https:\/\/www.helievenements.com\/nl\/produit\/de-landingsstranden-van-d-day-de-pointe-du-hoc-en-de-amerikaanse-begraafplaats\/#breadcrumb","itemListElement":[{"@type":"ListItem","position":1,"name":"Accueil","item":"https:\/\/www.helievenements.com\/nl\/"},{"@type":"ListItem","position":2,"name":"Winkel","item":"https:\/\/www.helievenements.com\/nl\/winkel\/"},{"@type":"ListItem","position":3,"name":"De landingsstranden van D-Day: De Pointe du Hoc en de Amerikaanse begraafplaats"}]},{"@type":"WebSite","@id":"https:\/\/www.helievenements.com\/nl\/#website","url":"https:\/\/www.helievenements.com\/nl\/","name":"HELIEVENEMENTS","description":"","potentialAction":[{"@type":"SearchAction","target":{"@type":"EntryPoint","urlTemplate":"https:\/\/www.helievenements.com\/nl\/?s={search_term_string}"},"query-input":{"@type":"PropertyValueSpecification","valueRequired":true,"valueName":"search_term_string"}}],"inLanguage":"nl-NL"}]}},"_links":{"self":[{"href":"https:\/\/www.helievenements.com\/nl\/wp-json\/wp\/v2\/product\/4272","targetHints":{"allow":["GET"]}}],"collection":[{"href":"https:\/\/www.helievenements.com\/nl\/wp-json\/wp\/v2\/product"}],"about":[{"href":"https:\/\/www.helievenements.com\/nl\/wp-json\/wp\/v2\/types\/product"}],"replies":[{"embeddable":true,"href":"https:\/\/www.helievenements.com\/nl\/wp-json\/wp\/v2\/comments?post=4272"}],"wp:featuredmedia":[{"embeddable":true,"href":"https:\/\/www.helievenements.com\/nl\/wp-json\/wp\/v2\/media\/3015"}],"wp:attachment":[{"href":"https:\/\/www.helievenements.com\/nl\/wp-json\/wp\/v2\/media?parent=4272"}],"wp:term":[{"taxonomy":"product_brand","embeddable":true,"href":"https:\/\/www.helievenements.com\/nl\/wp-json\/wp\/v2\/product_brand?post=4272"},{"taxonomy":"product_cat","embeddable":true,"href":"https:\/\/www.helievenements.com\/nl\/wp-json\/wp\/v2\/product_cat?post=4272"},{"taxonomy":"product_tag","embeddable":true,"href":"https:\/\/www.helievenements.com\/nl\/wp-json\/wp\/v2\/product_tag?post=4272"}],"curies":[{"name":"wp","href":"https:\/\/api.w.org\/{rel}","templated":true}]}}