{"id":4254,"date":"2017-09-14T20:16:46","date_gmt":"2017-09-14T20:16:46","guid":{"rendered":"https:\/\/www.helievenements.com\/produit\/la-cote-fleurie\/"},"modified":"2025-03-12T11:01:36","modified_gmt":"2025-03-12T11:01:36","slug":"de-cote-fleurie","status":"publish","type":"product","link":"https:\/\/www.helievenements.com\/nl\/produit\/de-cote-fleurie\/","title":{"rendered":"De C\u00f4te Fleurie"},"content":{"rendered":"","protected":false},"excerpt":{"rendered":"<p><span style=\"font-weight: 400;\">\ud83d\udcc5 <\/span><b>Bijgewerkt schema op aanvraag<br \/>\n<\/b><br \/>\n\ud83c\udf81 Onze cadeaubonnen zijn 12 maanden geldig!<\/p>\n<p>&nbsp;<\/p>\n<p>Vertrek vanaf de luchthaven van Deauville Saint Gatien en trakteer uzelf op een vlucht over een van de parels van Calvados! Het dankt zijn naam aan het groene landschap van het achterland en de bloementuinen van de badplaatsen. De lange zandstranden en het licht, dat altijd schilders en fotografen heeft aangetrokken, hebben bijgedragen aan het toeristische succes. Tijdens deze helikoptervlucht kunt u deze kust volgen en genieten van de prachtige natuurlijke panorama&#8217;s en genieten van prachtige uitzichten op de typische Normandische badplaatsen: u volgt deze kust naar Ouistreham via Trouville sur mer, Deauville, Houlgate, Cabourg en natuurlijk de Pont de Normandie!<\/p>\n<p>&nbsp;<\/p>\n<p>\ud83d\ude81 Je vliegt aan boord van een H125 B3e eekhoornhelikopter, met 5 of 6 stoelen (afhankelijk van het gewicht van elke stoel, zodat alle passagiers goed zitten)<\/p>\n","protected":false},"featured_media":3211,"comment_status":"open","ping_status":"closed","template":"","meta":{"_acf_changed":false},"product_brand":[],"product_cat":[61,62],"product_tag":[],"class_list":{"0":"post-4254","1":"product","2":"type-product","3":"status-publish","4":"has-post-thumbnail","6":"product_cat-cadeaubon","7":"product_cat-toeristische-routes","9":"first","10":"instock","11":"taxable","12":"shipping-taxable","13":"purchasable","14":"product-type-variable","15":"has-default-attributes"},"acf":[],"yoast_head":"\n<title>De C\u00f4te Fleurie - HELIEVENEMENTS<\/title>\n<meta name=\"description\" content=\"Au d\u00e9part de l&#039;a\u00e9roport de Deauville, cette ballade en h\u00e9licopt\u00e8re vous permettra de longer cette c\u00f4te et d&#039;en appr\u00e9cier les beaux panoramas naturels ainsi que de profiter de jolies vues sur les stations baln\u00e9aires typiquement normandes\" \/>\n<meta name=\"robots\" content=\"index, follow, max-snippet:-1, max-image-preview:large, max-video-preview:-1\" \/>\n<link rel=\"canonical\" href=\"https:\/\/www.helievenements.com\/nl\/produit\/de-cote-fleurie\/\" \/>\n<meta property=\"og:locale\" content=\"nl_NL\" \/>\n<meta property=\"og:type\" content=\"article\" \/>\n<meta property=\"og:title\" content=\"De C\u00f4te Fleurie - HELIEVENEMENTS\" \/>\n<meta property=\"og:description\" content=\"Au d\u00e9part de l&#039;a\u00e9roport de Deauville, cette ballade en h\u00e9licopt\u00e8re vous permettra de longer cette c\u00f4te et d&#039;en appr\u00e9cier les beaux panoramas naturels ainsi que de profiter de jolies vues sur les stations baln\u00e9aires typiquement normandes\" \/>\n<meta property=\"og:url\" content=\"https:\/\/www.helievenements.com\/nl\/produit\/de-cote-fleurie\/\" \/>\n<meta property=\"og:site_name\" content=\"HELIEVENEMENTS\" \/>\n<meta property=\"article:modified_time\" content=\"2025-03-12T11:01:36+00:00\" \/>\n<meta property=\"og:image\" content=\"https:\/\/www.helievenements.com\/wp-content\/uploads\/La-c\u00f4te-Fleurie@H\u00e9li-Ev\u00e9nements-1-scaled.jpg\" \/>\n\t<meta property=\"og:image:width\" content=\"2560\" \/>\n\t<meta property=\"og:image:height\" content=\"1213\" \/>\n\t<meta property=\"og:image:type\" content=\"image\/jpeg\" \/>\n<meta name=\"twitter:card\" content=\"summary_large_image\" \/>\n<meta name=\"twitter:label1\" content=\"Geschatte leestijd\" \/>\n\t<meta name=\"twitter:data1\" content=\"1 minuut\" \/>\n<script type=\"application\/ld+json\" class=\"yoast-schema-graph\">{\"@context\":\"https:\\\/\\\/schema.org\",\"@graph\":[{\"@type\":\"WebPage\",\"@id\":\"https:\\\/\\\/www.helievenements.com\\\/nl\\\/produit\\\/de-cote-fleurie\\\/\",\"url\":\"https:\\\/\\\/www.helievenements.com\\\/nl\\\/produit\\\/de-cote-fleurie\\\/\",\"name\":\"De C\u00f4te Fleurie - HELIEVENEMENTS\",\"isPartOf\":{\"@id\":\"https:\\\/\\\/www.helievenements.com\\\/nl\\\/#website\"},\"primaryImageOfPage\":{\"@id\":\"https:\\\/\\\/www.helievenements.com\\\/nl\\\/produit\\\/de-cote-fleurie\\\/#primaryimage\"},\"image\":{\"@id\":\"https:\\\/\\\/www.helievenements.com\\\/nl\\\/produit\\\/de-cote-fleurie\\\/#primaryimage\"},\"thumbnailUrl\":\"https:\\\/\\\/www.helievenements.com\\\/wp-content\\\/uploads\\\/La-c\u00f4te-Fleurie@H\u00e9li-Ev\u00e9nements-1-scaled.jpg\",\"datePublished\":\"2017-09-14T20:16:46+00:00\",\"dateModified\":\"2025-03-12T11:01:36+00:00\",\"description\":\"Au d\u00e9part de l'a\u00e9roport de Deauville, cette ballade en h\u00e9licopt\u00e8re vous permettra de longer cette c\u00f4te et d'en appr\u00e9cier les beaux panoramas naturels ainsi que de profiter de jolies vues sur les stations baln\u00e9aires typiquement normandes\",\"breadcrumb\":{\"@id\":\"https:\\\/\\\/www.helievenements.com\\\/nl\\\/produit\\\/de-cote-fleurie\\\/#breadcrumb\"},\"inLanguage\":\"nl-NL\",\"potentialAction\":[{\"@type\":\"ReadAction\",\"target\":[\"https:\\\/\\\/www.helievenements.com\\\/nl\\\/produit\\\/de-cote-fleurie\\\/\"]}]},{\"@type\":\"ImageObject\",\"inLanguage\":\"nl-NL\",\"@id\":\"https:\\\/\\\/www.helievenements.com\\\/nl\\\/produit\\\/de-cote-fleurie\\\/#primaryimage\",\"url\":\"https:\\\/\\\/www.helievenements.com\\\/wp-content\\\/uploads\\\/La-c\u00f4te-Fleurie@H\u00e9li-Ev\u00e9nements-1-scaled.jpg\",\"contentUrl\":\"https:\\\/\\\/www.helievenements.com\\\/wp-content\\\/uploads\\\/La-c\u00f4te-Fleurie@H\u00e9li-Ev\u00e9nements-1-scaled.jpg\",\"width\":2560,\"height\":1213},{\"@type\":\"BreadcrumbList\",\"@id\":\"https:\\\/\\\/www.helievenements.com\\\/nl\\\/produit\\\/de-cote-fleurie\\\/#breadcrumb\",\"itemListElement\":[{\"@type\":\"ListItem\",\"position\":1,\"name\":\"Accueil\",\"item\":\"https:\\\/\\\/www.helievenements.com\\\/nl\\\/\"},{\"@type\":\"ListItem\",\"position\":2,\"name\":\"Winkel\",\"item\":\"https:\\\/\\\/www.helievenements.com\\\/nl\\\/winkel\\\/\"},{\"@type\":\"ListItem\",\"position\":3,\"name\":\"De C\u00f4te Fleurie\"}]},{\"@type\":\"WebSite\",\"@id\":\"https:\\\/\\\/www.helievenements.com\\\/nl\\\/#website\",\"url\":\"https:\\\/\\\/www.helievenements.com\\\/nl\\\/\",\"name\":\"HELIEVENEMENTS\",\"description\":\"\",\"potentialAction\":[{\"@type\":\"SearchAction\",\"target\":{\"@type\":\"EntryPoint\",\"urlTemplate\":\"https:\\\/\\\/www.helievenements.com\\\/nl\\\/?s={search_term_string}\"},\"query-input\":{\"@type\":\"PropertyValueSpecification\",\"valueRequired\":true,\"valueName\":\"search_term_string\"}}],\"inLanguage\":\"nl-NL\"}]}<\/script>\n","yoast_head_json":{"title":"De C\u00f4te Fleurie - HELIEVENEMENTS","description":"Au d\u00e9part de l'a\u00e9roport de Deauville, cette ballade en h\u00e9licopt\u00e8re vous permettra de longer cette c\u00f4te et d'en appr\u00e9cier les beaux panoramas naturels ainsi que de profiter de jolies vues sur les stations baln\u00e9aires typiquement normandes","robots":{"index":"index","follow":"follow","max-snippet":"max-snippet:-1","max-image-preview":"max-image-preview:large","max-video-preview":"max-video-preview:-1"},"canonical":"https:\/\/www.helievenements.com\/nl\/produit\/de-cote-fleurie\/","og_locale":"nl_NL","og_type":"article","og_title":"De C\u00f4te Fleurie - HELIEVENEMENTS","og_description":"Au d\u00e9part de l'a\u00e9roport de Deauville, cette ballade en h\u00e9licopt\u00e8re vous permettra de longer cette c\u00f4te et d'en appr\u00e9cier les beaux panoramas naturels ainsi que de profiter de jolies vues sur les stations baln\u00e9aires typiquement normandes","og_url":"https:\/\/www.helievenements.com\/nl\/produit\/de-cote-fleurie\/","og_site_name":"HELIEVENEMENTS","article_modified_time":"2025-03-12T11:01:36+00:00","og_image":[{"width":2560,"height":1213,"url":"https:\/\/www.helievenements.com\/wp-content\/uploads\/La-c\u00f4te-Fleurie@H\u00e9li-Ev\u00e9nements-1-scaled.jpg","type":"image\/jpeg"}],"twitter_card":"summary_large_image","twitter_misc":{"Geschatte leestijd":"1 minuut"},"schema":{"@context":"https:\/\/schema.org","@graph":[{"@type":"WebPage","@id":"https:\/\/www.helievenements.com\/nl\/produit\/de-cote-fleurie\/","url":"https:\/\/www.helievenements.com\/nl\/produit\/de-cote-fleurie\/","name":"De C\u00f4te Fleurie - HELIEVENEMENTS","isPartOf":{"@id":"https:\/\/www.helievenements.com\/nl\/#website"},"primaryImageOfPage":{"@id":"https:\/\/www.helievenements.com\/nl\/produit\/de-cote-fleurie\/#primaryimage"},"image":{"@id":"https:\/\/www.helievenements.com\/nl\/produit\/de-cote-fleurie\/#primaryimage"},"thumbnailUrl":"https:\/\/www.helievenements.com\/wp-content\/uploads\/La-c\u00f4te-Fleurie@H\u00e9li-Ev\u00e9nements-1-scaled.jpg","datePublished":"2017-09-14T20:16:46+00:00","dateModified":"2025-03-12T11:01:36+00:00","description":"Au d\u00e9part de l'a\u00e9roport de Deauville, cette ballade en h\u00e9licopt\u00e8re vous permettra de longer cette c\u00f4te et d'en appr\u00e9cier les beaux panoramas naturels ainsi que de profiter de jolies vues sur les stations baln\u00e9aires typiquement normandes","breadcrumb":{"@id":"https:\/\/www.helievenements.com\/nl\/produit\/de-cote-fleurie\/#breadcrumb"},"inLanguage":"nl-NL","potentialAction":[{"@type":"ReadAction","target":["https:\/\/www.helievenements.com\/nl\/produit\/de-cote-fleurie\/"]}]},{"@type":"ImageObject","inLanguage":"nl-NL","@id":"https:\/\/www.helievenements.com\/nl\/produit\/de-cote-fleurie\/#primaryimage","url":"https:\/\/www.helievenements.com\/wp-content\/uploads\/La-c\u00f4te-Fleurie@H\u00e9li-Ev\u00e9nements-1-scaled.jpg","contentUrl":"https:\/\/www.helievenements.com\/wp-content\/uploads\/La-c\u00f4te-Fleurie@H\u00e9li-Ev\u00e9nements-1-scaled.jpg","width":2560,"height":1213},{"@type":"BreadcrumbList","@id":"https:\/\/www.helievenements.com\/nl\/produit\/de-cote-fleurie\/#breadcrumb","itemListElement":[{"@type":"ListItem","position":1,"name":"Accueil","item":"https:\/\/www.helievenements.com\/nl\/"},{"@type":"ListItem","position":2,"name":"Winkel","item":"https:\/\/www.helievenements.com\/nl\/winkel\/"},{"@type":"ListItem","position":3,"name":"De C\u00f4te Fleurie"}]},{"@type":"WebSite","@id":"https:\/\/www.helievenements.com\/nl\/#website","url":"https:\/\/www.helievenements.com\/nl\/","name":"HELIEVENEMENTS","description":"","potentialAction":[{"@type":"SearchAction","target":{"@type":"EntryPoint","urlTemplate":"https:\/\/www.helievenements.com\/nl\/?s={search_term_string}"},"query-input":{"@type":"PropertyValueSpecification","valueRequired":true,"valueName":"search_term_string"}}],"inLanguage":"nl-NL"}]}},"_links":{"self":[{"href":"https:\/\/www.helievenements.com\/nl\/wp-json\/wp\/v2\/product\/4254","targetHints":{"allow":["GET"]}}],"collection":[{"href":"https:\/\/www.helievenements.com\/nl\/wp-json\/wp\/v2\/product"}],"about":[{"href":"https:\/\/www.helievenements.com\/nl\/wp-json\/wp\/v2\/types\/product"}],"replies":[{"embeddable":true,"href":"https:\/\/www.helievenements.com\/nl\/wp-json\/wp\/v2\/comments?post=4254"}],"wp:featuredmedia":[{"embeddable":true,"href":"https:\/\/www.helievenements.com\/nl\/wp-json\/wp\/v2\/media\/3211"}],"wp:attachment":[{"href":"https:\/\/www.helievenements.com\/nl\/wp-json\/wp\/v2\/media?parent=4254"}],"wp:term":[{"taxonomy":"product_brand","embeddable":true,"href":"https:\/\/www.helievenements.com\/nl\/wp-json\/wp\/v2\/product_brand?post=4254"},{"taxonomy":"product_cat","embeddable":true,"href":"https:\/\/www.helievenements.com\/nl\/wp-json\/wp\/v2\/product_cat?post=4254"},{"taxonomy":"product_tag","embeddable":true,"href":"https:\/\/www.helievenements.com\/nl\/wp-json\/wp\/v2\/product_tag?post=4254"}],"curies":[{"name":"wp","href":"https:\/\/api.w.org\/{rel}","templated":true}]}}