{"id":4944,"date":"2026-02-17T10:52:01","date_gmt":"2026-02-17T10:52:01","guid":{"rendered":"https:\/\/www.helievenements.com\/werk-vanuit-de-lucht\/transport-de-colis-par-helicoptere-pour-les-professionnels\/"},"modified":"2026-02-18T19:48:47","modified_gmt":"2026-02-18T19:48:47","slug":"helikopter-transport","status":"publish","type":"page","link":"https:\/\/www.helievenements.com\/nl\/heliportage-media-fret\/helikopter-transport\/","title":{"rendered":"Helikopter transport"},"content":{"rendered":"\t\t<div data-elementor-type=\"wp-page\" data-elementor-id=\"4944\" class=\"elementor elementor-4944 elementor-4873\">\n\t\t\t\t<section class=\"elementor-element elementor-element-166ad10 section_title_page fond_sombre e-flex e-con-boxed e-con e-parent\" data-id=\"166ad10\" data-element_type=\"container\" data-e-type=\"container\" data-settings=\"{&quot;background_background&quot;:&quot;classic&quot;}\">\n\t\t\t\t\t<div class=\"e-con-inner\">\n\t\t\t\t<div class=\"elementor-element elementor-element-f516074 elementor-widget elementor-widget-heading\" data-id=\"f516074\" data-element_type=\"widget\" data-e-type=\"widget\" data-widget_type=\"heading.default\">\n\t\t\t\t\t<h1 class=\"elementor-heading-title elementor-size-default\">Helikopter transport<\/h1>\t\t\t\t<\/div>\n\t\t\t\t\t<\/div>\n\t\t\t\t<\/section>\n\t\t<div class=\"elementor-element elementor-element-ee74893 e-flex e-con-boxed e-con e-parent\" data-id=\"ee74893\" data-element_type=\"container\" data-e-type=\"container\">\n\t\t\t\t\t<div class=\"e-con-inner\">\n\t\t<div class=\"elementor-element elementor-element-e46280e e-con-full e-flex e-con e-child\" data-id=\"e46280e\" data-element_type=\"container\" data-e-type=\"container\">\n\t\t\t\t<div class=\"elementor-element elementor-element-4c94275 galerie_helie elementor-arrows-position-inside elementor-widget elementor-widget-image-carousel\" data-id=\"4c94275\" data-element_type=\"widget\" data-e-type=\"widget\" data-settings=\"{&quot;slides_to_show&quot;:&quot;1&quot;,&quot;navigation&quot;:&quot;arrows&quot;,&quot;autoplay_speed&quot;:4000,&quot;autoplay&quot;:&quot;yes&quot;,&quot;pause_on_hover&quot;:&quot;yes&quot;,&quot;pause_on_interaction&quot;:&quot;yes&quot;,&quot;infinite&quot;:&quot;yes&quot;,&quot;effect&quot;:&quot;slide&quot;,&quot;speed&quot;:500}\" data-widget_type=\"image-carousel.default\">\n\t\t\t\t\t\t\t<div class=\"elementor-image-carousel-wrapper swiper\" role=\"region\" aria-roledescription=\"carousel\" aria-label=\"Carrousel d\u2019images\" dir=\"ltr\">\n\t\t\t<div class=\"elementor-image-carousel swiper-wrapper swiper-image-stretch\" aria-live=\"off\">\n\t\t\t\t\t\t\t\t<div class=\"swiper-slide\" role=\"group\" aria-roledescription=\"slide\" aria-label=\"1 van 3\"><a data-elementor-open-lightbox=\"yes\" data-elementor-lightbox-slideshow=\"4c94275\" data-elementor-lightbox-title=\"transport-de-colis-par-helicoptere\" data-e-action-hash=\"#elementor-action%3Aaction%3Dlightbox%26settings%3DeyJpZCI6NDY5NiwidXJsIjoiaHR0cHM6XC9cL3d3dy5oZWxpZXZlbmVtZW50cy5jb21cL3dwLWNvbnRlbnRcL3VwbG9hZHNcL3RyYW5zcG9ydC1kZS1jb2xpcy1wYXItaGVsaWNvcHRlcmUuanBnIiwic2xpZGVzaG93IjoiNGM5NDI3NSJ9\" href=\"https:\/\/www.helievenements.com\/wp-content\/uploads\/transport-de-colis-par-helicoptere.jpg\"><figure class=\"swiper-slide-inner\"><img decoding=\"async\" class=\"swiper-slide-image\" src=\"https:\/\/www.helievenements.com\/wp-content\/uploads\/transport-de-colis-par-helicoptere.jpg\" alt=\"transport de colis par helicoptere\" \/><\/figure><\/a><\/div><div class=\"swiper-slide\" role=\"group\" aria-roledescription=\"slide\" aria-label=\"2 van 3\"><a data-elementor-open-lightbox=\"yes\" data-elementor-lightbox-slideshow=\"4c94275\" data-elementor-lightbox-title=\"Fret urgent\" data-e-action-hash=\"#elementor-action%3Aaction%3Dlightbox%26settings%3DeyJpZCI6MzA0NSwidXJsIjoiaHR0cHM6XC9cL3d3dy5oZWxpZXZlbmVtZW50cy5jb21cL3dwLWNvbnRlbnRcL3VwbG9hZHNcL0ZyZXQtdXJnZW50LTEuanBnIiwic2xpZGVzaG93IjoiNGM5NDI3NSJ9\" href=\"https:\/\/www.helievenements.com\/wp-content\/uploads\/Fret-urgent-1.jpg\"><figure class=\"swiper-slide-inner\"><img decoding=\"async\" class=\"swiper-slide-image\" src=\"https:\/\/www.helievenements.com\/wp-content\/uploads\/Fret-urgent-1.jpg\" alt=\"Fret urgent\" \/><\/figure><\/a><\/div><div class=\"swiper-slide\" role=\"group\" aria-roledescription=\"slide\" aria-label=\"3 van 3\"><a data-elementor-open-lightbox=\"yes\" data-elementor-lightbox-slideshow=\"4c94275\" data-elementor-lightbox-title=\"Fret urgent carton\" data-e-action-hash=\"#elementor-action%3Aaction%3Dlightbox%26settings%3DeyJpZCI6MzA0NywidXJsIjoiaHR0cHM6XC9cL3d3dy5oZWxpZXZlbmVtZW50cy5jb21cL3dwLWNvbnRlbnRcL3VwbG9hZHNcL0ZyZXQtY2FydG9uLmpwZyIsInNsaWRlc2hvdyI6IjRjOTQyNzUifQ%3D%3D\" href=\"https:\/\/www.helievenements.com\/wp-content\/uploads\/Fret-carton.jpg\"><figure class=\"swiper-slide-inner\"><img decoding=\"async\" class=\"swiper-slide-image\" src=\"https:\/\/www.helievenements.com\/wp-content\/uploads\/Fret-carton-768x576.jpg\" alt=\"Fret urgent carton\" \/><\/figure><\/a><\/div>\t\t\t<\/div>\n\t\t\t\t\t\t\t\t\t\t\t\t<div class=\"elementor-swiper-button elementor-swiper-button-prev\" role=\"button\" tabindex=\"0\">\n\t\t\t\t\t\t<svg aria-hidden=\"true\" class=\"e-font-icon-svg e-eicon-chevron-left\" viewBox=\"0 0 1000 1000\" xmlns=\"http:\/\/www.w3.org\/2000\/svg\"><path d=\"M646 125C629 125 613 133 604 142L308 442C296 454 292 471 292 487 292 504 296 521 308 533L604 854C617 867 629 875 646 875 663 875 679 871 692 858 704 846 713 829 713 812 713 796 708 779 692 767L438 487 692 225C700 217 708 204 708 187 708 171 704 154 692 142 675 129 663 125 646 125Z\"><\/path><\/svg>\t\t\t\t\t<\/div>\n\t\t\t\t\t<div class=\"elementor-swiper-button elementor-swiper-button-next\" role=\"button\" tabindex=\"0\">\n\t\t\t\t\t\t<svg aria-hidden=\"true\" class=\"e-font-icon-svg e-eicon-chevron-right\" viewBox=\"0 0 1000 1000\" xmlns=\"http:\/\/www.w3.org\/2000\/svg\"><path d=\"M696 533C708 521 713 504 713 487 713 471 708 454 696 446L400 146C388 133 375 125 354 125 338 125 325 129 313 142 300 154 292 171 292 187 292 204 296 221 308 233L563 492 304 771C292 783 288 800 288 817 288 833 296 850 308 863 321 871 338 875 354 875 371 875 388 867 400 854L696 533Z\"><\/path><\/svg>\t\t\t\t\t<\/div>\n\t\t\t\t\n\t\t\t\t\t\t\t\t\t<\/div>\n\t\t\t\t\t\t<\/div>\n\t\t\t\t<\/div>\n\t\t<div class=\"elementor-element elementor-element-ac84a94 e-con-full e-flex e-con e-child\" data-id=\"ac84a94\" data-element_type=\"container\" data-e-type=\"container\">\n\t\t\t\t<div class=\"elementor-element elementor-element-e140196 elementor-widget elementor-widget-text-editor\" data-id=\"e140196\" data-element_type=\"widget\" data-e-type=\"widget\" data-widget_type=\"text-editor.default\">\n\t\t\t\t\t\t\t\t\t<p>Wanneer klassieke leveringsoplossingen niet meer volstaan, biedt het vervoer van pakketten per helikopter een snelle en betrouwbare oplossing. H\u00e9li \u00c9v\u00e9nements biedt deze gespecialiseerde dienst aan professionals aan om de continu\u00efteit van hun activiteiten te verzekeren en hun logistiek te beveiligen.<\/p>\t\t\t\t\t\t\t\t<\/div>\n\t\t\t\t<\/div>\n\t\t\t\t\t<\/div>\n\t\t\t\t<\/div>\n\t\t<div class=\"elementor-element elementor-element-2a86c1f e-flex e-con-boxed e-con e-parent\" data-id=\"2a86c1f\" data-element_type=\"container\" data-e-type=\"container\">\n\t\t\t\t\t<div class=\"e-con-inner\">\n\t\t<div class=\"elementor-element elementor-element-eccc13a e-con-full e-flex e-con e-child\" data-id=\"eccc13a\" data-element_type=\"container\" data-e-type=\"container\">\n\t\t\t\t<div class=\"elementor-element elementor-element-5e0c5f5 elementor-widget elementor-widget-text-editor\" data-id=\"5e0c5f5\" data-element_type=\"widget\" data-e-type=\"widget\" data-widget_type=\"text-editor.default\">\n\t\t\t\t\t\t\t\t\t<h2>De helikopter voor het vervoer van uw pakketten<\/h2><p>Weg- of spoorvervoer biedt niet altijd de nodige flexibiliteit om aan dringende logistieke vereisten te voldoen. Files, strakke tijdschema&#8217;s of onvoorziene vertragingen kunnen bedrijven met krappe deadlines in moeilijkheden brengen. In sommige gevallen kan dit zelfs de hele productie blokkeren en financi\u00eble verliezen veroorzaken.<\/p><p>Met het vervoer van pakketten per helikopter kunnen deze beperkingen worden omzeild. Het luchtvervoer zorgt voor een directe levering en maakt het mogelijk om uw goederen snel af te leveren waar ze worden verwacht. Deze aanpak is een echt concurrentievoordeel voor professionals die hun organisatie willen beveiligen en onderbrekingen in hun activiteiten willen voorkomen.<\/p>\t\t\t\t\t\t\t\t<\/div>\n\t\t\t\t<\/div>\n\t\t<div class=\"elementor-element elementor-element-37349ad e-con-full e-flex e-con e-child\" data-id=\"37349ad\" data-element_type=\"container\" data-e-type=\"container\">\n\t\t\t\t<div class=\"elementor-element elementor-element-a013c05 elementor-widget elementor-widget-image\" data-id=\"a013c05\" data-element_type=\"widget\" data-e-type=\"widget\" data-widget_type=\"image.default\">\n\t\t\t\t\t\t\t\t\t\t\t\t\t\t\t\t<a href=\"https:\/\/www.helievenements.com\/wp-content\/uploads\/Fret-carton.jpg\" data-elementor-open-lightbox=\"yes\" data-elementor-lightbox-title=\"Fret urgent carton\" data-e-action-hash=\"#elementor-action%3Aaction%3Dlightbox%26settings%3DeyJpZCI6MzA0NywidXJsIjoiaHR0cHM6XC9cL3d3dy5oZWxpZXZlbmVtZW50cy5jb21cL3dwLWNvbnRlbnRcL3VwbG9hZHNcL0ZyZXQtY2FydG9uLmpwZyJ9\">\n\t\t\t\t\t\t\t<img fetchpriority=\"high\" decoding=\"async\" width=\"640\" height=\"480\" src=\"https:\/\/www.helievenements.com\/wp-content\/uploads\/Fret-carton-768x576.jpg\" class=\"attachment-medium_large size-medium_large wp-image-3047\" alt=\"\" srcset=\"https:\/\/www.helievenements.com\/wp-content\/uploads\/Fret-carton-768x576.jpg 768w, https:\/\/www.helievenements.com\/wp-content\/uploads\/Fret-carton-300x225.jpg 300w, https:\/\/www.helievenements.com\/wp-content\/uploads\/Fret-carton-600x450.jpg 600w, https:\/\/www.helievenements.com\/wp-content\/uploads\/Fret-carton-1024x768.jpg 1024w, https:\/\/www.helievenements.com\/wp-content\/uploads\/Fret-carton.jpg 1200w\" sizes=\"(max-width: 640px) 100vw, 640px\" \/>\t\t\t\t\t\t\t\t<\/a>\n\t\t\t\t\t\t\t\t\t\t\t\t\t\t\t<\/div>\n\t\t\t\t<\/div>\n\t\t\t\t\t<\/div>\n\t\t\t\t<\/div>\n\t\t<div class=\"elementor-element elementor-element-b3391a0 e-flex e-con-boxed e-con e-parent\" data-id=\"b3391a0\" data-element_type=\"container\" data-e-type=\"container\">\n\t\t\t\t\t<div class=\"e-con-inner\">\n\t\t<div class=\"elementor-element elementor-element-acc4c83 e-con-full e-flex e-con e-child\" data-id=\"acc4c83\" data-element_type=\"container\" data-e-type=\"container\">\n\t\t\t\t<div class=\"elementor-element elementor-element-eb520de elementor-widget elementor-widget-text-editor\" data-id=\"eb520de\" data-element_type=\"widget\" data-e-type=\"widget\" data-widget_type=\"text-editor.default\">\n\t\t\t\t\t\t\t\t\t<h2>H\u00e9li \u00c9v\u00e9nements, specialist in transport in Normandi\u00eb<\/h2><h3>Een service op maat<\/h3><p>Elke opdracht wordt bestudeerd op basis van de kenmerken van het pakket en de operationele beperkingen. Ons team houdt rekening met de te vervoeren lading, de bestemming en de gewenste deadlines om een passende oplossing te bieden. Het doel: een effici\u00ebnte, betrouwbare service bieden die perfect is afgestemd op de wensen van onze klanten. Afhankelijk van het type levering kan de planning specifieke voorbereidingen omvatten, bijvoorbeeld bij het vervoer van een essentieel mechanisch onderdeel naar een bouwplaats of een partij belangrijke documenten.<\/p>\t\t\t\t\t\t\t\t<\/div>\n\t\t\t\t<\/div>\n\t\t<div class=\"elementor-element elementor-element-975d21a e-con-full e-flex e-con e-child\" data-id=\"975d21a\" data-element_type=\"container\" data-e-type=\"container\">\n\t\t\t\t<div class=\"elementor-element elementor-element-c1f2bb7 elementor-widget elementor-widget-image\" data-id=\"c1f2bb7\" data-element_type=\"widget\" data-e-type=\"widget\" data-widget_type=\"image.default\">\n\t\t\t\t\t\t\t\t\t\t\t\t\t\t\t\t<a href=\"https:\/\/www.helievenements.com\/wp-content\/uploads\/Fret-urgent-1.jpg\" data-elementor-open-lightbox=\"yes\" data-elementor-lightbox-title=\"Fret urgent\" data-e-action-hash=\"#elementor-action%3Aaction%3Dlightbox%26settings%3DeyJpZCI6MzA0NSwidXJsIjoiaHR0cHM6XC9cL3d3dy5oZWxpZXZlbmVtZW50cy5jb21cL3dwLWNvbnRlbnRcL3VwbG9hZHNcL0ZyZXQtdXJnZW50LTEuanBnIn0%3D\">\n\t\t\t\t\t\t\t<img decoding=\"async\" width=\"640\" height=\"853\" src=\"https:\/\/www.helievenements.com\/wp-content\/uploads\/Fret-urgent-1.jpg\" class=\"attachment-medium_large size-medium_large wp-image-3045\" alt=\"\" srcset=\"https:\/\/www.helievenements.com\/wp-content\/uploads\/Fret-urgent-1.jpg 640w, https:\/\/www.helievenements.com\/wp-content\/uploads\/Fret-urgent-1-300x400.jpg 300w, https:\/\/www.helievenements.com\/wp-content\/uploads\/Fret-urgent-1-450x600.jpg 450w, https:\/\/www.helievenements.com\/wp-content\/uploads\/Fret-urgent-1-600x800.jpg 600w, https:\/\/www.helievenements.com\/wp-content\/uploads\/Fret-urgent-1-225x300.jpg 225w\" sizes=\"(max-width: 640px) 100vw, 640px\" \/>\t\t\t\t\t\t\t\t<\/a>\n\t\t\t\t\t\t\t\t\t\t\t\t\t\t\t<\/div>\n\t\t\t\t<\/div>\n\t\t\t\t\t<\/div>\n\t\t\t\t<\/div>\n\t\t<div class=\"elementor-element elementor-element-8f4f451 e-flex e-con-boxed e-con e-parent\" data-id=\"8f4f451\" data-element_type=\"container\" data-e-type=\"container\">\n\t\t\t\t\t<div class=\"e-con-inner\">\n\t\t\t\t<div class=\"elementor-element elementor-element-96c2daf elementor-widget elementor-widget-text-editor\" data-id=\"96c2daf\" data-element_type=\"widget\" data-e-type=\"widget\" data-widget_type=\"text-editor.default\">\n\t\t\t\t\t\t\t\t\t<h2>De voordelen van pakketvervoer per helikopter<\/h2><h3>Snelheid en reactievermogen<\/h3><p>Het belangrijkste voordeel van de helikopter is zijn snelheid. Hij maakt het mogelijk om onmiddellijk te reageren op een logistieke vraag en de transporttijd aanzienlijk te verkorten. Dit reactievermogen is een garantie voor bedrijven die te maken hebben met kritieke situaties, zoals de levering van dringende goederen of de installatie van een technisch systeem waarvoor een essentieel onderdeel nodig is.<\/p><h3>Betrouwbaarheid en veiligheid<\/h3><p>Bij H\u00e9li \u00c9v\u00e9nements worden pakketten op professionele wijze behandeld. Ons toestel wordt onderhouden volgens de geldende luchtvaartnormen. Elke levering wordt nauwkeurig georganiseerd om volledige betrouwbaarheid en optimale veiligheid te garanderen.<\/p><h2>Een lokale partner voor uw vrachtbehoeften<\/h2><h3>Aanwezigheid in Normandi\u00eb<\/h3><p>Onze helikopter kan vanaf verschillende bases in Normandi\u00eb opstijgen, waardoor we snel in de hele regio kunnen reageren. Bedrijven in Caen, Rouen, Deauville en omliggende steden kunnen zo rekenen op een lokale, responsieve en beschikbare partner.<\/p><h3>Volledige begeleiding<\/h3><p>H\u00e9li \u00c9v\u00e9nements biedt meer dan alleen transport, maar ook echte begeleiding. Vanaf het eerste contact tot de uiteindelijke levering wordt elke stap begeleid om een duidelijke, transparante en effici\u00ebnte service te garanderen. Elke opdracht is uniek: een spoedzending in verband met een bouwproject, een vertrouwelijk pakket voor een directie of een eenmalige logistieke montage&#8230; In alle gevallen bieden wij oplossingen om de continu\u00efteit van uw activiteiten te waarborgen.<\/p>\t\t\t\t\t\t\t\t<\/div>\n\t\t\t\t<div class=\"elementor-element elementor-element-a616e2a elementor-widget elementor-widget-text-editor\" data-id=\"a616e2a\" data-element_type=\"widget\" data-e-type=\"widget\" data-widget_type=\"text-editor.default\">\n\t\t\t\t\t\t\t\t\t<h2>Moet u een pakket vervoeren? Neem contact met ons op!<\/h2><p>Het vervoer van pakketten per helikopter is een moderne en effici\u00ebnte oplossing voor uw logistieke behoeften.<\/p><p>Door uw zendingen aan ons toe te vertrouwen, kiest u voor veiligheid en snelheid. Deze dienst is een echte troef om uw activiteiten voort te zetten en effici\u00ebnt aan uw leveringsvereisten te voldoen.<\/p>\t\t\t\t\t\t\t\t<\/div>\n\t\t\t\t<div class=\"elementor-element elementor-element-c8311c5 elementor-widget elementor-widget-button\" data-id=\"c8311c5\" data-element_type=\"widget\" data-e-type=\"widget\" data-widget_type=\"button.default\">\n\t\t\t\t\t\t\t\t\t\t<a class=\"elementor-button elementor-button-link elementor-size-sm\" href=\"https:\/\/www.helievenements.com\/nl\/contact\/\">\n\t\t\t\t\t\t<span class=\"elementor-button-content-wrapper\">\n\t\t\t\t\t\t\t\t\t<span class=\"elementor-button-text\">NEEM CONTACT MET ONS OP <\/span>\n\t\t\t\t\t<\/span>\n\t\t\t\t\t<\/a>\n\t\t\t\t\t\t\t\t<\/div>\n\t\t\t\t\t<\/div>\n\t\t\t\t<\/div>\n\t\t\t\t<\/div>\n\t\t","protected":false},"excerpt":{"rendered":"<p>Helikopter transport Wanneer klassieke leveringsoplossingen niet meer volstaan, biedt het vervoer van pakketten per helikopter een snelle en betrouwbare oplossing. H\u00e9li \u00c9v\u00e9nements biedt deze gespecialiseerde dienst aan professionals aan om de continu\u00efteit van hun activiteiten te verzekeren en hun logistiek te beveiligen. De helikopter voor het vervoer van uw pakketten Weg- of spoorvervoer biedt niet [&hellip;]<\/p>\n","protected":false},"author":3,"featured_media":4696,"parent":4882,"menu_order":0,"comment_status":"closed","ping_status":"closed","template":"elementor_header_footer","meta":{"_acf_changed":false,"footnotes":""},"class_list":["post-4944","page","type-page","status-publish","has-post-thumbnail","hentry"],"acf":[],"yoast_head":"\n<title>Helikopter transport - HELIEVENEMENTS<\/title>\n<meta name=\"description\" content=\"Pakketbezorging per helikopter garandeert snelheid, veiligheid en effici\u00ebntie voor uw spoedleveringen, in Rouen en in heel Normandi\u00eb.\" \/>\n<meta name=\"robots\" content=\"index, follow, max-snippet:-1, max-image-preview:large, max-video-preview:-1\" \/>\n<link rel=\"canonical\" href=\"https:\/\/www.helievenements.com\/nl\/heliportage-media-fret\/helikopter-transport\/\" \/>\n<meta property=\"og:locale\" content=\"nl_NL\" \/>\n<meta property=\"og:type\" content=\"article\" \/>\n<meta property=\"og:title\" content=\"Helikopter transport - HELIEVENEMENTS\" \/>\n<meta property=\"og:description\" content=\"Pakketbezorging per helikopter garandeert snelheid, veiligheid en effici\u00ebntie voor uw spoedleveringen, in Rouen en in heel Normandi\u00eb.\" \/>\n<meta property=\"og:url\" content=\"https:\/\/www.helievenements.com\/nl\/heliportage-media-fret\/helikopter-transport\/\" \/>\n<meta property=\"og:site_name\" content=\"HELIEVENEMENTS\" \/>\n<meta property=\"article:modified_time\" content=\"2026-02-18T19:48:47+00:00\" \/>\n<meta property=\"og:image\" content=\"https:\/\/www.helievenements.com\/wp-content\/uploads\/transport-de-colis-par-helicoptere.jpg\" \/>\n\t<meta property=\"og:image:width\" content=\"559\" \/>\n\t<meta property=\"og:image:height\" content=\"385\" \/>\n\t<meta property=\"og:image:type\" content=\"image\/jpeg\" \/>\n<meta name=\"twitter:card\" content=\"summary_large_image\" \/>\n<meta name=\"twitter:label1\" content=\"Geschatte leestijd\" \/>\n\t<meta name=\"twitter:data1\" content=\"4 minuten\" \/>\n<script type=\"application\/ld+json\" class=\"yoast-schema-graph\">{\"@context\":\"https:\\\/\\\/schema.org\",\"@graph\":[{\"@type\":\"WebPage\",\"@id\":\"https:\\\/\\\/www.helievenements.com\\\/nl\\\/heliportage-media-fret\\\/helikopter-transport\\\/\",\"url\":\"https:\\\/\\\/www.helievenements.com\\\/nl\\\/heliportage-media-fret\\\/helikopter-transport\\\/\",\"name\":\"Helikopter transport - HELIEVENEMENTS\",\"isPartOf\":{\"@id\":\"https:\\\/\\\/www.helievenements.com\\\/nl\\\/#website\"},\"primaryImageOfPage\":{\"@id\":\"https:\\\/\\\/www.helievenements.com\\\/nl\\\/heliportage-media-fret\\\/helikopter-transport\\\/#primaryimage\"},\"image\":{\"@id\":\"https:\\\/\\\/www.helievenements.com\\\/nl\\\/heliportage-media-fret\\\/helikopter-transport\\\/#primaryimage\"},\"thumbnailUrl\":\"https:\\\/\\\/www.helievenements.com\\\/wp-content\\\/uploads\\\/transport-de-colis-par-helicoptere.jpg\",\"datePublished\":\"2026-02-17T10:52:01+00:00\",\"dateModified\":\"2026-02-18T19:48:47+00:00\",\"description\":\"Pakketbezorging per helikopter garandeert snelheid, veiligheid en effici\u00ebntie voor uw spoedleveringen, in Rouen en in heel Normandi\u00eb.\",\"breadcrumb\":{\"@id\":\"https:\\\/\\\/www.helievenements.com\\\/nl\\\/heliportage-media-fret\\\/helikopter-transport\\\/#breadcrumb\"},\"inLanguage\":\"nl-NL\",\"potentialAction\":[{\"@type\":\"ReadAction\",\"target\":[\"https:\\\/\\\/www.helievenements.com\\\/nl\\\/heliportage-media-fret\\\/helikopter-transport\\\/\"]}]},{\"@type\":\"ImageObject\",\"inLanguage\":\"nl-NL\",\"@id\":\"https:\\\/\\\/www.helievenements.com\\\/nl\\\/heliportage-media-fret\\\/helikopter-transport\\\/#primaryimage\",\"url\":\"https:\\\/\\\/www.helievenements.com\\\/wp-content\\\/uploads\\\/transport-de-colis-par-helicoptere.jpg\",\"contentUrl\":\"https:\\\/\\\/www.helievenements.com\\\/wp-content\\\/uploads\\\/transport-de-colis-par-helicoptere.jpg\",\"width\":559,\"height\":385,\"caption\":\"transport de colis par helicoptere\"},{\"@type\":\"BreadcrumbList\",\"@id\":\"https:\\\/\\\/www.helievenements.com\\\/nl\\\/heliportage-media-fret\\\/helikopter-transport\\\/#breadcrumb\",\"itemListElement\":[{\"@type\":\"ListItem\",\"position\":1,\"name\":\"Accueil\",\"item\":\"https:\\\/\\\/www.helievenements.com\\\/nl\\\/\"},{\"@type\":\"ListItem\",\"position\":2,\"name\":\"H\u00e9liportage &#8211; M\u00e9dia &#8211; Fret\",\"item\":\"https:\\\/\\\/www.helievenements.com\\\/nl\\\/heliportage-media-fret\\\/\"},{\"@type\":\"ListItem\",\"position\":3,\"name\":\"Helikopter transport\"}]},{\"@type\":\"WebSite\",\"@id\":\"https:\\\/\\\/www.helievenements.com\\\/nl\\\/#website\",\"url\":\"https:\\\/\\\/www.helievenements.com\\\/nl\\\/\",\"name\":\"HELIEVENEMENTS\",\"description\":\"\",\"potentialAction\":[{\"@type\":\"SearchAction\",\"target\":{\"@type\":\"EntryPoint\",\"urlTemplate\":\"https:\\\/\\\/www.helievenements.com\\\/nl\\\/?s={search_term_string}\"},\"query-input\":{\"@type\":\"PropertyValueSpecification\",\"valueRequired\":true,\"valueName\":\"search_term_string\"}}],\"inLanguage\":\"nl-NL\"}]}<\/script>\n","yoast_head_json":{"title":"Helikopter transport - HELIEVENEMENTS","description":"Pakketbezorging per helikopter garandeert snelheid, veiligheid en effici\u00ebntie voor uw spoedleveringen, in Rouen en in heel Normandi\u00eb.","robots":{"index":"index","follow":"follow","max-snippet":"max-snippet:-1","max-image-preview":"max-image-preview:large","max-video-preview":"max-video-preview:-1"},"canonical":"https:\/\/www.helievenements.com\/nl\/heliportage-media-fret\/helikopter-transport\/","og_locale":"nl_NL","og_type":"article","og_title":"Helikopter transport - HELIEVENEMENTS","og_description":"Pakketbezorging per helikopter garandeert snelheid, veiligheid en effici\u00ebntie voor uw spoedleveringen, in Rouen en in heel Normandi\u00eb.","og_url":"https:\/\/www.helievenements.com\/nl\/heliportage-media-fret\/helikopter-transport\/","og_site_name":"HELIEVENEMENTS","article_modified_time":"2026-02-18T19:48:47+00:00","og_image":[{"width":559,"height":385,"url":"https:\/\/www.helievenements.com\/wp-content\/uploads\/transport-de-colis-par-helicoptere.jpg","type":"image\/jpeg"}],"twitter_card":"summary_large_image","twitter_misc":{"Geschatte leestijd":"4 minuten"},"schema":{"@context":"https:\/\/schema.org","@graph":[{"@type":"WebPage","@id":"https:\/\/www.helievenements.com\/nl\/heliportage-media-fret\/helikopter-transport\/","url":"https:\/\/www.helievenements.com\/nl\/heliportage-media-fret\/helikopter-transport\/","name":"Helikopter transport - HELIEVENEMENTS","isPartOf":{"@id":"https:\/\/www.helievenements.com\/nl\/#website"},"primaryImageOfPage":{"@id":"https:\/\/www.helievenements.com\/nl\/heliportage-media-fret\/helikopter-transport\/#primaryimage"},"image":{"@id":"https:\/\/www.helievenements.com\/nl\/heliportage-media-fret\/helikopter-transport\/#primaryimage"},"thumbnailUrl":"https:\/\/www.helievenements.com\/wp-content\/uploads\/transport-de-colis-par-helicoptere.jpg","datePublished":"2026-02-17T10:52:01+00:00","dateModified":"2026-02-18T19:48:47+00:00","description":"Pakketbezorging per helikopter garandeert snelheid, veiligheid en effici\u00ebntie voor uw spoedleveringen, in Rouen en in heel Normandi\u00eb.","breadcrumb":{"@id":"https:\/\/www.helievenements.com\/nl\/heliportage-media-fret\/helikopter-transport\/#breadcrumb"},"inLanguage":"nl-NL","potentialAction":[{"@type":"ReadAction","target":["https:\/\/www.helievenements.com\/nl\/heliportage-media-fret\/helikopter-transport\/"]}]},{"@type":"ImageObject","inLanguage":"nl-NL","@id":"https:\/\/www.helievenements.com\/nl\/heliportage-media-fret\/helikopter-transport\/#primaryimage","url":"https:\/\/www.helievenements.com\/wp-content\/uploads\/transport-de-colis-par-helicoptere.jpg","contentUrl":"https:\/\/www.helievenements.com\/wp-content\/uploads\/transport-de-colis-par-helicoptere.jpg","width":559,"height":385,"caption":"transport de colis par helicoptere"},{"@type":"BreadcrumbList","@id":"https:\/\/www.helievenements.com\/nl\/heliportage-media-fret\/helikopter-transport\/#breadcrumb","itemListElement":[{"@type":"ListItem","position":1,"name":"Accueil","item":"https:\/\/www.helievenements.com\/nl\/"},{"@type":"ListItem","position":2,"name":"H\u00e9liportage &#8211; M\u00e9dia &#8211; Fret","item":"https:\/\/www.helievenements.com\/nl\/heliportage-media-fret\/"},{"@type":"ListItem","position":3,"name":"Helikopter transport"}]},{"@type":"WebSite","@id":"https:\/\/www.helievenements.com\/nl\/#website","url":"https:\/\/www.helievenements.com\/nl\/","name":"HELIEVENEMENTS","description":"","potentialAction":[{"@type":"SearchAction","target":{"@type":"EntryPoint","urlTemplate":"https:\/\/www.helievenements.com\/nl\/?s={search_term_string}"},"query-input":{"@type":"PropertyValueSpecification","valueRequired":true,"valueName":"search_term_string"}}],"inLanguage":"nl-NL"}]}},"_links":{"self":[{"href":"https:\/\/www.helievenements.com\/nl\/wp-json\/wp\/v2\/pages\/4944","targetHints":{"allow":["GET"]}}],"collection":[{"href":"https:\/\/www.helievenements.com\/nl\/wp-json\/wp\/v2\/pages"}],"about":[{"href":"https:\/\/www.helievenements.com\/nl\/wp-json\/wp\/v2\/types\/page"}],"author":[{"embeddable":true,"href":"https:\/\/www.helievenements.com\/nl\/wp-json\/wp\/v2\/users\/3"}],"replies":[{"embeddable":true,"href":"https:\/\/www.helievenements.com\/nl\/wp-json\/wp\/v2\/comments?post=4944"}],"version-history":[{"count":0,"href":"https:\/\/www.helievenements.com\/nl\/wp-json\/wp\/v2\/pages\/4944\/revisions"}],"up":[{"embeddable":true,"href":"https:\/\/www.helievenements.com\/nl\/wp-json\/wp\/v2\/pages\/4882"}],"wp:featuredmedia":[{"embeddable":true,"href":"https:\/\/www.helievenements.com\/nl\/wp-json\/wp\/v2\/media\/4696"}],"wp:attachment":[{"href":"https:\/\/www.helievenements.com\/nl\/wp-json\/wp\/v2\/media?parent=4944"}],"curies":[{"name":"wp","href":"https:\/\/api.w.org\/{rel}","templated":true}]}}