{"id":4882,"date":"2026-02-17T10:47:47","date_gmt":"2026-02-17T10:47:47","guid":{"rendered":"https:\/\/www.helievenements.com\/heliportage-media-fret\/"},"modified":"2026-04-17T20:19:39","modified_gmt":"2026-04-17T20:19:39","slug":"travail-aerien-fret","status":"publish","type":"page","link":"https:\/\/www.helievenements.com\/nl\/travail-aerien-fret\/","title":{"rendered":"Travail a\u00e9rien &#8211; Fret"},"content":{"rendered":"\t\t<div data-elementor-type=\"wp-page\" data-elementor-id=\"4882\" class=\"elementor elementor-4882 elementor-4871\">\n\t\t\t\t<section class=\"elementor-element elementor-element-5d99bc1 section_banner e-con-full e-flex e-con e-parent\" data-id=\"5d99bc1\" data-element_type=\"container\" data-e-type=\"container\" data-settings=\"{&quot;background_background&quot;:&quot;classic&quot;}\">\n\t\t\t\t<div class=\"elementor-element elementor-element-d5869ab elementor-widget elementor-widget-image\" data-id=\"d5869ab\" data-element_type=\"widget\" data-e-type=\"widget\" data-widget_type=\"image.default\">\n\t\t\t\t\t\t\t\t\t\t\t\t\t\t\t<img fetchpriority=\"high\" decoding=\"async\" width=\"2000\" height=\"290\" src=\"https:\/\/www.helievenements.com\/wp-content\/uploads\/Vol-montagne-9.jpg\" class=\"attachment-full size-full wp-image-3001\" alt=\"\" srcset=\"https:\/\/www.helievenements.com\/wp-content\/uploads\/Vol-montagne-9.jpg 2000w, https:\/\/www.helievenements.com\/wp-content\/uploads\/Vol-montagne-9-300x44.jpg 300w, https:\/\/www.helievenements.com\/wp-content\/uploads\/Vol-montagne-9-600x87.jpg 600w, https:\/\/www.helievenements.com\/wp-content\/uploads\/Vol-montagne-9-1024x148.jpg 1024w, https:\/\/www.helievenements.com\/wp-content\/uploads\/Vol-montagne-9-768x111.jpg 768w, https:\/\/www.helievenements.com\/wp-content\/uploads\/Vol-montagne-9-1536x223.jpg 1536w\" sizes=\"(max-width: 2000px) 100vw, 2000px\" \/>\t\t\t\t\t\t\t\t\t\t\t\t\t\t\t<\/div>\n\t\t\t\t<\/section>\n\t\t<div class=\"elementor-element elementor-element-80305aa single-porduct-info-wrapp e-flex e-con-boxed e-con e-parent\" data-id=\"80305aa\" data-element_type=\"container\" data-e-type=\"container\">\n\t\t\t\t\t<div class=\"e-con-inner\">\n\t\t\t\t<div class=\"elementor-element elementor-element-7048cd8 elementor-widget elementor-widget-heading\" data-id=\"7048cd8\" data-element_type=\"widget\" data-e-type=\"widget\" data-widget_type=\"heading.default\">\n\t\t\t\t\t<h1 class=\"elementor-heading-title elementor-size-default\">Travail a\u00e9rien - Fret<\/h1>\t\t\t\t<\/div>\n\t\t\t\t\t<\/div>\n\t\t\t\t<\/div>\n\t\t<div class=\"elementor-element elementor-element-c3c2db3 bg_white e-flex e-con-boxed e-con e-parent\" data-id=\"c3c2db3\" data-element_type=\"container\" data-e-type=\"container\">\n\t\t\t\t\t<div class=\"e-con-inner\">\n\t\t\t\t<div class=\"elementor-element elementor-element-287a45a elementor-widget elementor-widget-scl_boxes\" data-id=\"287a45a\" data-element_type=\"widget\" data-e-type=\"widget\" data-widget_type=\"scl_boxes.default\">\n\t\t\t\t<div class=\"elementor-widget-container\">\n\t\t\t\t\t        <div class=\"wrap_boxes woocommerce\">\n                            <ul class=\"products columns-4\">\n                                            <li class=\"product type-product status-publish has-post-thumbnail product_cat-travail first instock taxable shipping-taxable product-type-simple berocket_lmp_first_on_page\">\n                                                            <a href=\"https:\/\/www.helievenements.com\/travail-aerien-fret\/fret-urgent\/\" class=\"woocommerce-LoopProduct-link woocommerce-loop-product__link\">\n                                                                <div class=\"product-thumbnail-wrapp\">\n                                                                            <img fetchpriority=\"high\" fetchpriority=\"high\" width=\"559\" height=\"385\" src=\"https:\/\/www.helievenements.com\/wp-content\/uploads\/transport-de-colis-par-helicoptere.jpg\" class=\"attachment-400 size-400\" alt=\"\" decoding=\"async\" \/>\n                                                                                <h2 class=\"woocommerce-loop-product__title\">\n                                            Fret Urgent                                         <\/h2>\n                                                                        <\/div>\n                                                            <\/a>\n                                                            <div class=\"products-custom-fields-wrapp clearfix\"><\/div>\n                                                            <div class=\"short-description-wrapp\"><div class=\"woocommerce-product-details__short-description\"><p><strong>La solution logistique lorsque chaque minute compte\u00a0!<\/strong><\/p><p>Lorsque les transports classiques atteignent leurs limites, l\u2019h\u00e9licopt\u00e8re devient un outil logistique strat\u00e9gique.<\/p><p>Nous vous proposons un service, permettant l\u2019acheminement direct, rapide et s\u00e9curis\u00e9 de vos marchandises.<\/p><p>Sans contrainte de circulation, vous exp\u00e9diez, nous livrons.<\/p><\/div><\/div>\n                                                                <div class=\"discover_btn\">\n                            \t\t<a href=\"https:\/\/www.helievenements.com\/travail-aerien-fret\/fret-urgent\/\">\n                                        D\u00e9couvrir \n                                    <\/a>\n                            \t<\/div>\n                                 \n                            \n                        <\/li>\n                                                <li class=\"product type-product status-publish has-post-thumbnail product_cat-travail first instock taxable shipping-taxable product-type-simple berocket_lmp_first_on_page\">\n                                                            <a href=\"https:\/\/www.helievenements.com\/travail-aerien-fret\/levage-par-helicoptere\/\" class=\"woocommerce-LoopProduct-link woocommerce-loop-product__link\">\n                                                                <div class=\"product-thumbnail-wrapp\">\n                                                                            <img fetchpriority=\"high\" fetchpriority=\"high\" width=\"559\" height=\"385\" src=\"https:\/\/www.helievenements.com\/wp-content\/uploads\/helieve1.1-41-1.jpg\" class=\"attachment-400 size-400\" alt=\"\" decoding=\"async\" \/>\n                                                                                <h2 class=\"woocommerce-loop-product__title\">\n                                            Levage par h\u00e9licopt\u00e8re                                        <\/h2>\n                                                                        <\/div>\n                                                            <\/a>\n                                                            <div class=\"products-custom-fields-wrapp clearfix\"><\/div>\n                                                            <div class=\"short-description-wrapp\"><div class=\"woocommerce-product-details__short-description\"><p><strong>La solution lorsque l\u2019acc\u00e8s devient la contrainte\u00a0!<\/strong><\/p><p>En zone urbaine, en site industriel, en toiture, en milieu naturel ou en acc\u00e8s difficile, le\u00a0<strong>levage par h\u00e9licopt\u00e8re<\/strong>\u00a0s\u2019impose comme la solution la plus rapide, pr\u00e9cise et efficiente.<\/p><p>L\u00e0 o\u00f9 la grue devient complexe \u00e0 installer, co\u00fbteuse ou impossible \u00e0 positionner, l\u2019h\u00e9licopt\u00e8re intervient sans immobiliser le chantier.<\/p><\/div><\/div>\n                                                                <div class=\"discover_btn\">\n                            \t\t<a href=\"https:\/\/www.helievenements.com\/travail-aerien-fret\/levage-par-helicoptere\/\">\n                                        D\u00e9couvrir \n                                    <\/a>\n                            \t<\/div>\n                                 \n                            \n                        <\/li>\n                                                <li class=\"product type-product status-publish has-post-thumbnail product_cat-travail first instock taxable shipping-taxable product-type-simple berocket_lmp_first_on_page\">\n                                                            <a href=\"https:\/\/www.helievenements.com\/travail-aerien-fret\/prises-de-vues-aeriennes\/\" class=\"woocommerce-LoopProduct-link woocommerce-loop-product__link\">\n                                                                <div class=\"product-thumbnail-wrapp\">\n                                                                            <img fetchpriority=\"high\" fetchpriority=\"high\" width=\"559\" height=\"385\" src=\"https:\/\/www.helievenements.com\/wp-content\/uploads\/20251026_160125000_ios.webp\" class=\"attachment-400 size-400\" alt=\"\" decoding=\"async\" \/>\n                                                                                <h2 class=\"woocommerce-loop-product__title\">\n                                            Prises de Vues A\u00e9riennes                                        <\/h2>\n                                                                        <\/div>\n                                                            <\/a>\n                                                            <div class=\"products-custom-fields-wrapp clearfix\"><\/div>\n                                                            <div class=\"short-description-wrapp\"><div class=\"woocommerce-product-details__short-description\"><p>R\u00e9aliser des prises de vues depuis un h\u00e9licopt\u00e8re offre une libert\u00e9 de cadrage incomparable et des angles impossibles \u00e0 obtenir depuis le sol.<\/p><p>Reportage TV, film publicitaire, production cin\u00e9ma, photographie institutionnelle ou couverture d\u2019\u00e9v\u00e9nements sportifs : \u00ab Capturer des images spectaculaires avec pr\u00e9cision et fluidit\u00e9 \u00bb\u00a0<\/p><\/div><\/div>\n                                                                <div class=\"discover_btn\">\n                            \t\t<a href=\"https:\/\/www.helievenements.com\/travail-aerien-fret\/prises-de-vues-aeriennes\/\">\n                                        D\u00e9couvrir \n                                    <\/a>\n                            \t<\/div>\n                                 \n                            \n                        <\/li>\n                                        <\/ul>\n                        <\/div>\n        \t\t\t\t<\/div>\n\t\t\t\t<\/div>\n\t\t\t\t\t<\/div>\n\t\t\t\t<\/div>\n\t\t\t\t<\/div>\n\t\t","protected":false},"excerpt":{"rendered":"<p>Travail a\u00e9rien &#8211; Fret Fret Urgent La solution logistique lorsque chaque minute compte\u00a0! Lorsque les transports classiques atteignent leurs limites, l\u2019h\u00e9licopt\u00e8re devient un outil logistique strat\u00e9gique. Nous vous proposons un service, permettant l\u2019acheminement direct, rapide et s\u00e9curis\u00e9 de vos marchandises. Sans contrainte de circulation, vous exp\u00e9diez, nous livrons. D\u00e9couvrir Levage par h\u00e9licopt\u00e8re La solution lorsque [&hellip;]<\/p>\n","protected":false},"author":3,"featured_media":0,"parent":0,"menu_order":0,"comment_status":"closed","ping_status":"closed","template":"elementor_header_footer","meta":{"_acf_changed":false,"footnotes":""},"class_list":["post-4882","page","type-page","status-publish","hentry"],"acf":[],"yoast_head":"\n<title>Travail a\u00e9rien - Fret - HELIEVENEMENTS<\/title>\n<meta name=\"description\" content=\"H\u00e9liportage,levage de charge,roof-top\" \/>\n<meta name=\"robots\" content=\"index, follow, max-snippet:-1, max-image-preview:large, max-video-preview:-1\" \/>\n<link rel=\"canonical\" href=\"https:\/\/www.helievenements.com\/nl\/travail-aerien-fret\/\" \/>\n<meta property=\"og:locale\" content=\"nl_NL\" \/>\n<meta property=\"og:type\" content=\"article\" \/>\n<meta property=\"og:title\" content=\"Travail a\u00e9rien - Fret - HELIEVENEMENTS\" \/>\n<meta property=\"og:description\" content=\"H\u00e9liportage,levage de charge,roof-top\" \/>\n<meta property=\"og:url\" content=\"https:\/\/www.helievenements.com\/nl\/travail-aerien-fret\/\" \/>\n<meta property=\"og:site_name\" content=\"HELIEVENEMENTS\" \/>\n<meta property=\"article:modified_time\" content=\"2026-04-17T20:19:39+00:00\" \/>\n<meta property=\"og:image\" content=\"https:\/\/www.helievenements.com\/wp-content\/uploads\/Vol-montagne-9.jpg\" \/>\n\t<meta property=\"og:image:width\" content=\"2000\" \/>\n\t<meta property=\"og:image:height\" content=\"290\" \/>\n\t<meta property=\"og:image:type\" content=\"image\/jpeg\" \/>\n<meta name=\"twitter:card\" content=\"summary_large_image\" \/>\n<meta name=\"twitter:label1\" content=\"Geschatte leestijd\" \/>\n\t<meta name=\"twitter:data1\" content=\"2 minuten\" \/>\n<script type=\"application\/ld+json\" class=\"yoast-schema-graph\">{\"@context\":\"https:\\\/\\\/schema.org\",\"@graph\":[{\"@type\":\"WebPage\",\"@id\":\"https:\\\/\\\/www.helievenements.com\\\/nl\\\/travail-aerien-fret\\\/\",\"url\":\"https:\\\/\\\/www.helievenements.com\\\/nl\\\/travail-aerien-fret\\\/\",\"name\":\"Travail a\u00e9rien - Fret - HELIEVENEMENTS\",\"isPartOf\":{\"@id\":\"https:\\\/\\\/www.helievenements.com\\\/nl\\\/#website\"},\"primaryImageOfPage\":{\"@id\":\"https:\\\/\\\/www.helievenements.com\\\/nl\\\/travail-aerien-fret\\\/#primaryimage\"},\"image\":{\"@id\":\"https:\\\/\\\/www.helievenements.com\\\/nl\\\/travail-aerien-fret\\\/#primaryimage\"},\"thumbnailUrl\":\"https:\\\/\\\/www.helievenements.com\\\/wp-content\\\/uploads\\\/Vol-montagne-9.jpg\",\"datePublished\":\"2026-02-17T10:47:47+00:00\",\"dateModified\":\"2026-04-17T20:19:39+00:00\",\"description\":\"H\u00e9liportage,levage de charge,roof-top\",\"breadcrumb\":{\"@id\":\"https:\\\/\\\/www.helievenements.com\\\/nl\\\/travail-aerien-fret\\\/#breadcrumb\"},\"inLanguage\":\"nl-NL\",\"potentialAction\":[{\"@type\":\"ReadAction\",\"target\":[\"https:\\\/\\\/www.helievenements.com\\\/nl\\\/travail-aerien-fret\\\/\"]}]},{\"@type\":\"ImageObject\",\"inLanguage\":\"nl-NL\",\"@id\":\"https:\\\/\\\/www.helievenements.com\\\/nl\\\/travail-aerien-fret\\\/#primaryimage\",\"url\":\"https:\\\/\\\/www.helievenements.com\\\/wp-content\\\/uploads\\\/Vol-montagne-9.jpg\",\"contentUrl\":\"https:\\\/\\\/www.helievenements.com\\\/wp-content\\\/uploads\\\/Vol-montagne-9.jpg\"},{\"@type\":\"BreadcrumbList\",\"@id\":\"https:\\\/\\\/www.helievenements.com\\\/nl\\\/travail-aerien-fret\\\/#breadcrumb\",\"itemListElement\":[{\"@type\":\"ListItem\",\"position\":1,\"name\":\"Accueil\",\"item\":\"https:\\\/\\\/www.helievenements.com\\\/nl\\\/\"},{\"@type\":\"ListItem\",\"position\":2,\"name\":\"Travail a\u00e9rien &#8211; Fret\"}]},{\"@type\":\"WebSite\",\"@id\":\"https:\\\/\\\/www.helievenements.com\\\/nl\\\/#website\",\"url\":\"https:\\\/\\\/www.helievenements.com\\\/nl\\\/\",\"name\":\"HELIEVENEMENTS\",\"description\":\"\",\"potentialAction\":[{\"@type\":\"SearchAction\",\"target\":{\"@type\":\"EntryPoint\",\"urlTemplate\":\"https:\\\/\\\/www.helievenements.com\\\/nl\\\/?s={search_term_string}\"},\"query-input\":{\"@type\":\"PropertyValueSpecification\",\"valueRequired\":true,\"valueName\":\"search_term_string\"}}],\"inLanguage\":\"nl-NL\"}]}<\/script>\n","yoast_head_json":{"title":"Travail a\u00e9rien - Fret - HELIEVENEMENTS","description":"H\u00e9liportage,levage de charge,roof-top","robots":{"index":"index","follow":"follow","max-snippet":"max-snippet:-1","max-image-preview":"max-image-preview:large","max-video-preview":"max-video-preview:-1"},"canonical":"https:\/\/www.helievenements.com\/nl\/travail-aerien-fret\/","og_locale":"nl_NL","og_type":"article","og_title":"Travail a\u00e9rien - Fret - HELIEVENEMENTS","og_description":"H\u00e9liportage,levage de charge,roof-top","og_url":"https:\/\/www.helievenements.com\/nl\/travail-aerien-fret\/","og_site_name":"HELIEVENEMENTS","article_modified_time":"2026-04-17T20:19:39+00:00","og_image":[{"width":2000,"height":290,"url":"https:\/\/www.helievenements.com\/wp-content\/uploads\/Vol-montagne-9.jpg","type":"image\/jpeg"}],"twitter_card":"summary_large_image","twitter_misc":{"Geschatte leestijd":"2 minuten"},"schema":{"@context":"https:\/\/schema.org","@graph":[{"@type":"WebPage","@id":"https:\/\/www.helievenements.com\/nl\/travail-aerien-fret\/","url":"https:\/\/www.helievenements.com\/nl\/travail-aerien-fret\/","name":"Travail a\u00e9rien - Fret - HELIEVENEMENTS","isPartOf":{"@id":"https:\/\/www.helievenements.com\/nl\/#website"},"primaryImageOfPage":{"@id":"https:\/\/www.helievenements.com\/nl\/travail-aerien-fret\/#primaryimage"},"image":{"@id":"https:\/\/www.helievenements.com\/nl\/travail-aerien-fret\/#primaryimage"},"thumbnailUrl":"https:\/\/www.helievenements.com\/wp-content\/uploads\/Vol-montagne-9.jpg","datePublished":"2026-02-17T10:47:47+00:00","dateModified":"2026-04-17T20:19:39+00:00","description":"H\u00e9liportage,levage de charge,roof-top","breadcrumb":{"@id":"https:\/\/www.helievenements.com\/nl\/travail-aerien-fret\/#breadcrumb"},"inLanguage":"nl-NL","potentialAction":[{"@type":"ReadAction","target":["https:\/\/www.helievenements.com\/nl\/travail-aerien-fret\/"]}]},{"@type":"ImageObject","inLanguage":"nl-NL","@id":"https:\/\/www.helievenements.com\/nl\/travail-aerien-fret\/#primaryimage","url":"https:\/\/www.helievenements.com\/wp-content\/uploads\/Vol-montagne-9.jpg","contentUrl":"https:\/\/www.helievenements.com\/wp-content\/uploads\/Vol-montagne-9.jpg"},{"@type":"BreadcrumbList","@id":"https:\/\/www.helievenements.com\/nl\/travail-aerien-fret\/#breadcrumb","itemListElement":[{"@type":"ListItem","position":1,"name":"Accueil","item":"https:\/\/www.helievenements.com\/nl\/"},{"@type":"ListItem","position":2,"name":"Travail a\u00e9rien &#8211; Fret"}]},{"@type":"WebSite","@id":"https:\/\/www.helievenements.com\/nl\/#website","url":"https:\/\/www.helievenements.com\/nl\/","name":"HELIEVENEMENTS","description":"","potentialAction":[{"@type":"SearchAction","target":{"@type":"EntryPoint","urlTemplate":"https:\/\/www.helievenements.com\/nl\/?s={search_term_string}"},"query-input":{"@type":"PropertyValueSpecification","valueRequired":true,"valueName":"search_term_string"}}],"inLanguage":"nl-NL"}]}},"_links":{"self":[{"href":"https:\/\/www.helievenements.com\/nl\/wp-json\/wp\/v2\/pages\/4882","targetHints":{"allow":["GET"]}}],"collection":[{"href":"https:\/\/www.helievenements.com\/nl\/wp-json\/wp\/v2\/pages"}],"about":[{"href":"https:\/\/www.helievenements.com\/nl\/wp-json\/wp\/v2\/types\/page"}],"author":[{"embeddable":true,"href":"https:\/\/www.helievenements.com\/nl\/wp-json\/wp\/v2\/users\/3"}],"replies":[{"embeddable":true,"href":"https:\/\/www.helievenements.com\/nl\/wp-json\/wp\/v2\/comments?post=4882"}],"version-history":[{"count":0,"href":"https:\/\/www.helievenements.com\/nl\/wp-json\/wp\/v2\/pages\/4882\/revisions"}],"wp:attachment":[{"href":"https:\/\/www.helievenements.com\/nl\/wp-json\/wp\/v2\/media?parent=4882"}],"curies":[{"name":"wp","href":"https:\/\/api.w.org\/{rel}","templated":true}]}}