{"id":4191,"date":"2017-05-29T09:28:13","date_gmt":"2017-05-29T09:28:13","guid":{"rendered":"https:\/\/www.helievenements.com\/?page_id=4191"},"modified":"2026-02-18T11:34:56","modified_gmt":"2026-02-18T11:34:56","slug":"prive-vluchten","status":"publish","type":"page","link":"https:\/\/www.helievenements.com\/nl\/prive-vluchten\/","title":{"rendered":"Priv\u00e9 vluchten"},"content":{"rendered":"\t\t<div data-elementor-type=\"wp-page\" data-elementor-id=\"4191\" class=\"elementor elementor-4191 elementor-27\">\n\t\t\t\t<section class=\"elementor-element elementor-element-f81d845 section_title_page fond_sombre e-flex e-con-boxed e-con e-parent\" data-id=\"f81d845\" data-element_type=\"container\" data-e-type=\"container\" data-settings=\"{&quot;background_background&quot;:&quot;classic&quot;}\">\n\t\t\t\t\t<div class=\"e-con-inner\">\n\t\t\t\t<div class=\"elementor-element elementor-element-30a4772 elementor-widget elementor-widget-heading\" data-id=\"30a4772\" data-element_type=\"widget\" data-e-type=\"widget\" data-widget_type=\"heading.default\">\n\t\t\t\t\t<h1 class=\"elementor-heading-title elementor-size-default\">Priv\u00e9 vluchten<\/h1>\t\t\t\t<\/div>\n\t\t\t\t\t<\/div>\n\t\t\t\t<\/section>\n\t\t<div class=\"elementor-element elementor-element-2c2b64f e-flex e-con-boxed e-con e-parent\" data-id=\"2c2b64f\" data-element_type=\"container\" data-e-type=\"container\">\n\t\t\t\t\t<div class=\"e-con-inner\">\n\t\t\t\t<div class=\"elementor-element elementor-element-12a7d56 elementor-widget elementor-widget-scl_boxes\" data-id=\"12a7d56\" data-element_type=\"widget\" data-e-type=\"widget\" data-widget_type=\"scl_boxes.default\">\n\t\t\t\t<div class=\"elementor-widget-container\">\n\t\t\t\t\t        <div class=\"wrap_boxes woocommerce\">\n                            <ul class=\"products columns-4\">\n                                            <li class=\"product type-product status-publish has-post-thumbnail product_cat-travail first instock taxable shipping-taxable product-type-simple berocket_lmp_first_on_page\">\n                                                            <a href=\"https:\/\/www.helievenements.com\/nl\/prive-vluchten\/prive-rondleidingen\/\" class=\"woocommerce-LoopProduct-link woocommerce-loop-product__link\">\n                                                                <div class=\"product-thumbnail-wrapp\">\n                                                                            <img fetchpriority=\"high\" fetchpriority=\"high\" width=\"559\" height=\"385\" src=\"https:\/\/www.helievenements.com\/wp-content\/uploads\/Mt-St-Michel.jpg\" class=\"attachment-400 size-400\" alt=\"\" decoding=\"async\" \/>\n                                                                                <h2 class=\"woocommerce-loop-product__title\">\n                                            Priv\u00e9 rondleidingen                                        <\/h2>\n                                                                        <\/div>\n                                                            <\/a>\n                                                            <div class=\"products-custom-fields-wrapp clearfix\"><\/div>\n                                                            <div class=\"short-description-wrapp\"><div class=\"woocommerce-product-details__short-description\">Droomt u ervan om vanuit de lucht Normandi\u00eb op een andere manier te ontdekken? Trakteer uzelf dan op een priv\u00e9vlucht aan boord van onze helikopter! U geniet van totale vrijheid terwijl u unieke landschappen bewondert. Met H\u00e9li \u00c9v\u00e9nements wordt elke ervaring exclusief en afgestemd op uw wensen. Of u nu op zoek bent naar ontspanning, een zakelijke reis of een bijzonder cadeau, ons aanbod zal u zeker bevallen.<\/div><\/div>\n                                                                <div class=\"discover_btn\">\n                            \t\t<a href=\"https:\/\/www.helievenements.com\/nl\/prive-vluchten\/prive-rondleidingen\/\">\n                                        Ontdekken \n                                    <\/a>\n                            \t<\/div>\n                                 \n                            \n                        <\/li>\n                                                <li class=\"product type-product status-publish has-post-thumbnail product_cat-travail first instock taxable shipping-taxable product-type-simple berocket_lmp_first_on_page\">\n                                                            <a href=\"https:\/\/www.helievenements.com\/nl\/prive-vluchten\/huwelijken-verjaardagen\/\" class=\"woocommerce-LoopProduct-link woocommerce-loop-product__link\">\n                                                                <div class=\"product-thumbnail-wrapp\">\n                                                                            <img fetchpriority=\"high\" fetchpriority=\"high\" width=\"559\" height=\"385\" src=\"https:\/\/www.helievenements.com\/wp-content\/uploads\/photographe-mariage-indien.jpg\" class=\"attachment-400 size-400\" alt=\"\" decoding=\"async\" \/>\n                                                                                <h2 class=\"woocommerce-loop-product__title\">\n                                            Huwelijken \/ Verjaardagen                                        <\/h2>\n                                                                        <\/div>\n                                                            <\/a>\n                                                            <div class=\"products-custom-fields-wrapp clearfix\"><\/div>\n                                                            <div class=\"short-description-wrapp\"><div class=\"woocommerce-product-details__short-description\">Cre\u00eber een verrassing op uw trouwdag, verjaardag of voor een andere gelegenheid! Aankomen per helikopter maakt uw evenement nog verrassender en ongetwijfeld onvergetelijk!\n\nOfferte op aanvraag vanaf de locatie van uw keuze.\n\nAangezien dit een priv\u00e9-dienst is, is alleen de toestemming van de eigenaar van het terrein of de burgemeester in het geval van gemeentegrond vereist.\n\nDe piloot voert een verkenning ter plaatse uit en keurt deze goed. Er zijn geen formaliteiten bij de prefectuur vereist.<\/div><\/div>\n                                                                <div class=\"discover_btn\">\n                            \t\t<a href=\"https:\/\/www.helievenements.com\/nl\/prive-vluchten\/huwelijken-verjaardagen\/\">\n                                        Ontdekken \n                                    <\/a>\n                            \t<\/div>\n                                 \n                            \n                        <\/li>\n                                                <li class=\"product type-product status-publish has-post-thumbnail product_cat-travail first instock taxable shipping-taxable product-type-simple berocket_lmp_first_on_page\">\n                                                            <a href=\"https:\/\/www.helievenements.com\/nl\/prive-vluchten\/luchtvaarttaxi\/\" class=\"woocommerce-LoopProduct-link woocommerce-loop-product__link\">\n                                                                <div class=\"product-thumbnail-wrapp\">\n                                                                            <img fetchpriority=\"high\" fetchpriority=\"high\" width=\"559\" height=\"385\" src=\"https:\/\/www.helievenements.com\/wp-content\/uploads\/FB_IMG_1532294617095.jpg\" class=\"attachment-400 size-400\" alt=\"\" decoding=\"async\" \/>\n                                                                                <h2 class=\"woocommerce-loop-product__title\">\n                                            Luchtvaarttaxi                                        <\/h2>\n                                                                        <\/div>\n                                                            <\/a>\n                                                            <div class=\"products-custom-fields-wrapp clearfix\"><\/div>\n                                                            <div class=\"short-description-wrapp\"><div class=\"woocommerce-product-details__short-description\">Bent u op zoek naar een flexibel, comfortabel en even snel vervoermiddel? De luchttaxi per helikopter van H\u00e9li \u00c9v\u00e9nements verzorgt het luchtvervoer voor uw zakelijke of priv\u00e9-reizen. Of het nu gaat om een zakelijke afspraak, een toeristisch uitstapje of een luchthaventransfer, deze dienst garandeert u tijdwinst en een unieke ervaring aan boord van ons toestel, het model Ecureuil AS 350 B3e \/ H125.<\/div><\/div>\n                                                                <div class=\"discover_btn\">\n                            \t\t<a href=\"https:\/\/www.helievenements.com\/nl\/prive-vluchten\/luchtvaarttaxi\/\">\n                                        Ontdekken \n                                    <\/a>\n                            \t<\/div>\n                                 \n                            \n                        <\/li>\n                                        <\/ul>\n                        <\/div>\n        \t\t\t\t<\/div>\n\t\t\t\t<\/div>\n\t\t\t\t\t<\/div>\n\t\t\t\t<\/div>\n\t\t\t\t<\/div>\n\t\t","protected":false},"excerpt":{"rendered":"<p>Priv\u00e9 vluchten Priv\u00e9 rondleidingen Droomt u ervan om vanuit de lucht Normandi\u00eb op een andere manier te ontdekken? Trakteer uzelf dan op een priv\u00e9vlucht aan boord van onze helikopter! U geniet van totale vrijheid terwijl u unieke landschappen bewondert. Met H\u00e9li \u00c9v\u00e9nements wordt elke ervaring exclusief en afgestemd op uw wensen. Of u nu op [&hellip;]<\/p>\n","protected":false},"author":17,"featured_media":0,"parent":0,"menu_order":0,"comment_status":"closed","ping_status":"closed","template":"elementor_header_footer","meta":{"_acf_changed":false,"footnotes":""},"class_list":["post-4191","page","type-page","status-publish","hentry"],"acf":[],"yoast_head":"\n<title>Priv\u00e9 vluchten - HELIEVENEMENTS<\/title>\n<meta name=\"robots\" content=\"noindex, nofollow\" \/>\n<meta property=\"og:locale\" content=\"nl_NL\" \/>\n<meta property=\"og:type\" content=\"article\" \/>\n<meta property=\"og:title\" content=\"Priv\u00e9 vluchten - HELIEVENEMENTS\" \/>\n<meta property=\"og:description\" content=\"Priv\u00e9 vluchten Priv\u00e9 rondleidingen Droomt u ervan om vanuit de lucht Normandi\u00eb op een andere manier te ontdekken? Trakteer uzelf dan op een priv\u00e9vlucht aan boord van onze helikopter! U geniet van totale vrijheid terwijl u unieke landschappen bewondert. Met H\u00e9li \u00c9v\u00e9nements wordt elke ervaring exclusief en afgestemd op uw wensen. Of u nu op [&hellip;]\" \/>\n<meta property=\"og:url\" content=\"https:\/\/www.helievenements.com\/nl\/prive-vluchten\/\" \/>\n<meta property=\"og:site_name\" content=\"HELIEVENEMENTS\" \/>\n<meta property=\"article:modified_time\" content=\"2026-02-18T11:34:56+00:00\" \/>\n<meta property=\"og:image\" content=\"https:\/\/www.helievenements.com\/wp-content\/uploads\/Mt-St-Michel.jpg\" \/>\n<meta name=\"twitter:card\" content=\"summary_large_image\" \/>\n<meta name=\"twitter:label1\" content=\"Geschatte leestijd\" \/>\n\t<meta name=\"twitter:data1\" content=\"2 minuten\" \/>\n<script type=\"application\/ld+json\" class=\"yoast-schema-graph\">{\"@context\":\"https:\\\/\\\/schema.org\",\"@graph\":[{\"@type\":\"WebPage\",\"@id\":\"https:\\\/\\\/www.helievenements.com\\\/nl\\\/prive-vluchten\\\/\",\"url\":\"https:\\\/\\\/www.helievenements.com\\\/nl\\\/prive-vluchten\\\/\",\"name\":\"Priv\u00e9 vluchten - HELIEVENEMENTS\",\"isPartOf\":{\"@id\":\"https:\\\/\\\/www.helievenements.com\\\/nl\\\/#website\"},\"primaryImageOfPage\":{\"@id\":\"https:\\\/\\\/www.helievenements.com\\\/nl\\\/prive-vluchten\\\/#primaryimage\"},\"image\":{\"@id\":\"https:\\\/\\\/www.helievenements.com\\\/nl\\\/prive-vluchten\\\/#primaryimage\"},\"thumbnailUrl\":\"https:\\\/\\\/www.helievenements.com\\\/wp-content\\\/uploads\\\/Mt-St-Michel.jpg\",\"datePublished\":\"2017-05-29T09:28:13+00:00\",\"dateModified\":\"2026-02-18T11:34:56+00:00\",\"breadcrumb\":{\"@id\":\"https:\\\/\\\/www.helievenements.com\\\/nl\\\/prive-vluchten\\\/#breadcrumb\"},\"inLanguage\":\"nl-NL\",\"potentialAction\":[{\"@type\":\"ReadAction\",\"target\":[\"https:\\\/\\\/www.helievenements.com\\\/nl\\\/prive-vluchten\\\/\"]}]},{\"@type\":\"ImageObject\",\"inLanguage\":\"nl-NL\",\"@id\":\"https:\\\/\\\/www.helievenements.com\\\/nl\\\/prive-vluchten\\\/#primaryimage\",\"url\":\"https:\\\/\\\/www.helievenements.com\\\/wp-content\\\/uploads\\\/Mt-St-Michel.jpg\",\"contentUrl\":\"https:\\\/\\\/www.helievenements.com\\\/wp-content\\\/uploads\\\/Mt-St-Michel.jpg\"},{\"@type\":\"BreadcrumbList\",\"@id\":\"https:\\\/\\\/www.helievenements.com\\\/nl\\\/prive-vluchten\\\/#breadcrumb\",\"itemListElement\":[{\"@type\":\"ListItem\",\"position\":1,\"name\":\"Accueil\",\"item\":\"https:\\\/\\\/www.helievenements.com\\\/nl\\\/\"},{\"@type\":\"ListItem\",\"position\":2,\"name\":\"Priv\u00e9 vluchten\"}]},{\"@type\":\"WebSite\",\"@id\":\"https:\\\/\\\/www.helievenements.com\\\/nl\\\/#website\",\"url\":\"https:\\\/\\\/www.helievenements.com\\\/nl\\\/\",\"name\":\"HELIEVENEMENTS\",\"description\":\"\",\"potentialAction\":[{\"@type\":\"SearchAction\",\"target\":{\"@type\":\"EntryPoint\",\"urlTemplate\":\"https:\\\/\\\/www.helievenements.com\\\/nl\\\/?s={search_term_string}\"},\"query-input\":{\"@type\":\"PropertyValueSpecification\",\"valueRequired\":true,\"valueName\":\"search_term_string\"}}],\"inLanguage\":\"nl-NL\"}]}<\/script>\n","yoast_head_json":{"title":"Priv\u00e9 vluchten - HELIEVENEMENTS","robots":{"index":"noindex","follow":"nofollow"},"og_locale":"nl_NL","og_type":"article","og_title":"Priv\u00e9 vluchten - HELIEVENEMENTS","og_description":"Priv\u00e9 vluchten Priv\u00e9 rondleidingen Droomt u ervan om vanuit de lucht Normandi\u00eb op een andere manier te ontdekken? Trakteer uzelf dan op een priv\u00e9vlucht aan boord van onze helikopter! U geniet van totale vrijheid terwijl u unieke landschappen bewondert. Met H\u00e9li \u00c9v\u00e9nements wordt elke ervaring exclusief en afgestemd op uw wensen. Of u nu op [&hellip;]","og_url":"https:\/\/www.helievenements.com\/nl\/prive-vluchten\/","og_site_name":"HELIEVENEMENTS","article_modified_time":"2026-02-18T11:34:56+00:00","og_image":[{"url":"https:\/\/www.helievenements.com\/wp-content\/uploads\/Mt-St-Michel.jpg","type":"","width":"","height":""}],"twitter_card":"summary_large_image","twitter_misc":{"Geschatte leestijd":"2 minuten"},"schema":{"@context":"https:\/\/schema.org","@graph":[{"@type":"WebPage","@id":"https:\/\/www.helievenements.com\/nl\/prive-vluchten\/","url":"https:\/\/www.helievenements.com\/nl\/prive-vluchten\/","name":"Priv\u00e9 vluchten - HELIEVENEMENTS","isPartOf":{"@id":"https:\/\/www.helievenements.com\/nl\/#website"},"primaryImageOfPage":{"@id":"https:\/\/www.helievenements.com\/nl\/prive-vluchten\/#primaryimage"},"image":{"@id":"https:\/\/www.helievenements.com\/nl\/prive-vluchten\/#primaryimage"},"thumbnailUrl":"https:\/\/www.helievenements.com\/wp-content\/uploads\/Mt-St-Michel.jpg","datePublished":"2017-05-29T09:28:13+00:00","dateModified":"2026-02-18T11:34:56+00:00","breadcrumb":{"@id":"https:\/\/www.helievenements.com\/nl\/prive-vluchten\/#breadcrumb"},"inLanguage":"nl-NL","potentialAction":[{"@type":"ReadAction","target":["https:\/\/www.helievenements.com\/nl\/prive-vluchten\/"]}]},{"@type":"ImageObject","inLanguage":"nl-NL","@id":"https:\/\/www.helievenements.com\/nl\/prive-vluchten\/#primaryimage","url":"https:\/\/www.helievenements.com\/wp-content\/uploads\/Mt-St-Michel.jpg","contentUrl":"https:\/\/www.helievenements.com\/wp-content\/uploads\/Mt-St-Michel.jpg"},{"@type":"BreadcrumbList","@id":"https:\/\/www.helievenements.com\/nl\/prive-vluchten\/#breadcrumb","itemListElement":[{"@type":"ListItem","position":1,"name":"Accueil","item":"https:\/\/www.helievenements.com\/nl\/"},{"@type":"ListItem","position":2,"name":"Priv\u00e9 vluchten"}]},{"@type":"WebSite","@id":"https:\/\/www.helievenements.com\/nl\/#website","url":"https:\/\/www.helievenements.com\/nl\/","name":"HELIEVENEMENTS","description":"","potentialAction":[{"@type":"SearchAction","target":{"@type":"EntryPoint","urlTemplate":"https:\/\/www.helievenements.com\/nl\/?s={search_term_string}"},"query-input":{"@type":"PropertyValueSpecification","valueRequired":true,"valueName":"search_term_string"}}],"inLanguage":"nl-NL"}]}},"_links":{"self":[{"href":"https:\/\/www.helievenements.com\/nl\/wp-json\/wp\/v2\/pages\/4191","targetHints":{"allow":["GET"]}}],"collection":[{"href":"https:\/\/www.helievenements.com\/nl\/wp-json\/wp\/v2\/pages"}],"about":[{"href":"https:\/\/www.helievenements.com\/nl\/wp-json\/wp\/v2\/types\/page"}],"author":[{"embeddable":true,"href":"https:\/\/www.helievenements.com\/nl\/wp-json\/wp\/v2\/users\/17"}],"replies":[{"embeddable":true,"href":"https:\/\/www.helievenements.com\/nl\/wp-json\/wp\/v2\/comments?post=4191"}],"version-history":[{"count":0,"href":"https:\/\/www.helievenements.com\/nl\/wp-json\/wp\/v2\/pages\/4191\/revisions"}],"wp:attachment":[{"href":"https:\/\/www.helievenements.com\/nl\/wp-json\/wp\/v2\/media?parent=4191"}],"curies":[{"name":"wp","href":"https:\/\/api.w.org\/{rel}","templated":true}]}}