{"id":4161,"date":"2017-05-29T08:29:44","date_gmt":"2017-05-29T08:29:44","guid":{"rendered":"https:\/\/www.helievenements.com\/general-terms-and-conditions\/"},"modified":"2025-02-19T10:39:46","modified_gmt":"2025-02-19T10:39:46","slug":"algemene-verkoopvoorwaarden","status":"publish","type":"page","link":"https:\/\/www.helievenements.com\/nl\/algemene-verkoopvoorwaarden\/","title":{"rendered":"Algemene verkoopvoorwaarden"},"content":{"rendered":"<p>[vc_row][vc_column][vc_empty_space height=&#8221;80px&#8221;][vc_column_text]<strong>ALGEMENE VERKOOPVOORWAARDEN<\/strong><\/p>\n<p>In het kader van het VIGIPIRATE-plan wordt van elke passagier het nummer en de vervaldatum van zijn identiteitskaart gevraagd ter verificatie bij de bevoegde diensten.<\/p>\n<p>HELI EVENEMENTS is een Frans helikopterbedrijf, onder permanent toezicht van de Direction G\u00e9n\u00e9rale de l&#8217;Aviation Civile en de OSAC.<\/p>\n<p><strong>Wij beschikken over de volgende erkenningen:<\/strong><\/p>\n<p>Voor openbaar personenvervoer<\/p>\n<p><strong>CTA:<\/strong> luchtvervoerscertificaat nr. FR.AOC.0082<\/p>\n<p>Voor gespecialiseerde commerci\u00eble operaties (filmen\/heliporteren)<\/p>\n<p><strong>SPO:<\/strong> FR.DEC.0217<\/p>\n<p>SPO \u201cHoog risico\u201d FR.SPO.217<\/p>\n<p>Erkenningscertificaat FR.CAMO.0126 voor het beheer van het toezicht op de luchtwaardigheid.<\/p>\n<p><strong>TOUR VOORWAARDEN<\/strong><\/p>\n<ul>\n<li>Sightseeing tours vinden plaats volgens het schema dat het hele jaar door is geprogrammeerd.<\/li>\n<li>Boekingen kunnen worden gemaakt per telefoon op 02 35 80 94 16, per e-mail op axelle@helievenements.com of via onze website.<\/li>\n<li>Tours worden uitgevoerd aan boord van een Ecureuil AS350 B3e \/ H125 eenmotorige helikopter met een capaciteit van 5 passagiers + piloot (1 passagier voorin en 4 achterin).<\/li>\n<li>De helikopter kan worden geconfigureerd voor 6 passagiers + 1 piloot op bepaalde vluchten (installatie van een tweezitsbank, beperkt tot 2 passagiers van maximaal 65 kg).<\/li>\n<li>We kunnen de voorste stoel niet garanderen omdat deze door de piloot wordt toegewezen op basis van het gewicht van elke passagier.<\/li>\n<li>Cadeaubonnen zijn 1 jaar geldig vanaf de aankoopdatum. In overeenstemming met de wet vindt er na de aankoop van een dienst en na de wettelijke periode van 7 dagen (artikel L 121-16 van de Franse consumentenwet) geen terugbetaling plaats.<\/li>\n<li>Het is de verantwoordelijkheid van de ontvanger van de cadeaubon om contact op te nemen met H\u00e9li \u00c9v\u00e9nements om hun vlucht te plannen. Na 1 jaar wordt de cadeaubon als verloren beschouwd en niet terugbetaald.<\/li>\n<li>De ontvanger van de cadeaubon kan zijn vlucht annuleren en uitstellen tot 7 dagen voor de datum van de geplande vlucht. Daarna kan de reservering niet meer worden gewijzigd of terugbetaald.<\/li>\n<li>De begunstigde van de cadeaubon kan zijn\/haar vlucht annuleren en uitstellen tot 7 dagen voor de datum van de geplande vlucht. Daarna kan de reservering niet meer worden gewijzigd of terugbetaald.<\/li>\n<li>Kinderen vanaf 12 jaar mogen alleen reizen.<\/li>\n<li>Mensen met beperkte mobiliteit moeten op het moment van boeken worden ge\u00efnformeerd, zodat speciale instapregelingen kunnen worden getroffen.<\/li>\n<li>Ouderen kunnen een vlucht nemen.<\/li>\n<li>Het maximaal toegestane gewicht per passagier is 110 kg. Neem boven dit gewicht contact met ons op.<\/li>\n<li>Identificatie is verplicht. Rijbewijzen zijn niet geldig. (Als onderdeel van het vigipiratieplan wordt voor elke passagier een controle uitgevoerd bij de autoriteiten).<\/li>\n<li>Als de passagier afwezig of te laat is op de dag en het tijdstip van inscheping, wordt de service als verloren beschouwd en niet terugbetaald of op een later tijdstip uitgevoerd.<\/li>\n<\/ul>\n<p><strong>Ontmoetingspunt<\/strong><\/p>\n<ul>\n<li>Voor vluchten die vertrekken van Rouen-Boos (76) is het ontmoetingspunt in de terminalhal. Er is gratis parkeergelegenheid.<\/li>\n<li>Voor vluchten die vertrekken vanuit Deauville St Gatien (14) is het ontmoetingspunt op het buitenterras op de 1e verdieping van de terminal. Betaald parkeren is beschikbaar.<\/li>\n<li>Voor vluchten die vertrekken vanuit Caen-Carpiquet (14) is het trefpunt in de terminalhal. Betaald parkeren is beschikbaar.<\/li>\n<li>Passagiers moeten zich 30 minuten voor hun geplande vluchttijd melden met hun geldige identiteitskaart en cadeaukaart.<\/li>\n<li>De gezagvoerder van het vliegtuig is gemachtigd om instappen te weigeren aan iedereen die de uitvoering of veiligheid van de vlucht zou kunnen verstoren.<\/li>\n<\/ul>\n<p>&nbsp;<\/p>\n<p><strong>BETALINGSVOORWAARDEN EN PRIJZEN :<\/strong><\/p>\n<p>We vestigen uw aandacht op het feit dat, in overeenstemming met de bepalingen van de Franse consumentenwet, internetgebruikers geen herroepingsrecht hebben bij de aankoop van tickets op onze site.<\/p>\n<ul>\n<li>Toeristische reizen<\/li>\n<\/ul>\n<p>De volledige betaling moet worden verricht op het moment van de reservering, telefonisch met creditcard, online op onze website of in onze kantoren met cheque, contant, creditcard of bankoverschrijving.<\/p>\n<p>Voor bedrijven moet een offerte worden ondertekend en een aanbetaling van 30% worden gedaan op het moment dat de bestelling wordt geplaatst. Facturering op werkelijke basis, volgens het aantal uitgevoerde vluchten (rotaties).<\/p>\n<ul>\n<li>Luchttaxi<\/li>\n<\/ul>\n<p>Betaling van een aanbetaling van 30% bij de boeking en het saldo voor het opstijgen, per cheque, contant, creditcard of bankoverschrijving.<\/p>\n<p>Prijzen worden gepubliceerd inclusief alle belastingen, met uitzondering van bepaalde luchthavenbelastingen die lokaal worden geheven.<\/p>\n<ul>\n<li>Werk vanuit de lucht (filmen, hijsen, enz.)<\/li>\n<\/ul>\n<p>Betaling van een aanbetaling van 30% bij boeking en het restant bij ontvangst van de factuur.<\/p>\n<p>Facturen moeten worden betaald in euro&#8217;s (\u20ac) bij ontvangst, en uiterlijk binnen 30 dagen na de datum van uitgifte.<\/p>\n<p>Het rentepercentage voor boetes wegens te late betaling waarin het GCS voorziet, komt overeen met het door de Europese Centrale Bank (ECB) toegepaste percentage, bekend als het sleutelpercentage, plus 10 procentpunten.<\/p>\n<p>&nbsp;<\/p>\n<p><strong>ANNULERINGEN VAN VLUCHTEN<\/strong><\/p>\n<ul>\n<li>Weer :<\/li>\n<\/ul>\n<p>Weersberichten laten ons niet toe om de haalbaarheid van de vlucht op voorhand definitief in te schatten. In geval van slecht zicht of weersomstandigheden waardoor de vlucht niet veilig kan plaatsvinden, wordt de vlucht geannuleerd en worden de tickets verschoven naar een latere datum. Ter informatie: regen, wind of kou vormen op zich geen belemmering voor de uitvoering van de vlucht.<\/p>\n<ul>\n<li>Technische problemen:<\/li>\n<\/ul>\n<p>In geval van een technisch probleem of een bezoek dat nodig is voor het onderhoudsprogramma, wordt de vlucht geannuleerd en worden de tickets verschoven naar een latere datum.<\/p>\n<p>&nbsp;<\/p>\n<p><strong>ANNULERINGSVOORWAARDEN<\/strong><\/p>\n<ul>\n<li>Annulering door HELI EVENEMENTS<\/li>\n<\/ul>\n<p>Weersberichten laten ons niet toe om de haalbaarheid van de vlucht op voorhand definitief te voorspellen. In geval van slecht zicht of weersomstandigheden die een veilige uitvoering van de vlucht niet toelaten, wordt de missie geannuleerd. Er worden geen kosten in rekening gebracht en de aanbetaling wordt terugbetaald. In het geval van meerdaagse missies blijven de gevlogen vlieguren verschuldigd.<\/p>\n<ul>\n<li>Annulering door de klant voor sightseeing tours :<\/li>\n<\/ul>\n<p>De begunstigde van een cadeaubon of een reservering voor een toeristische vlucht kan zijn\/haar vlucht annuleren en uitstellen tot 7 dagen voor de datum van de geplande vlucht.<\/p>\n<p>Daarna kan de reservering niet meer worden gewijzigd en de vlucht niet meer worden verplaatst.<\/p>\n<p>De bevestiging van de definitieve dienstregeling en weersvoorspelling wordt de dag voor de vlucht per e-mail verstuurd om een nauwkeurig bulletin te hebben.<\/p>\n<p>Als de passagier afwezig of te laat is op de dag en op het tijdstip dat is vastgesteld voor het aan boord gaan, wordt de service als verloren beschouwd en wordt deze niet terugbetaald of op een latere datum uitgevoerd.<\/p>\n<ul>\n<li>Annulering door de klant voor alle luchttaxivluchten:<\/li>\n<\/ul>\n<p>Bij annulering tussen 2 maanden en 15 dagen voor de vlucht wordt 30% van het totale bedrag in rekening gebracht.<\/p>\n<p>Bij annulering tussen 15 dagen en 7 dagen voor de vlucht wordt 50% van het totale bedrag in rekening gebracht<\/p>\n<p>Bij annulering tussen 7 dagen en de dag voor de vlucht wordt 75% van het totale bedrag in rekening gebracht<\/p>\n<p>Bij annulering op de dag van de vlucht wordt 100% van het totale bedrag in rekening gebracht.<\/p>\n<p>&nbsp;<\/p>\n<p><strong>Alleen voor toeristische vluchten<\/strong><\/p>\n<p><strong>Opdrachten:<\/strong><\/p>\n<p>Ons bedrijf wordt regelmatig gecharterd voor meerdaagse missies (onder contract). Sommige missies kunnen op korte termijn worden verlengd en krijgen voorrang.<\/p>\n<p>In dat geval wordt de vlucht geannuleerd en worden de tickets verplaatst naar een latere datum.<\/p>\n<p><strong>Onvolledige vlucht:<\/strong><\/p>\n<p>Als het aantal geregistreerde passagiers voor de vlucht onvoldoende is (minimaal 5 zitplaatsen), wordt de vlucht geannuleerd en worden de tickets verschoven naar een latere datum.<\/p>\n<p>U wordt zo snel mogelijk op de hoogte gebracht van de annulering, per e-mail of telefonisch op de contactgegevens die u bij de reservering hebt opgegeven. H\u00e9li Ev\u00e9nements kan niet aansprakelijk worden gesteld voor reis- of verblijfkosten die passagiers moeten maken om naar de locatie te reizen. De beslissing om een vlucht te annuleren of te onderbreken ligt uitsluitend bij de gezagvoerder.<\/p>\n<p>&nbsp;<\/p>\n<p><strong>TASSEN<\/strong><\/p>\n<p><strong>Rondleidingen<\/strong><\/p>\n<p>Voor ieders comfort en veiligheid worden geen tassen of handtassen toegelaten aan boord.<\/p>\n<p><strong>Luchttaxi<\/strong><\/p>\n<ul>\n<li>E\u00e9n bagagestuk van minder dan 20 kg is toegestaan per passagier.<\/li>\n<li>De grootte is beperkt door de vervoerscapaciteit van ons vliegtuig tot een volume van L.80cm X B.25cm X H.50 cm. E\u00e9n stuk handbagage is toegestaan in de cabine (type: computer, attach\u00e9koffer, handtas, enz.).<\/li>\n<li>Afhankelijk van de belading van de helikopter kan het zijn dat bepaalde bagage later over land of door de lucht vervoerd moet worden (tegen extra kosten) vanwege het gewicht of volume.<\/li>\n<li>Onze helikopters moeten opstijgen onder gewichts- en evenwichtsvoorwaarden die compatibel zijn met de vliegveiligheid en in overeenstemming met de huidige regelgeving.<\/li>\n<li>Geef de exacte aard van uw bagage aan als deze te groot is.<\/li>\n<li>Geen tassen of handtassen<\/li>\n<\/ul>\n<p>We herinneren u er ook aan dat bepaalde materialen die door de lucht worden vervoerd als gevaarlijk zijn geclassificeerd en onderhevig zijn aan speciale voorschriften.<\/p>\n<p>&nbsp;<\/p>\n<p><strong>GEVAARLIJKE GOEDEREN :<\/strong><\/p>\n<p>De regelgeving voor luchtvervoer legt strikte regels op voor ieders veiligheid.<\/p>\n<p>Verordening (EU) nr. 965\/2012 (IR-OPS) &#8211; AMC1 CAT.GEN.MPA.200(e) Vervoer van gevaarlijke goederen<\/p>\n<p>Het volgende mag niet worden vervoerd:<\/p>\n<ul>\n<li>Gasflessen, campinggasfornuizen.<\/li>\n<li>Houders onder druk, spuitbussen (behalve parfums, toiletartikelen, medicijnen).<\/li>\n<li>-Bijtende, oxiderende, irriterende, giftige producten, zuren, natte batterijen, verf, enz.<\/li>\n<li>Explosieven (munitie, rotjes, vuurwerk, raketten, enz.).<\/li>\n<li>Brandbare producten (stookolie, benzine, enz.).<\/li>\n<li>Radioactieve materialen.<\/li>\n<li>Magnetische materialen.<\/li>\n<li>Alle apparaten van het type hoverboard.<\/li>\n<\/ul>\n<p>&nbsp;<\/p>\n<p><strong>KLACHTEN<\/strong><\/p>\n<p>Alle klachten moeten binnen 14 dagen na ontvangst van de facturen aangetekend worden verzonden naar : HELI EVENEMENTS &#8211; A\u00e9roport de Rouen Vall\u00e9e de Seine &#8211; 76520 Boos.<\/p>\n<p>De klachtenbrief moet in het Frans zijn opgesteld.<\/p>\n<p>&nbsp;<\/p>\n<p><strong>GESCHILLEN EN BETWISTINGEN<\/strong><\/p>\n<p>In geval van een geschil tussen de betrokken partijen, zal dit eerst in der minne worden geschikt.<\/p>\n<p>Als de partijen niet tot een minnelijke schikking kunnen komen, zal het geschil worden voorgelegd aan de bevoegde Franse autoriteit.<\/p>\n<p><strong>TOEPASSELIJK RECHT<\/strong><\/p>\n<p>Deze algemene voorwaarden zijn onderworpen aan het Franse recht.[\/vc_column_text][\/vc_column][\/vc_row]<\/p>\n","protected":false},"excerpt":{"rendered":"<p>[vc_row][vc_column][vc_empty_space height=&#8221;80px&#8221;][vc_column_text]ALGEMENE VERKOOPVOORWAARDEN In het kader van het VIGIPIRATE-plan wordt van elke passagier het nummer en de vervaldatum van zijn identiteitskaart gevraagd ter verificatie bij de bevoegde diensten. HELI EVENEMENTS is een Frans helikopterbedrijf, onder permanent toezicht van de Direction G\u00e9n\u00e9rale de l&#8217;Aviation Civile en de OSAC. Wij beschikken over de volgende erkenningen: Voor openbaar [&hellip;]<\/p>\n","protected":false},"author":3,"featured_media":0,"parent":0,"menu_order":0,"comment_status":"closed","ping_status":"closed","template":"","meta":{"_acf_changed":false,"footnotes":""},"class_list":["post-4161","page","type-page","status-publish","hentry"],"acf":[],"yoast_head":"\n<title>Algemene verkoopvoorwaarden - HELIEVENEMENTS<\/title>\n<meta name=\"robots\" content=\"index, follow, max-snippet:-1, max-image-preview:large, max-video-preview:-1\" \/>\n<link rel=\"canonical\" href=\"https:\/\/www.helievenements.com\/nl\/algemene-verkoopvoorwaarden\/\" \/>\n<meta property=\"og:locale\" content=\"nl_NL\" \/>\n<meta property=\"og:type\" content=\"article\" \/>\n<meta property=\"og:title\" content=\"Algemene verkoopvoorwaarden - HELIEVENEMENTS\" \/>\n<meta property=\"og:description\" content=\"[vc_row][vc_column][vc_empty_space height=&#8221;80px&#8221;][vc_column_text]ALGEMENE VERKOOPVOORWAARDEN In het kader van het VIGIPIRATE-plan wordt van elke passagier het nummer en de vervaldatum van zijn identiteitskaart gevraagd ter verificatie bij de bevoegde diensten. HELI EVENEMENTS is een Frans helikopterbedrijf, onder permanent toezicht van de Direction G\u00e9n\u00e9rale de l&#8217;Aviation Civile en de OSAC. Wij beschikken over de volgende erkenningen: Voor openbaar [&hellip;]\" \/>\n<meta property=\"og:url\" content=\"https:\/\/www.helievenements.com\/nl\/algemene-verkoopvoorwaarden\/\" \/>\n<meta property=\"og:site_name\" content=\"HELIEVENEMENTS\" \/>\n<meta property=\"article:modified_time\" content=\"2025-02-19T10:39:46+00:00\" \/>\n<meta name=\"twitter:card\" content=\"summary_large_image\" \/>\n<meta name=\"twitter:label1\" content=\"Geschatte leestijd\" \/>\n\t<meta name=\"twitter:data1\" content=\"7 minuten\" \/>\n<script type=\"application\/ld+json\" class=\"yoast-schema-graph\">{\"@context\":\"https:\\\/\\\/schema.org\",\"@graph\":[{\"@type\":\"WebPage\",\"@id\":\"https:\\\/\\\/www.helievenements.com\\\/nl\\\/algemene-verkoopvoorwaarden\\\/\",\"url\":\"https:\\\/\\\/www.helievenements.com\\\/nl\\\/algemene-verkoopvoorwaarden\\\/\",\"name\":\"Algemene verkoopvoorwaarden - HELIEVENEMENTS\",\"isPartOf\":{\"@id\":\"https:\\\/\\\/www.helievenements.com\\\/nl\\\/#website\"},\"datePublished\":\"2017-05-29T08:29:44+00:00\",\"dateModified\":\"2025-02-19T10:39:46+00:00\",\"breadcrumb\":{\"@id\":\"https:\\\/\\\/www.helievenements.com\\\/nl\\\/algemene-verkoopvoorwaarden\\\/#breadcrumb\"},\"inLanguage\":\"nl-NL\",\"potentialAction\":[{\"@type\":\"ReadAction\",\"target\":[\"https:\\\/\\\/www.helievenements.com\\\/nl\\\/algemene-verkoopvoorwaarden\\\/\"]}]},{\"@type\":\"BreadcrumbList\",\"@id\":\"https:\\\/\\\/www.helievenements.com\\\/nl\\\/algemene-verkoopvoorwaarden\\\/#breadcrumb\",\"itemListElement\":[{\"@type\":\"ListItem\",\"position\":1,\"name\":\"Accueil\",\"item\":\"https:\\\/\\\/www.helievenements.com\\\/nl\\\/\"},{\"@type\":\"ListItem\",\"position\":2,\"name\":\"Algemene verkoopvoorwaarden\"}]},{\"@type\":\"WebSite\",\"@id\":\"https:\\\/\\\/www.helievenements.com\\\/nl\\\/#website\",\"url\":\"https:\\\/\\\/www.helievenements.com\\\/nl\\\/\",\"name\":\"HELIEVENEMENTS\",\"description\":\"\",\"potentialAction\":[{\"@type\":\"SearchAction\",\"target\":{\"@type\":\"EntryPoint\",\"urlTemplate\":\"https:\\\/\\\/www.helievenements.com\\\/nl\\\/?s={search_term_string}\"},\"query-input\":{\"@type\":\"PropertyValueSpecification\",\"valueRequired\":true,\"valueName\":\"search_term_string\"}}],\"inLanguage\":\"nl-NL\"}]}<\/script>\n","yoast_head_json":{"title":"Algemene verkoopvoorwaarden - HELIEVENEMENTS","robots":{"index":"index","follow":"follow","max-snippet":"max-snippet:-1","max-image-preview":"max-image-preview:large","max-video-preview":"max-video-preview:-1"},"canonical":"https:\/\/www.helievenements.com\/nl\/algemene-verkoopvoorwaarden\/","og_locale":"nl_NL","og_type":"article","og_title":"Algemene verkoopvoorwaarden - HELIEVENEMENTS","og_description":"[vc_row][vc_column][vc_empty_space height=&#8221;80px&#8221;][vc_column_text]ALGEMENE VERKOOPVOORWAARDEN In het kader van het VIGIPIRATE-plan wordt van elke passagier het nummer en de vervaldatum van zijn identiteitskaart gevraagd ter verificatie bij de bevoegde diensten. HELI EVENEMENTS is een Frans helikopterbedrijf, onder permanent toezicht van de Direction G\u00e9n\u00e9rale de l&#8217;Aviation Civile en de OSAC. Wij beschikken over de volgende erkenningen: Voor openbaar [&hellip;]","og_url":"https:\/\/www.helievenements.com\/nl\/algemene-verkoopvoorwaarden\/","og_site_name":"HELIEVENEMENTS","article_modified_time":"2025-02-19T10:39:46+00:00","twitter_card":"summary_large_image","twitter_misc":{"Geschatte leestijd":"7 minuten"},"schema":{"@context":"https:\/\/schema.org","@graph":[{"@type":"WebPage","@id":"https:\/\/www.helievenements.com\/nl\/algemene-verkoopvoorwaarden\/","url":"https:\/\/www.helievenements.com\/nl\/algemene-verkoopvoorwaarden\/","name":"Algemene verkoopvoorwaarden - HELIEVENEMENTS","isPartOf":{"@id":"https:\/\/www.helievenements.com\/nl\/#website"},"datePublished":"2017-05-29T08:29:44+00:00","dateModified":"2025-02-19T10:39:46+00:00","breadcrumb":{"@id":"https:\/\/www.helievenements.com\/nl\/algemene-verkoopvoorwaarden\/#breadcrumb"},"inLanguage":"nl-NL","potentialAction":[{"@type":"ReadAction","target":["https:\/\/www.helievenements.com\/nl\/algemene-verkoopvoorwaarden\/"]}]},{"@type":"BreadcrumbList","@id":"https:\/\/www.helievenements.com\/nl\/algemene-verkoopvoorwaarden\/#breadcrumb","itemListElement":[{"@type":"ListItem","position":1,"name":"Accueil","item":"https:\/\/www.helievenements.com\/nl\/"},{"@type":"ListItem","position":2,"name":"Algemene verkoopvoorwaarden"}]},{"@type":"WebSite","@id":"https:\/\/www.helievenements.com\/nl\/#website","url":"https:\/\/www.helievenements.com\/nl\/","name":"HELIEVENEMENTS","description":"","potentialAction":[{"@type":"SearchAction","target":{"@type":"EntryPoint","urlTemplate":"https:\/\/www.helievenements.com\/nl\/?s={search_term_string}"},"query-input":{"@type":"PropertyValueSpecification","valueRequired":true,"valueName":"search_term_string"}}],"inLanguage":"nl-NL"}]}},"_links":{"self":[{"href":"https:\/\/www.helievenements.com\/nl\/wp-json\/wp\/v2\/pages\/4161","targetHints":{"allow":["GET"]}}],"collection":[{"href":"https:\/\/www.helievenements.com\/nl\/wp-json\/wp\/v2\/pages"}],"about":[{"href":"https:\/\/www.helievenements.com\/nl\/wp-json\/wp\/v2\/types\/page"}],"author":[{"embeddable":true,"href":"https:\/\/www.helievenements.com\/nl\/wp-json\/wp\/v2\/users\/3"}],"replies":[{"embeddable":true,"href":"https:\/\/www.helievenements.com\/nl\/wp-json\/wp\/v2\/comments?post=4161"}],"version-history":[{"count":0,"href":"https:\/\/www.helievenements.com\/nl\/wp-json\/wp\/v2\/pages\/4161\/revisions"}],"wp:attachment":[{"href":"https:\/\/www.helievenements.com\/nl\/wp-json\/wp\/v2\/media?parent=4161"}],"curies":[{"name":"wp","href":"https:\/\/api.w.org\/{rel}","templated":true}]}}