{"id":4158,"date":"2017-12-07T11:10:47","date_gmt":"2017-12-07T11:10:47","guid":{"rendered":"https:\/\/www.helievenements.com\/contact\/"},"modified":"2025-02-17T11:35:03","modified_gmt":"2025-02-17T11:35:03","slug":"contact","status":"publish","type":"page","link":"https:\/\/www.helievenements.com\/nl\/contact\/","title":{"rendered":"CONTACT ONS"},"content":{"rendered":"<p>[vc_row][vc_column width=&#8221;1\/2&#8243;][vc_empty_space height=&#8221;50px&#8221;]\n<div class=\"wpcf7 no-js\" id=\"wpcf7-f3620-o1\" lang=\"nl-NL\" dir=\"ltr\" data-wpcf7-id=\"3620\">\n<div class=\"screen-reader-response\"><p role=\"status\" aria-live=\"polite\" aria-atomic=\"true\"><\/p> <ul><\/ul><\/div>\n<form action=\"\/nl\/wp-json\/wp\/v2\/pages\/4158#wpcf7-f3620-o1\" method=\"post\" class=\"wpcf7-form init\" aria-label=\"Contactformulier\" novalidate=\"novalidate\" data-status=\"init\">\n<fieldset class=\"hidden-fields-container\"><input type=\"hidden\" name=\"_wpcf7\" value=\"3620\" \/><input type=\"hidden\" name=\"_wpcf7_version\" value=\"6.1.5\" \/><input type=\"hidden\" name=\"_wpcf7_locale\" value=\"nl_NL\" \/><input type=\"hidden\" name=\"_wpcf7_unit_tag\" value=\"wpcf7-f3620-o1\" \/><input type=\"hidden\" name=\"_wpcf7_container_post\" value=\"0\" \/><input type=\"hidden\" name=\"_wpcf7_posted_data_hash\" value=\"\" \/><input type=\"hidden\" name=\"_wpcf7_recaptcha_response\" value=\"\" \/>\n<\/fieldset>\n<p><label> Naam<br \/>\n<span class=\"wpcf7-form-control-wrap\" data-name=\"nom\"><input size=\"40\" maxlength=\"400\" class=\"wpcf7-form-control wpcf7-text wpcf7-validates-as-required\" aria-required=\"true\" aria-invalid=\"false\" value=\"\" type=\"text\" name=\"nom\" \/><\/span> <\/label>\n<\/p>\n<p><label> Voornaam<br \/>\n<span class=\"wpcf7-form-control-wrap\" data-name=\"prenom\"><input size=\"40\" maxlength=\"400\" class=\"wpcf7-form-control wpcf7-text wpcf7-validates-as-required\" aria-required=\"true\" aria-invalid=\"false\" value=\"\" type=\"text\" name=\"prenom\" \/><\/span> <\/label>\n<\/p>\n<p><label> E-mailadres<br \/>\n<span class=\"wpcf7-form-control-wrap\" data-name=\"email\"><input size=\"40\" maxlength=\"400\" class=\"wpcf7-form-control wpcf7-email wpcf7-validates-as-required wpcf7-text wpcf7-validates-as-email\" aria-required=\"true\" aria-invalid=\"false\" value=\"\" type=\"email\" name=\"email\" \/><\/span> <\/label>\n<\/p>\n<p><label> Telefoon<br \/>\n<span class=\"wpcf7-form-control-wrap\" data-name=\"tel\"><input size=\"40\" maxlength=\"400\" class=\"wpcf7-form-control wpcf7-text wpcf7-validates-as-required\" aria-required=\"true\" aria-invalid=\"false\" value=\"\" type=\"text\" name=\"tel\" \/><\/span> <\/label>\n<\/p>\n<p><label> Bericht<br \/>\n<span class=\"wpcf7-form-control-wrap\" data-name=\"message\"><textarea cols=\"40\" rows=\"10\" maxlength=\"2000\" class=\"wpcf7-form-control wpcf7-textarea\" aria-invalid=\"false\" name=\"message\"><\/textarea><\/span> <\/label>\n<\/p>\n<p><span class=\"wpcf7-form-control-wrap\" data-name=\"acceptance-798\"><span class=\"wpcf7-form-control wpcf7-acceptance\"><span class=\"wpcf7-list-item\"><label><input type=\"checkbox\" name=\"acceptance-798\" value=\"1\" class=\"msge_small\" aria-invalid=\"false\" \/><span class=\"wpcf7-list-item-label\"><span style=\"font-size:90%; color: #555;\">Ik ga ermee akkoord dat de op dit formulier verzamelde informatie naar H\u00e9li \u00c9v\u00e9nements wordt gestuurd, die mijn verzoek zo snel mogelijk zal beantwoorden.<\/span><\/span><\/label><\/span><\/span><\/span><br \/>\n<a href=\"https:\/\/www.helievenements.com\/wp-content\/uploads\/Politique-de%20-Privacy-in-force.pdf\" style=\"font-size:90%;\" target=\"_blank\">Lees meer over het beheer van uw persoonlijke gegevens en uw rechten.<\/a>\n<\/p>\n<p><input class=\"wpcf7-form-control wpcf7-submit has-spinner\" type=\"submit\" value=\"Verzenden\" \/>\n<\/p><div class=\"wpcf7-response-output\" aria-hidden=\"true\"><\/div>\n<\/form>\n<\/div>\n[\/vc_column][vc_column width=&#8221;1\/2&#8243;][vc_single_image image=&#8221;1940&#8243; img_size=&#8221;full&#8221;][\/vc_column][\/vc_row]<\/p>\n","protected":false},"excerpt":{"rendered":"<p>[vc_row][vc_column width=&#8221;1\/2&#8243;][vc_empty_space height=&#8221;50px&#8221;][\/vc_column][vc_column width=&#8221;1\/2&#8243;][vc_single_image image=&#8221;1940&#8243; img_size=&#8221;full&#8221;][\/vc_column][\/vc_row]<\/p>\n","protected":false},"author":3,"featured_media":0,"parent":0,"menu_order":0,"comment_status":"closed","ping_status":"closed","template":"","meta":{"_acf_changed":false,"footnotes":""},"class_list":["post-4158","page","type-page","status-publish","hentry"],"acf":[],"yoast_head":"\n<title>CONTACT ONS - HELIEVENEMENTS<\/title>\n<meta name=\"robots\" content=\"index, follow, max-snippet:-1, max-image-preview:large, max-video-preview:-1\" \/>\n<link rel=\"canonical\" href=\"https:\/\/www.helievenements.com\/nl\/contact\/\" \/>\n<meta property=\"og:locale\" content=\"nl_NL\" \/>\n<meta property=\"og:type\" content=\"article\" \/>\n<meta property=\"og:title\" content=\"CONTACT ONS - HELIEVENEMENTS\" \/>\n<meta property=\"og:description\" content=\"[vc_row][vc_column width=&#8221;1\/2&#8243;][vc_empty_space height=&#8221;50px&#8221;][\/vc_column][vc_column width=&#8221;1\/2&#8243;][vc_single_image image=&#8221;1940&#8243; img_size=&#8221;full&#8221;][\/vc_column][\/vc_row]\" \/>\n<meta property=\"og:url\" content=\"https:\/\/www.helievenements.com\/nl\/contact\/\" \/>\n<meta property=\"og:site_name\" content=\"HELIEVENEMENTS\" \/>\n<meta property=\"article:modified_time\" content=\"2025-02-17T11:35:03+00:00\" \/>\n<meta name=\"twitter:card\" content=\"summary_large_image\" \/>\n<meta name=\"twitter:label1\" content=\"Geschatte leestijd\" \/>\n\t<meta name=\"twitter:data1\" content=\"1 minuut\" \/>\n<script type=\"application\/ld+json\" class=\"yoast-schema-graph\">{\"@context\":\"https:\\\/\\\/schema.org\",\"@graph\":[{\"@type\":\"WebPage\",\"@id\":\"https:\\\/\\\/www.helievenements.com\\\/nl\\\/contact\\\/\",\"url\":\"https:\\\/\\\/www.helievenements.com\\\/nl\\\/contact\\\/\",\"name\":\"CONTACT ONS - HELIEVENEMENTS\",\"isPartOf\":{\"@id\":\"https:\\\/\\\/www.helievenements.com\\\/nl\\\/#website\"},\"datePublished\":\"2017-12-07T11:10:47+00:00\",\"dateModified\":\"2025-02-17T11:35:03+00:00\",\"breadcrumb\":{\"@id\":\"https:\\\/\\\/www.helievenements.com\\\/nl\\\/contact\\\/#breadcrumb\"},\"inLanguage\":\"nl-NL\",\"potentialAction\":[{\"@type\":\"ReadAction\",\"target\":[\"https:\\\/\\\/www.helievenements.com\\\/nl\\\/contact\\\/\"]}]},{\"@type\":\"BreadcrumbList\",\"@id\":\"https:\\\/\\\/www.helievenements.com\\\/nl\\\/contact\\\/#breadcrumb\",\"itemListElement\":[{\"@type\":\"ListItem\",\"position\":1,\"name\":\"Accueil\",\"item\":\"https:\\\/\\\/www.helievenements.com\\\/nl\\\/\"},{\"@type\":\"ListItem\",\"position\":2,\"name\":\"CONTACT ONS\"}]},{\"@type\":\"WebSite\",\"@id\":\"https:\\\/\\\/www.helievenements.com\\\/nl\\\/#website\",\"url\":\"https:\\\/\\\/www.helievenements.com\\\/nl\\\/\",\"name\":\"HELIEVENEMENTS\",\"description\":\"\",\"potentialAction\":[{\"@type\":\"SearchAction\",\"target\":{\"@type\":\"EntryPoint\",\"urlTemplate\":\"https:\\\/\\\/www.helievenements.com\\\/nl\\\/?s={search_term_string}\"},\"query-input\":{\"@type\":\"PropertyValueSpecification\",\"valueRequired\":true,\"valueName\":\"search_term_string\"}}],\"inLanguage\":\"nl-NL\"}]}<\/script>\n","yoast_head_json":{"title":"CONTACT ONS - HELIEVENEMENTS","robots":{"index":"index","follow":"follow","max-snippet":"max-snippet:-1","max-image-preview":"max-image-preview:large","max-video-preview":"max-video-preview:-1"},"canonical":"https:\/\/www.helievenements.com\/nl\/contact\/","og_locale":"nl_NL","og_type":"article","og_title":"CONTACT ONS - HELIEVENEMENTS","og_description":"[vc_row][vc_column width=&#8221;1\/2&#8243;][vc_empty_space height=&#8221;50px&#8221;][\/vc_column][vc_column width=&#8221;1\/2&#8243;][vc_single_image image=&#8221;1940&#8243; img_size=&#8221;full&#8221;][\/vc_column][\/vc_row]","og_url":"https:\/\/www.helievenements.com\/nl\/contact\/","og_site_name":"HELIEVENEMENTS","article_modified_time":"2025-02-17T11:35:03+00:00","twitter_card":"summary_large_image","twitter_misc":{"Geschatte leestijd":"1 minuut"},"schema":{"@context":"https:\/\/schema.org","@graph":[{"@type":"WebPage","@id":"https:\/\/www.helievenements.com\/nl\/contact\/","url":"https:\/\/www.helievenements.com\/nl\/contact\/","name":"CONTACT ONS - HELIEVENEMENTS","isPartOf":{"@id":"https:\/\/www.helievenements.com\/nl\/#website"},"datePublished":"2017-12-07T11:10:47+00:00","dateModified":"2025-02-17T11:35:03+00:00","breadcrumb":{"@id":"https:\/\/www.helievenements.com\/nl\/contact\/#breadcrumb"},"inLanguage":"nl-NL","potentialAction":[{"@type":"ReadAction","target":["https:\/\/www.helievenements.com\/nl\/contact\/"]}]},{"@type":"BreadcrumbList","@id":"https:\/\/www.helievenements.com\/nl\/contact\/#breadcrumb","itemListElement":[{"@type":"ListItem","position":1,"name":"Accueil","item":"https:\/\/www.helievenements.com\/nl\/"},{"@type":"ListItem","position":2,"name":"CONTACT ONS"}]},{"@type":"WebSite","@id":"https:\/\/www.helievenements.com\/nl\/#website","url":"https:\/\/www.helievenements.com\/nl\/","name":"HELIEVENEMENTS","description":"","potentialAction":[{"@type":"SearchAction","target":{"@type":"EntryPoint","urlTemplate":"https:\/\/www.helievenements.com\/nl\/?s={search_term_string}"},"query-input":{"@type":"PropertyValueSpecification","valueRequired":true,"valueName":"search_term_string"}}],"inLanguage":"nl-NL"}]}},"_links":{"self":[{"href":"https:\/\/www.helievenements.com\/nl\/wp-json\/wp\/v2\/pages\/4158","targetHints":{"allow":["GET"]}}],"collection":[{"href":"https:\/\/www.helievenements.com\/nl\/wp-json\/wp\/v2\/pages"}],"about":[{"href":"https:\/\/www.helievenements.com\/nl\/wp-json\/wp\/v2\/types\/page"}],"author":[{"embeddable":true,"href":"https:\/\/www.helievenements.com\/nl\/wp-json\/wp\/v2\/users\/3"}],"replies":[{"embeddable":true,"href":"https:\/\/www.helievenements.com\/nl\/wp-json\/wp\/v2\/comments?post=4158"}],"version-history":[{"count":0,"href":"https:\/\/www.helievenements.com\/nl\/wp-json\/wp\/v2\/pages\/4158\/revisions"}],"wp:attachment":[{"href":"https:\/\/www.helievenements.com\/nl\/wp-json\/wp\/v2\/media?parent=4158"}],"curies":[{"name":"wp","href":"https:\/\/api.w.org\/{rel}","templated":true}]}}