{"id":3594,"date":"2017-05-29T08:39:15","date_gmt":"2017-05-29T08:39:15","guid":{"rendered":"https:\/\/www.helievenements.com\/home\/"},"modified":"2025-01-15T19:01:48","modified_gmt":"2025-01-15T19:01:48","slug":"home","status":"publish","type":"page","link":"https:\/\/www.helievenements.com\/nl\/","title":{"rendered":"Thuis"},"content":{"rendered":"<p>[vc_row][vc_column][vc_column_text]<\/p>\n<h2>Luchtvaartmaatschappij d&#8217;H\u00e9licopt\u00e8re en Normandie<\/h2>\n<p><strong>Reactievermogen, kwaliteit en veiligheid zijn onze sleutelwoorden.<\/strong><\/p>\n<p>Gespecialiseerd in de regio Normandi\u00eb sinds juni 2004, bieden wij een gevarieerd aanbod van toeristische activiteiten, met rondleidingen langs de mooiste plekjes zoals Mont-Saint-Michel, de landingsstranden van D-Day, de prachtige kliffen van Etretat of de lussen van de Seine en haar abdijen.<\/p>\n<p>Op verzoek kunnen we vluchten op maat leveren voor uw zakenreizen of priv\u00e9-evenementen.<\/p>\n<p>Dankzij onze ervaring in luchtfotografie werken we regelmatig samen met bekende audiovisuele en evenemententeams.<\/p>\n<p>Met deze technische en interpersoonlijke knowhow kunnen we je zeker naar nieuwe hoogten brengen!<\/p>\n<p><a href=\"\/nl\/wie-wij-zijn\/\">Lees meer<\/a>[\/vc_column_text][\/vc_column][vc_column][\/vc_column][\/vc_row]<\/p>\n","protected":false},"excerpt":{"rendered":"<p>[vc_row][vc_column][vc_column_text] Luchtvaartmaatschappij d&#8217;H\u00e9licopt\u00e8re en Normandie Reactievermogen, kwaliteit en veiligheid zijn onze sleutelwoorden. Gespecialiseerd in de regio Normandi\u00eb sinds juni 2004, bieden wij een gevarieerd aanbod van toeristische activiteiten, met rondleidingen langs de mooiste plekjes zoals Mont-Saint-Michel, de landingsstranden van D-Day, de prachtige kliffen van Etretat of de lussen van de Seine en haar abdijen. Op [&hellip;]<\/p>\n","protected":false},"author":3,"featured_media":0,"parent":0,"menu_order":0,"comment_status":"closed","ping_status":"closed","template":"template-home.php","meta":{"_acf_changed":false,"footnotes":""},"class_list":["post-3594","page","type-page","status-publish","hentry"],"acf":[],"yoast_head":"\n<title>H\u00e9liEv\u00e9nements - Helikoptervluchten in Normandi\u00eb<\/title>\n<meta name=\"description\" content=\"Als specialist in de regio Normandi\u00eb bieden we je een gevarieerd aanbod van toeristische attracties, met rondleidingen langs de mooiste plekjes.\" \/>\n<meta name=\"robots\" content=\"index, follow, max-snippet:-1, max-image-preview:large, max-video-preview:-1\" \/>\n<link rel=\"canonical\" href=\"https:\/\/www.helievenements.com\/nl\/\" \/>\n<meta property=\"og:locale\" content=\"nl_NL\" \/>\n<meta property=\"og:type\" content=\"article\" \/>\n<meta property=\"og:title\" content=\"H\u00e9liEv\u00e9nements - Helikoptervluchten in Normandi\u00eb\" \/>\n<meta property=\"og:description\" content=\"Als specialist in de regio Normandi\u00eb bieden we je een gevarieerd aanbod van toeristische attracties, met rondleidingen langs de mooiste plekjes.\" \/>\n<meta property=\"og:url\" content=\"https:\/\/www.helievenements.com\/nl\/\" \/>\n<meta property=\"og:site_name\" content=\"HELIEVENEMENTS\" \/>\n<meta property=\"article:modified_time\" content=\"2025-01-15T19:01:48+00:00\" \/>\n<meta name=\"twitter:card\" content=\"summary_large_image\" \/>\n<meta name=\"twitter:label1\" content=\"Geschatte leestijd\" \/>\n\t<meta name=\"twitter:data1\" content=\"1 minuut\" \/>\n<script type=\"application\/ld+json\" class=\"yoast-schema-graph\">{\"@context\":\"https:\\\/\\\/schema.org\",\"@graph\":[{\"@type\":\"WebPage\",\"@id\":\"https:\\\/\\\/www.helievenements.com\\\/nl\\\/\",\"url\":\"https:\\\/\\\/www.helievenements.com\\\/nl\\\/\",\"name\":\"H\u00e9liEv\u00e9nements - Helikoptervluchten in Normandi\u00eb\",\"isPartOf\":{\"@id\":\"https:\\\/\\\/www.helievenements.com\\\/nl\\\/#website\"},\"datePublished\":\"2017-05-29T08:39:15+00:00\",\"dateModified\":\"2025-01-15T19:01:48+00:00\",\"description\":\"Als specialist in de regio Normandi\u00eb bieden we je een gevarieerd aanbod van toeristische attracties, met rondleidingen langs de mooiste plekjes.\",\"breadcrumb\":{\"@id\":\"https:\\\/\\\/www.helievenements.com\\\/nl\\\/#breadcrumb\"},\"inLanguage\":\"nl-NL\",\"potentialAction\":[{\"@type\":\"ReadAction\",\"target\":[\"https:\\\/\\\/www.helievenements.com\\\/nl\\\/\"]}]},{\"@type\":\"BreadcrumbList\",\"@id\":\"https:\\\/\\\/www.helievenements.com\\\/nl\\\/#breadcrumb\",\"itemListElement\":[{\"@type\":\"ListItem\",\"position\":1,\"name\":\"Accueil\",\"item\":\"https:\\\/\\\/www.helievenements.com\\\/nl\\\/\"},{\"@type\":\"ListItem\",\"position\":2,\"name\":\"Thuis\"}]},{\"@type\":\"WebSite\",\"@id\":\"https:\\\/\\\/www.helievenements.com\\\/nl\\\/#website\",\"url\":\"https:\\\/\\\/www.helievenements.com\\\/nl\\\/\",\"name\":\"HELIEVENEMENTS\",\"description\":\"\",\"potentialAction\":[{\"@type\":\"SearchAction\",\"target\":{\"@type\":\"EntryPoint\",\"urlTemplate\":\"https:\\\/\\\/www.helievenements.com\\\/nl\\\/?s={search_term_string}\"},\"query-input\":{\"@type\":\"PropertyValueSpecification\",\"valueRequired\":true,\"valueName\":\"search_term_string\"}}],\"inLanguage\":\"nl-NL\"}]}<\/script>\n","yoast_head_json":{"title":"H\u00e9liEv\u00e9nements - Helikoptervluchten in Normandi\u00eb","description":"Als specialist in de regio Normandi\u00eb bieden we je een gevarieerd aanbod van toeristische attracties, met rondleidingen langs de mooiste plekjes.","robots":{"index":"index","follow":"follow","max-snippet":"max-snippet:-1","max-image-preview":"max-image-preview:large","max-video-preview":"max-video-preview:-1"},"canonical":"https:\/\/www.helievenements.com\/nl\/","og_locale":"nl_NL","og_type":"article","og_title":"H\u00e9liEv\u00e9nements - Helikoptervluchten in Normandi\u00eb","og_description":"Als specialist in de regio Normandi\u00eb bieden we je een gevarieerd aanbod van toeristische attracties, met rondleidingen langs de mooiste plekjes.","og_url":"https:\/\/www.helievenements.com\/nl\/","og_site_name":"HELIEVENEMENTS","article_modified_time":"2025-01-15T19:01:48+00:00","twitter_card":"summary_large_image","twitter_misc":{"Geschatte leestijd":"1 minuut"},"schema":{"@context":"https:\/\/schema.org","@graph":[{"@type":"WebPage","@id":"https:\/\/www.helievenements.com\/nl\/","url":"https:\/\/www.helievenements.com\/nl\/","name":"H\u00e9liEv\u00e9nements - Helikoptervluchten in Normandi\u00eb","isPartOf":{"@id":"https:\/\/www.helievenements.com\/nl\/#website"},"datePublished":"2017-05-29T08:39:15+00:00","dateModified":"2025-01-15T19:01:48+00:00","description":"Als specialist in de regio Normandi\u00eb bieden we je een gevarieerd aanbod van toeristische attracties, met rondleidingen langs de mooiste plekjes.","breadcrumb":{"@id":"https:\/\/www.helievenements.com\/nl\/#breadcrumb"},"inLanguage":"nl-NL","potentialAction":[{"@type":"ReadAction","target":["https:\/\/www.helievenements.com\/nl\/"]}]},{"@type":"BreadcrumbList","@id":"https:\/\/www.helievenements.com\/nl\/#breadcrumb","itemListElement":[{"@type":"ListItem","position":1,"name":"Accueil","item":"https:\/\/www.helievenements.com\/nl\/"},{"@type":"ListItem","position":2,"name":"Thuis"}]},{"@type":"WebSite","@id":"https:\/\/www.helievenements.com\/nl\/#website","url":"https:\/\/www.helievenements.com\/nl\/","name":"HELIEVENEMENTS","description":"","potentialAction":[{"@type":"SearchAction","target":{"@type":"EntryPoint","urlTemplate":"https:\/\/www.helievenements.com\/nl\/?s={search_term_string}"},"query-input":{"@type":"PropertyValueSpecification","valueRequired":true,"valueName":"search_term_string"}}],"inLanguage":"nl-NL"}]}},"_links":{"self":[{"href":"https:\/\/www.helievenements.com\/nl\/wp-json\/wp\/v2\/pages\/3594","targetHints":{"allow":["GET"]}}],"collection":[{"href":"https:\/\/www.helievenements.com\/nl\/wp-json\/wp\/v2\/pages"}],"about":[{"href":"https:\/\/www.helievenements.com\/nl\/wp-json\/wp\/v2\/types\/page"}],"author":[{"embeddable":true,"href":"https:\/\/www.helievenements.com\/nl\/wp-json\/wp\/v2\/users\/3"}],"replies":[{"embeddable":true,"href":"https:\/\/www.helievenements.com\/nl\/wp-json\/wp\/v2\/comments?post=3594"}],"version-history":[{"count":0,"href":"https:\/\/www.helievenements.com\/nl\/wp-json\/wp\/v2\/pages\/3594\/revisions"}],"wp:attachment":[{"href":"https:\/\/www.helievenements.com\/nl\/wp-json\/wp\/v2\/media?parent=3594"}],"curies":[{"name":"wp","href":"https:\/\/api.w.org\/{rel}","templated":true}]}}