{"id":600,"date":"2023-12-15T11:23:56","date_gmt":"2023-12-15T11:23:56","guid":{"rendered":"http:\/\/www.helievenements.com\/?post_type=product&#038;p=600"},"modified":"2025-03-12T12:45:09","modified_gmt":"2025-03-12T12:45:09","slug":"from-tip-of-hoc-to-arromanches","status":"publish","type":"product","link":"https:\/\/www.helievenements.com\/en\/produit\/from-tip-of-hoc-to-arromanches\/","title":{"rendered":"From  Tip of Hoc to Arromanches"},"content":{"rendered":"","protected":false},"excerpt":{"rendered":"<p><span style=\"font-weight: 400;\">\ud83d\ude4f\ud83c\udffc<\/span><b> Anniversary of the Normandy landings, bookable between late May and early June, then mid-July to mid-August.<\/b><\/p>\n<p><span style=\"font-weight: 400;\">\ud83c\udf81 Our gift cards are valid for 12 months!<\/span><\/p>\n<p>&nbsp;<\/p>\n<p><span style=\"font-weight: 400;\">Departing from our private grounds near Omaha Beach, extend the History that unfolds before your eyes. Discover or rediscover the Pointe du Hoc, Omaha Beach, the American Cemetery, Port en Bessin, Arromanches and the remains of the Artificial Harbour.<\/span><\/p>\n<p><span style=\"font-weight: 400;\">Overlooking Omaha Beach, the Colleville sur Mer American Cemetery, at the heart of the Normandy landing beaches, contains the graves of 9,387 fallen soldiers, a chapel, a memorial and a garden of the missing.<\/span><\/p>\n<p>&nbsp;<\/p>\n<p><span style=\"font-weight: 400;\">On your return, you will fly over the Pointe du Hoc, halfway between Omaha Beach and Utah Beach, dominating the sea from its vertical cliff.<\/span><\/p>\n<p><span style=\"font-weight: 400;\">You will extend your flight to the town of Grandcamp and its oyster beds.<\/span><\/p>\n<p>&nbsp;<\/p>\n<p><span style=\"font-weight: 400;\">\ud83d\ude81 You will fly aboard an Ecureuil H125 B3e Helicopter, with 5 or 6 seats (depending on the weight of each person, so that all passengers are well seated)<\/span><\/p>\n","protected":false},"featured_media":3564,"comment_status":"open","ping_status":"closed","template":"","meta":{"_acf_changed":false},"product_brand":[],"product_cat":[47],"product_tag":[],"class_list":{"0":"post-600","1":"product","2":"type-product","3":"status-publish","4":"has-post-thumbnail","6":"product_cat-tourist-routes","8":"first","9":"instock","10":"taxable","11":"shipping-taxable","12":"purchasable","13":"product-type-variable","14":"has-default-attributes"},"acf":[],"yoast_head":"\n<title>From Tip of Hoc to Arromanches - HELIEVENEMENTS<\/title>\n<meta name=\"description\" content=\"D\u00e9couvrez ou red\u00e9couvrez la pointe du Hoc, la plage d&#039;Omaha Beach, le Cimeti\u00e8re Am\u00e9ricain, Arromanches et les vestiges du port Artificiel.\" \/>\n<meta name=\"robots\" content=\"index, follow, max-snippet:-1, max-image-preview:large, max-video-preview:-1\" \/>\n<link rel=\"canonical\" href=\"https:\/\/www.helievenements.com\/en\/produit\/from-tip-of-hoc-to-arromanches\/\" \/>\n<meta property=\"og:locale\" content=\"en_US\" \/>\n<meta property=\"og:type\" content=\"article\" \/>\n<meta property=\"og:title\" content=\"From Tip of Hoc to Arromanches - HELIEVENEMENTS\" \/>\n<meta property=\"og:description\" content=\"D\u00e9couvrez ou red\u00e9couvrez la pointe du Hoc, la plage d&#039;Omaha Beach, le Cimeti\u00e8re Am\u00e9ricain, Arromanches et les vestiges du port Artificiel.\" \/>\n<meta property=\"og:url\" content=\"https:\/\/www.helievenements.com\/en\/produit\/from-tip-of-hoc-to-arromanches\/\" \/>\n<meta property=\"og:site_name\" content=\"HELIEVENEMENTS\" \/>\n<meta property=\"article:modified_time\" content=\"2025-03-12T12:45:09+00:00\" \/>\n<meta property=\"og:image\" content=\"https:\/\/www.helievenements.com\/wp-content\/uploads\/IMG_20220807_090116_374-scaled.jpg\" \/>\n\t<meta property=\"og:image:width\" content=\"2293\" \/>\n\t<meta property=\"og:image:height\" content=\"1200\" \/>\n\t<meta property=\"og:image:type\" content=\"image\/jpeg\" \/>\n<meta name=\"twitter:card\" content=\"summary_large_image\" \/>\n<meta name=\"twitter:label1\" content=\"Est. reading time\" \/>\n\t<meta name=\"twitter:data1\" content=\"1 minute\" \/>\n<script type=\"application\/ld+json\" class=\"yoast-schema-graph\">{\"@context\":\"https:\\\/\\\/schema.org\",\"@graph\":[{\"@type\":\"WebPage\",\"@id\":\"https:\\\/\\\/www.helievenements.com\\\/en\\\/produit\\\/from-tip-of-hoc-to-arromanches\\\/\",\"url\":\"https:\\\/\\\/www.helievenements.com\\\/en\\\/produit\\\/from-tip-of-hoc-to-arromanches\\\/\",\"name\":\"From Tip of Hoc to Arromanches - HELIEVENEMENTS\",\"isPartOf\":{\"@id\":\"https:\\\/\\\/www.helievenements.com\\\/en\\\/#website\"},\"primaryImageOfPage\":{\"@id\":\"https:\\\/\\\/www.helievenements.com\\\/en\\\/produit\\\/from-tip-of-hoc-to-arromanches\\\/#primaryimage\"},\"image\":{\"@id\":\"https:\\\/\\\/www.helievenements.com\\\/en\\\/produit\\\/from-tip-of-hoc-to-arromanches\\\/#primaryimage\"},\"thumbnailUrl\":\"https:\\\/\\\/www.helievenements.com\\\/wp-content\\\/uploads\\\/IMG_20220807_090116_374-scaled.jpg\",\"datePublished\":\"2023-12-15T11:23:56+00:00\",\"dateModified\":\"2025-03-12T12:45:09+00:00\",\"description\":\"D\u00e9couvrez ou red\u00e9couvrez la pointe du Hoc, la plage d'Omaha Beach, le Cimeti\u00e8re Am\u00e9ricain, Arromanches et les vestiges du port Artificiel.\",\"breadcrumb\":{\"@id\":\"https:\\\/\\\/www.helievenements.com\\\/en\\\/produit\\\/from-tip-of-hoc-to-arromanches\\\/#breadcrumb\"},\"inLanguage\":\"en-US\",\"potentialAction\":[{\"@type\":\"ReadAction\",\"target\":[\"https:\\\/\\\/www.helievenements.com\\\/en\\\/produit\\\/from-tip-of-hoc-to-arromanches\\\/\"]}]},{\"@type\":\"ImageObject\",\"inLanguage\":\"en-US\",\"@id\":\"https:\\\/\\\/www.helievenements.com\\\/en\\\/produit\\\/from-tip-of-hoc-to-arromanches\\\/#primaryimage\",\"url\":\"https:\\\/\\\/www.helievenements.com\\\/wp-content\\\/uploads\\\/IMG_20220807_090116_374-scaled.jpg\",\"contentUrl\":\"https:\\\/\\\/www.helievenements.com\\\/wp-content\\\/uploads\\\/IMG_20220807_090116_374-scaled.jpg\",\"width\":2293,\"height\":1200},{\"@type\":\"BreadcrumbList\",\"@id\":\"https:\\\/\\\/www.helievenements.com\\\/en\\\/produit\\\/from-tip-of-hoc-to-arromanches\\\/#breadcrumb\",\"itemListElement\":[{\"@type\":\"ListItem\",\"position\":1,\"name\":\"Accueil\",\"item\":\"https:\\\/\\\/www.helievenements.com\\\/en\\\/\"},{\"@type\":\"ListItem\",\"position\":2,\"name\":\"Shop\",\"item\":\"https:\\\/\\\/www.helievenements.com\\\/en\\\/shop\\\/\"},{\"@type\":\"ListItem\",\"position\":3,\"name\":\"From Tip of Hoc to Arromanches\"}]},{\"@type\":\"WebSite\",\"@id\":\"https:\\\/\\\/www.helievenements.com\\\/en\\\/#website\",\"url\":\"https:\\\/\\\/www.helievenements.com\\\/en\\\/\",\"name\":\"HELIEVENEMENTS\",\"description\":\"\",\"potentialAction\":[{\"@type\":\"SearchAction\",\"target\":{\"@type\":\"EntryPoint\",\"urlTemplate\":\"https:\\\/\\\/www.helievenements.com\\\/en\\\/?s={search_term_string}\"},\"query-input\":{\"@type\":\"PropertyValueSpecification\",\"valueRequired\":true,\"valueName\":\"search_term_string\"}}],\"inLanguage\":\"en-US\"}]}<\/script>\n","yoast_head_json":{"title":"From Tip of Hoc to Arromanches - HELIEVENEMENTS","description":"D\u00e9couvrez ou red\u00e9couvrez la pointe du Hoc, la plage d'Omaha Beach, le Cimeti\u00e8re Am\u00e9ricain, Arromanches et les vestiges du port Artificiel.","robots":{"index":"index","follow":"follow","max-snippet":"max-snippet:-1","max-image-preview":"max-image-preview:large","max-video-preview":"max-video-preview:-1"},"canonical":"https:\/\/www.helievenements.com\/en\/produit\/from-tip-of-hoc-to-arromanches\/","og_locale":"en_US","og_type":"article","og_title":"From Tip of Hoc to Arromanches - HELIEVENEMENTS","og_description":"D\u00e9couvrez ou red\u00e9couvrez la pointe du Hoc, la plage d'Omaha Beach, le Cimeti\u00e8re Am\u00e9ricain, Arromanches et les vestiges du port Artificiel.","og_url":"https:\/\/www.helievenements.com\/en\/produit\/from-tip-of-hoc-to-arromanches\/","og_site_name":"HELIEVENEMENTS","article_modified_time":"2025-03-12T12:45:09+00:00","og_image":[{"width":2293,"height":1200,"url":"https:\/\/www.helievenements.com\/wp-content\/uploads\/IMG_20220807_090116_374-scaled.jpg","type":"image\/jpeg"}],"twitter_card":"summary_large_image","twitter_misc":{"Est. reading time":"1 minute"},"schema":{"@context":"https:\/\/schema.org","@graph":[{"@type":"WebPage","@id":"https:\/\/www.helievenements.com\/en\/produit\/from-tip-of-hoc-to-arromanches\/","url":"https:\/\/www.helievenements.com\/en\/produit\/from-tip-of-hoc-to-arromanches\/","name":"From Tip of Hoc to Arromanches - HELIEVENEMENTS","isPartOf":{"@id":"https:\/\/www.helievenements.com\/en\/#website"},"primaryImageOfPage":{"@id":"https:\/\/www.helievenements.com\/en\/produit\/from-tip-of-hoc-to-arromanches\/#primaryimage"},"image":{"@id":"https:\/\/www.helievenements.com\/en\/produit\/from-tip-of-hoc-to-arromanches\/#primaryimage"},"thumbnailUrl":"https:\/\/www.helievenements.com\/wp-content\/uploads\/IMG_20220807_090116_374-scaled.jpg","datePublished":"2023-12-15T11:23:56+00:00","dateModified":"2025-03-12T12:45:09+00:00","description":"D\u00e9couvrez ou red\u00e9couvrez la pointe du Hoc, la plage d'Omaha Beach, le Cimeti\u00e8re Am\u00e9ricain, Arromanches et les vestiges du port Artificiel.","breadcrumb":{"@id":"https:\/\/www.helievenements.com\/en\/produit\/from-tip-of-hoc-to-arromanches\/#breadcrumb"},"inLanguage":"en-US","potentialAction":[{"@type":"ReadAction","target":["https:\/\/www.helievenements.com\/en\/produit\/from-tip-of-hoc-to-arromanches\/"]}]},{"@type":"ImageObject","inLanguage":"en-US","@id":"https:\/\/www.helievenements.com\/en\/produit\/from-tip-of-hoc-to-arromanches\/#primaryimage","url":"https:\/\/www.helievenements.com\/wp-content\/uploads\/IMG_20220807_090116_374-scaled.jpg","contentUrl":"https:\/\/www.helievenements.com\/wp-content\/uploads\/IMG_20220807_090116_374-scaled.jpg","width":2293,"height":1200},{"@type":"BreadcrumbList","@id":"https:\/\/www.helievenements.com\/en\/produit\/from-tip-of-hoc-to-arromanches\/#breadcrumb","itemListElement":[{"@type":"ListItem","position":1,"name":"Accueil","item":"https:\/\/www.helievenements.com\/en\/"},{"@type":"ListItem","position":2,"name":"Shop","item":"https:\/\/www.helievenements.com\/en\/shop\/"},{"@type":"ListItem","position":3,"name":"From Tip of Hoc to Arromanches"}]},{"@type":"WebSite","@id":"https:\/\/www.helievenements.com\/en\/#website","url":"https:\/\/www.helievenements.com\/en\/","name":"HELIEVENEMENTS","description":"","potentialAction":[{"@type":"SearchAction","target":{"@type":"EntryPoint","urlTemplate":"https:\/\/www.helievenements.com\/en\/?s={search_term_string}"},"query-input":{"@type":"PropertyValueSpecification","valueRequired":true,"valueName":"search_term_string"}}],"inLanguage":"en-US"}]}},"_links":{"self":[{"href":"https:\/\/www.helievenements.com\/en\/wp-json\/wp\/v2\/product\/600","targetHints":{"allow":["GET"]}}],"collection":[{"href":"https:\/\/www.helievenements.com\/en\/wp-json\/wp\/v2\/product"}],"about":[{"href":"https:\/\/www.helievenements.com\/en\/wp-json\/wp\/v2\/types\/product"}],"replies":[{"embeddable":true,"href":"https:\/\/www.helievenements.com\/en\/wp-json\/wp\/v2\/comments?post=600"}],"wp:featuredmedia":[{"embeddable":true,"href":"https:\/\/www.helievenements.com\/en\/wp-json\/wp\/v2\/media\/3564"}],"wp:attachment":[{"href":"https:\/\/www.helievenements.com\/en\/wp-json\/wp\/v2\/media?parent=600"}],"wp:term":[{"taxonomy":"product_brand","embeddable":true,"href":"https:\/\/www.helievenements.com\/en\/wp-json\/wp\/v2\/product_brand?post=600"},{"taxonomy":"product_cat","embeddable":true,"href":"https:\/\/www.helievenements.com\/en\/wp-json\/wp\/v2\/product_cat?post=600"},{"taxonomy":"product_tag","embeddable":true,"href":"https:\/\/www.helievenements.com\/en\/wp-json\/wp\/v2\/product_tag?post=600"}],"curies":[{"name":"wp","href":"https:\/\/api.w.org\/{rel}","templated":true}]}}