{"id":3664,"date":"2017-09-14T20:24:05","date_gmt":"2017-09-14T20:24:05","guid":{"rendered":"https:\/\/www.helievenements.com\/produit\/plages-du-debarquement-pointe-du-hoc\/"},"modified":"2025-03-12T12:43:36","modified_gmt":"2025-03-12T12:43:36","slug":"d-day-landing-beaches-tip-of-hoc","status":"publish","type":"product","link":"https:\/\/www.helievenements.com\/en\/produit\/d-day-landing-beaches-tip-of-hoc\/","title":{"rendered":"D-Day landing beaches : tip of Hoc"},"content":{"rendered":"<p>Temps de vol 10 mn tarif 70\u20ac<br \/>\nVol disponible uniquement les 4 et 5 juin 2018<br \/>\nLieu de d\u00e9part : terrain \u00e9ph\u00e9m\u00e8re<br \/>\n(Dur\u00e9e de vol 10mn)<br \/>\nD\u00e9couvrez le Cimeti\u00e8re Am\u00e9ricain de Colleville sur Mer, au c\u0153ur des plages du d\u00e9barquement de Normandie. Surplombant la plage d\u2019Omaha Beach, ce site rassemble les tombes de 9 387 soldats tomb\u00e9s au combat, une chapelle, un m\u00e9morial et un jardin des disparus. Au retour,<br \/>\nPartez \u00e0 la d\u00e9couverte de la Pointe du Hoc vue du ciel. A mi-distance entre Omaha Beach et Utah Beach, la Pointe du Hoc domine la mer de sa falaise verticale. Vous prolongerez votre vol vers la ville de Grandcamp et ses parcs \u00e0 hu\u00eetres.<\/p>\n<ul>\n<li>H\u00e9licopt\u00e8re Ecureuil AS350<\/li>\n<li>5 passagers maximum par h\u00e9licopt\u00e8re<\/li>\n<\/ul>\n","protected":false},"excerpt":{"rendered":"<p><span style=\"font-weight: 400;\">\ud83d\ude4f\ud83c\udffc <\/span><b>Anniversary of the Normandy landings, bookable between late May and early June, then mid-July to mid-August.<\/b><\/p>\n<p><span style=\"font-weight: 400;\">\ud83c\udf81 Our gift cards are valid for 12 months!<\/span><\/p>\n<p>&nbsp;<\/p>\n<p><span style=\"font-weight: 400;\">Departing from our private airfield near Omaha Beach, treat yourself to this 6-minute first flight to discover a place that was the scene of one of the operations of the Allied landings in Normandy on 6 June 1944.<\/span><\/p>\n<p><span style=\"font-weight: 400;\">Many blockhouses and bomb craters are still visible. You will continue your flight to the town of Grandcamp and its oyster beds.<\/span><\/p>\n<p><span style=\"font-weight: 400;\">This tour is ideal for a first experience, or a family flight.<\/span><\/p>\n<p>&nbsp;<\/p>\n<p><span style=\"font-weight: 400;\">\ud83d\ude81 You&#8217;ll fly in an \u00c9cureuil H125 B3e helicopter, with 5 or 6 seats (depending on the weight of each person, so that all passengers are well seated)<\/span><\/p>\n","protected":false},"featured_media":3552,"comment_status":"open","ping_status":"closed","template":"","meta":{"_acf_changed":false},"product_brand":[],"product_cat":[48,47],"product_tag":[],"class_list":{"0":"post-3664","1":"product","2":"type-product","3":"status-publish","4":"has-post-thumbnail","6":"product_cat-gift-card","7":"product_cat-tourist-routes","9":"first","10":"instock","11":"taxable","12":"shipping-taxable","13":"purchasable","14":"product-type-variable","15":"has-default-attributes"},"acf":[],"yoast_head":"\n<title>D-Day landing beaches : tip of Hoc - HELIEVENEMENTS<\/title>\n<meta name=\"robots\" content=\"index, follow, max-snippet:-1, max-image-preview:large, max-video-preview:-1\" \/>\n<link rel=\"canonical\" href=\"https:\/\/www.helievenements.com\/en\/produit\/d-day-landing-beaches-tip-of-hoc\/\" \/>\n<meta property=\"og:locale\" content=\"en_US\" \/>\n<meta property=\"og:type\" content=\"article\" \/>\n<meta property=\"og:title\" content=\"D-Day landing beaches : tip of Hoc - HELIEVENEMENTS\" \/>\n<meta property=\"og:description\" content=\"\ud83d\ude4f\ud83c\udffc Anniversary of the Normandy landings, bookable between late May and early June, then mid-July to mid-August.  \ud83c\udf81 Our gift cards are valid for 12 months!  &nbsp;  Departing from our private airfield near Omaha Beach, treat yourself to this 6-minute first flight to discover a place that was the scene of one of the operations of the Allied landings in Normandy on 6 June 1944.  Many blockhouses and bomb craters are still visible. You will continue your flight to the town of Grandcamp and its oyster beds.  This tour is ideal for a first experience, or a family flight.  &nbsp;  \ud83d\ude81 You&#039;ll fly in an \u00c9cureuil H125 B3e helicopter, with 5 or 6 seats (depending on the weight of each person, so that all passengers are well seated)\" \/>\n<meta property=\"og:url\" content=\"https:\/\/www.helievenements.com\/en\/produit\/d-day-landing-beaches-tip-of-hoc\/\" \/>\n<meta property=\"og:site_name\" content=\"HELIEVENEMENTS\" \/>\n<meta property=\"article:modified_time\" content=\"2025-03-12T12:43:36+00:00\" \/>\n<meta property=\"og:image\" content=\"https:\/\/www.helievenements.com\/wp-content\/uploads\/Pointe-du-Hoc@helievenements.jpg\" \/>\n\t<meta property=\"og:image:width\" content=\"1200\" \/>\n\t<meta property=\"og:image:height\" content=\"1600\" \/>\n\t<meta property=\"og:image:type\" content=\"image\/jpeg\" \/>\n<meta name=\"twitter:card\" content=\"summary_large_image\" \/>\n<meta name=\"twitter:label1\" content=\"Est. reading time\" \/>\n\t<meta name=\"twitter:data1\" content=\"1 minute\" \/>\n<script type=\"application\/ld+json\" class=\"yoast-schema-graph\">{\"@context\":\"https:\\\/\\\/schema.org\",\"@graph\":[{\"@type\":\"WebPage\",\"@id\":\"https:\\\/\\\/www.helievenements.com\\\/en\\\/produit\\\/d-day-landing-beaches-tip-of-hoc\\\/\",\"url\":\"https:\\\/\\\/www.helievenements.com\\\/en\\\/produit\\\/d-day-landing-beaches-tip-of-hoc\\\/\",\"name\":\"D-Day landing beaches : tip of Hoc - HELIEVENEMENTS\",\"isPartOf\":{\"@id\":\"https:\\\/\\\/www.helievenements.com\\\/en\\\/#website\"},\"primaryImageOfPage\":{\"@id\":\"https:\\\/\\\/www.helievenements.com\\\/en\\\/produit\\\/d-day-landing-beaches-tip-of-hoc\\\/#primaryimage\"},\"image\":{\"@id\":\"https:\\\/\\\/www.helievenements.com\\\/en\\\/produit\\\/d-day-landing-beaches-tip-of-hoc\\\/#primaryimage\"},\"thumbnailUrl\":\"https:\\\/\\\/www.helievenements.com\\\/wp-content\\\/uploads\\\/Pointe-du-Hoc@helievenements.jpg\",\"datePublished\":\"2017-09-14T20:24:05+00:00\",\"dateModified\":\"2025-03-12T12:43:36+00:00\",\"breadcrumb\":{\"@id\":\"https:\\\/\\\/www.helievenements.com\\\/en\\\/produit\\\/d-day-landing-beaches-tip-of-hoc\\\/#breadcrumb\"},\"inLanguage\":\"en-US\",\"potentialAction\":[{\"@type\":\"ReadAction\",\"target\":[\"https:\\\/\\\/www.helievenements.com\\\/en\\\/produit\\\/d-day-landing-beaches-tip-of-hoc\\\/\"]}]},{\"@type\":\"ImageObject\",\"inLanguage\":\"en-US\",\"@id\":\"https:\\\/\\\/www.helievenements.com\\\/en\\\/produit\\\/d-day-landing-beaches-tip-of-hoc\\\/#primaryimage\",\"url\":\"https:\\\/\\\/www.helievenements.com\\\/wp-content\\\/uploads\\\/Pointe-du-Hoc@helievenements.jpg\",\"contentUrl\":\"https:\\\/\\\/www.helievenements.com\\\/wp-content\\\/uploads\\\/Pointe-du-Hoc@helievenements.jpg\",\"width\":1200,\"height\":1600},{\"@type\":\"BreadcrumbList\",\"@id\":\"https:\\\/\\\/www.helievenements.com\\\/en\\\/produit\\\/d-day-landing-beaches-tip-of-hoc\\\/#breadcrumb\",\"itemListElement\":[{\"@type\":\"ListItem\",\"position\":1,\"name\":\"Accueil\",\"item\":\"https:\\\/\\\/www.helievenements.com\\\/en\\\/\"},{\"@type\":\"ListItem\",\"position\":2,\"name\":\"Shop\",\"item\":\"https:\\\/\\\/www.helievenements.com\\\/en\\\/shop\\\/\"},{\"@type\":\"ListItem\",\"position\":3,\"name\":\"D-Day landing beaches : tip of Hoc\"}]},{\"@type\":\"WebSite\",\"@id\":\"https:\\\/\\\/www.helievenements.com\\\/en\\\/#website\",\"url\":\"https:\\\/\\\/www.helievenements.com\\\/en\\\/\",\"name\":\"HELIEVENEMENTS\",\"description\":\"\",\"potentialAction\":[{\"@type\":\"SearchAction\",\"target\":{\"@type\":\"EntryPoint\",\"urlTemplate\":\"https:\\\/\\\/www.helievenements.com\\\/en\\\/?s={search_term_string}\"},\"query-input\":{\"@type\":\"PropertyValueSpecification\",\"valueRequired\":true,\"valueName\":\"search_term_string\"}}],\"inLanguage\":\"en-US\"}]}<\/script>\n","yoast_head_json":{"title":"D-Day landing beaches : tip of Hoc - HELIEVENEMENTS","robots":{"index":"index","follow":"follow","max-snippet":"max-snippet:-1","max-image-preview":"max-image-preview:large","max-video-preview":"max-video-preview:-1"},"canonical":"https:\/\/www.helievenements.com\/en\/produit\/d-day-landing-beaches-tip-of-hoc\/","og_locale":"en_US","og_type":"article","og_title":"D-Day landing beaches : tip of Hoc - HELIEVENEMENTS","og_description":"\ud83d\ude4f\ud83c\udffc Anniversary of the Normandy landings, bookable between late May and early June, then mid-July to mid-August.  \ud83c\udf81 Our gift cards are valid for 12 months!  &nbsp;  Departing from our private airfield near Omaha Beach, treat yourself to this 6-minute first flight to discover a place that was the scene of one of the operations of the Allied landings in Normandy on 6 June 1944.  Many blockhouses and bomb craters are still visible. You will continue your flight to the town of Grandcamp and its oyster beds.  This tour is ideal for a first experience, or a family flight.  &nbsp;  \ud83d\ude81 You'll fly in an \u00c9cureuil H125 B3e helicopter, with 5 or 6 seats (depending on the weight of each person, so that all passengers are well seated)","og_url":"https:\/\/www.helievenements.com\/en\/produit\/d-day-landing-beaches-tip-of-hoc\/","og_site_name":"HELIEVENEMENTS","article_modified_time":"2025-03-12T12:43:36+00:00","og_image":[{"width":1200,"height":1600,"url":"https:\/\/www.helievenements.com\/wp-content\/uploads\/Pointe-du-Hoc@helievenements.jpg","type":"image\/jpeg"}],"twitter_card":"summary_large_image","twitter_misc":{"Est. reading time":"1 minute"},"schema":{"@context":"https:\/\/schema.org","@graph":[{"@type":"WebPage","@id":"https:\/\/www.helievenements.com\/en\/produit\/d-day-landing-beaches-tip-of-hoc\/","url":"https:\/\/www.helievenements.com\/en\/produit\/d-day-landing-beaches-tip-of-hoc\/","name":"D-Day landing beaches : tip of Hoc - HELIEVENEMENTS","isPartOf":{"@id":"https:\/\/www.helievenements.com\/en\/#website"},"primaryImageOfPage":{"@id":"https:\/\/www.helievenements.com\/en\/produit\/d-day-landing-beaches-tip-of-hoc\/#primaryimage"},"image":{"@id":"https:\/\/www.helievenements.com\/en\/produit\/d-day-landing-beaches-tip-of-hoc\/#primaryimage"},"thumbnailUrl":"https:\/\/www.helievenements.com\/wp-content\/uploads\/Pointe-du-Hoc@helievenements.jpg","datePublished":"2017-09-14T20:24:05+00:00","dateModified":"2025-03-12T12:43:36+00:00","breadcrumb":{"@id":"https:\/\/www.helievenements.com\/en\/produit\/d-day-landing-beaches-tip-of-hoc\/#breadcrumb"},"inLanguage":"en-US","potentialAction":[{"@type":"ReadAction","target":["https:\/\/www.helievenements.com\/en\/produit\/d-day-landing-beaches-tip-of-hoc\/"]}]},{"@type":"ImageObject","inLanguage":"en-US","@id":"https:\/\/www.helievenements.com\/en\/produit\/d-day-landing-beaches-tip-of-hoc\/#primaryimage","url":"https:\/\/www.helievenements.com\/wp-content\/uploads\/Pointe-du-Hoc@helievenements.jpg","contentUrl":"https:\/\/www.helievenements.com\/wp-content\/uploads\/Pointe-du-Hoc@helievenements.jpg","width":1200,"height":1600},{"@type":"BreadcrumbList","@id":"https:\/\/www.helievenements.com\/en\/produit\/d-day-landing-beaches-tip-of-hoc\/#breadcrumb","itemListElement":[{"@type":"ListItem","position":1,"name":"Accueil","item":"https:\/\/www.helievenements.com\/en\/"},{"@type":"ListItem","position":2,"name":"Shop","item":"https:\/\/www.helievenements.com\/en\/shop\/"},{"@type":"ListItem","position":3,"name":"D-Day landing beaches : tip of Hoc"}]},{"@type":"WebSite","@id":"https:\/\/www.helievenements.com\/en\/#website","url":"https:\/\/www.helievenements.com\/en\/","name":"HELIEVENEMENTS","description":"","potentialAction":[{"@type":"SearchAction","target":{"@type":"EntryPoint","urlTemplate":"https:\/\/www.helievenements.com\/en\/?s={search_term_string}"},"query-input":{"@type":"PropertyValueSpecification","valueRequired":true,"valueName":"search_term_string"}}],"inLanguage":"en-US"}]}},"_links":{"self":[{"href":"https:\/\/www.helievenements.com\/en\/wp-json\/wp\/v2\/product\/3664","targetHints":{"allow":["GET"]}}],"collection":[{"href":"https:\/\/www.helievenements.com\/en\/wp-json\/wp\/v2\/product"}],"about":[{"href":"https:\/\/www.helievenements.com\/en\/wp-json\/wp\/v2\/types\/product"}],"replies":[{"embeddable":true,"href":"https:\/\/www.helievenements.com\/en\/wp-json\/wp\/v2\/comments?post=3664"}],"wp:featuredmedia":[{"embeddable":true,"href":"https:\/\/www.helievenements.com\/en\/wp-json\/wp\/v2\/media\/3552"}],"wp:attachment":[{"href":"https:\/\/www.helievenements.com\/en\/wp-json\/wp\/v2\/media?parent=3664"}],"wp:term":[{"taxonomy":"product_brand","embeddable":true,"href":"https:\/\/www.helievenements.com\/en\/wp-json\/wp\/v2\/product_brand?post=3664"},{"taxonomy":"product_cat","embeddable":true,"href":"https:\/\/www.helievenements.com\/en\/wp-json\/wp\/v2\/product_cat?post=3664"},{"taxonomy":"product_tag","embeddable":true,"href":"https:\/\/www.helievenements.com\/en\/wp-json\/wp\/v2\/product_tag?post=3664"}],"curies":[{"name":"wp","href":"https:\/\/api.w.org\/{rel}","templated":true}]}}