{"id":3650,"date":"2018-05-14T15:25:50","date_gmt":"2018-05-14T15:25:50","guid":{"rendered":"https:\/\/www.helievenements.com\/produit\/pointe-du-hoc-et-cimetiere-americain-10-min\/"},"modified":"2025-03-12T12:42:38","modified_gmt":"2025-03-12T12:42:38","slug":"d-day-beaches-tip-of-hoc-and-the-american-cemetery","status":"publish","type":"product","link":"https:\/\/www.helievenements.com\/en\/produit\/d-day-beaches-tip-of-hoc-and-the-american-cemetery\/","title":{"rendered":"D-Day Beaches : Tip of Hoc and the American Cemetery"},"content":{"rendered":"<p>Flying time 10 minutes price \u20ac85<br \/>\nDeparture point: ephemeral field<br \/>\n(Flight time 10mn)<br \/>\nDiscover the Colleville sur Mer American Cemetery, in the heart of the Normandy landing beaches. Overlooking Omaha Beach, this site contains the graves of 9,387 fallen soldiers, a chapel, a memorial and a garden for the missing. On the way back,<br \/>\nDiscover Pointe du Hoc from the air. Halfway between Omaha Beach and Utah Beach, the Pointe du Hoc dominates the sea from its vertical cliff. You will continue your flight towards the town of Grandcamp and its oyster beds.<\/p>\n<p>Ecureuil AS350 B3e helicopter<br \/>\nMaximum 6 passengers per helicopter<\/p>\n","protected":false},"excerpt":{"rendered":"<p><span style=\"font-weight: 400;\">\ud83d\ude4f\ud83c\udffc <\/span><b>Anniversary of the Normandy landings, bookable between late May and early June, then mid-July to mid-August.<\/b><\/p>\n<p><span style=\"font-weight: 400;\">\ud83c\udf81 Our gift cards are valid for 12 months!<\/span><\/p>\n<p>&nbsp;<\/p>\n<p><span style=\"font-weight: 400;\">Departing from our private grounds near Omaha Beach, you will discover the Colleville sur Mer American Cemetery, in the heart of the Normandy landing beaches. Overlooking Omaha Beach, this site contains the graves of 9,387 fallen soldiers, a chapel, a memorial and a garden for the missing.<\/span><\/p>\n<p><span style=\"font-weight: 400;\">On the way back you will discover the famous Pointe du Hoc. Numerous blockhouses and bombing craters are still visible.<\/span><\/p>\n<p><span style=\"font-weight: 400;\">It was the scene of one of the operations during the Allied landings in Normandy on 6 June 1944.<\/span><\/p>\n<p>&nbsp;<\/p>\n<p><span style=\"font-weight: 400;\">\ud83d\ude81 You will fly aboard an Ecureuil H125 B3e Helicopter, with 5 or 6 seats (depending on the weight of each, so that all passengers are well seated)<\/span><\/p>\n","protected":false},"featured_media":3016,"comment_status":"open","ping_status":"closed","template":"","meta":{"_acf_changed":false},"product_brand":[],"product_cat":[48,47],"product_tag":[],"class_list":{"0":"post-3650","1":"product","2":"type-product","3":"status-publish","4":"has-post-thumbnail","6":"product_cat-gift-card","7":"product_cat-tourist-routes","9":"first","10":"instock","11":"taxable","12":"shipping-taxable","13":"purchasable","14":"product-type-variable","15":"has-default-attributes"},"acf":[],"yoast_head":"\n<title>D-Day Beaches : Tip of Hoc and the American Cemetery - HELIEVENEMENTS<\/title>\n<meta name=\"description\" content=\"Cimeti\u00e8re Am\u00e9ricain, la plage d&#039;omaha Beach et la pointe du Hoc qui fut le th\u00e9\u00e2tre d&#039;une des op\u00e9rations du d\u00e9barquement alli\u00e9 en Normandie le 6 juin 1944\" \/>\n<meta name=\"robots\" content=\"index, follow, max-snippet:-1, max-image-preview:large, max-video-preview:-1\" \/>\n<link rel=\"canonical\" href=\"https:\/\/www.helievenements.com\/en\/produit\/d-day-beaches-tip-of-hoc-and-the-american-cemetery\/\" \/>\n<meta property=\"og:locale\" content=\"en_US\" \/>\n<meta property=\"og:type\" content=\"article\" \/>\n<meta property=\"og:title\" content=\"D-Day Beaches : Tip of Hoc and the American Cemetery - HELIEVENEMENTS\" \/>\n<meta property=\"og:description\" content=\"Cimeti\u00e8re Am\u00e9ricain, la plage d&#039;omaha Beach et la pointe du Hoc qui fut le th\u00e9\u00e2tre d&#039;une des op\u00e9rations du d\u00e9barquement alli\u00e9 en Normandie le 6 juin 1944\" \/>\n<meta property=\"og:url\" content=\"https:\/\/www.helievenements.com\/en\/produit\/d-day-beaches-tip-of-hoc-and-the-american-cemetery\/\" \/>\n<meta property=\"og:site_name\" content=\"HELIEVENEMENTS\" \/>\n<meta property=\"article:modified_time\" content=\"2025-03-12T12:42:38+00:00\" \/>\n<meta property=\"og:image\" content=\"https:\/\/www.helievenements.com\/wp-content\/uploads\/Cimeti\u00e8re-Am\u00e9ricain.jpg\" \/>\n\t<meta property=\"og:image:width\" content=\"1024\" \/>\n\t<meta property=\"og:image:height\" content=\"697\" \/>\n\t<meta property=\"og:image:type\" content=\"image\/jpeg\" \/>\n<meta name=\"twitter:card\" content=\"summary_large_image\" \/>\n<meta name=\"twitter:label1\" content=\"Est. reading time\" \/>\n\t<meta name=\"twitter:data1\" content=\"1 minute\" \/>\n<script type=\"application\/ld+json\" class=\"yoast-schema-graph\">{\"@context\":\"https:\\\/\\\/schema.org\",\"@graph\":[{\"@type\":\"WebPage\",\"@id\":\"https:\\\/\\\/www.helievenements.com\\\/en\\\/produit\\\/d-day-beaches-tip-of-hoc-and-the-american-cemetery\\\/\",\"url\":\"https:\\\/\\\/www.helievenements.com\\\/en\\\/produit\\\/d-day-beaches-tip-of-hoc-and-the-american-cemetery\\\/\",\"name\":\"D-Day Beaches : Tip of Hoc and the American Cemetery - HELIEVENEMENTS\",\"isPartOf\":{\"@id\":\"https:\\\/\\\/www.helievenements.com\\\/en\\\/#website\"},\"primaryImageOfPage\":{\"@id\":\"https:\\\/\\\/www.helievenements.com\\\/en\\\/produit\\\/d-day-beaches-tip-of-hoc-and-the-american-cemetery\\\/#primaryimage\"},\"image\":{\"@id\":\"https:\\\/\\\/www.helievenements.com\\\/en\\\/produit\\\/d-day-beaches-tip-of-hoc-and-the-american-cemetery\\\/#primaryimage\"},\"thumbnailUrl\":\"https:\\\/\\\/www.helievenements.com\\\/wp-content\\\/uploads\\\/Cimeti\u00e8re-Am\u00e9ricain.jpg\",\"datePublished\":\"2018-05-14T15:25:50+00:00\",\"dateModified\":\"2025-03-12T12:42:38+00:00\",\"description\":\"Cimeti\u00e8re Am\u00e9ricain, la plage d'omaha Beach et la pointe du Hoc qui fut le th\u00e9\u00e2tre d'une des op\u00e9rations du d\u00e9barquement alli\u00e9 en Normandie le 6 juin 1944\",\"breadcrumb\":{\"@id\":\"https:\\\/\\\/www.helievenements.com\\\/en\\\/produit\\\/d-day-beaches-tip-of-hoc-and-the-american-cemetery\\\/#breadcrumb\"},\"inLanguage\":\"en-US\",\"potentialAction\":[{\"@type\":\"ReadAction\",\"target\":[\"https:\\\/\\\/www.helievenements.com\\\/en\\\/produit\\\/d-day-beaches-tip-of-hoc-and-the-american-cemetery\\\/\"]}]},{\"@type\":\"ImageObject\",\"inLanguage\":\"en-US\",\"@id\":\"https:\\\/\\\/www.helievenements.com\\\/en\\\/produit\\\/d-day-beaches-tip-of-hoc-and-the-american-cemetery\\\/#primaryimage\",\"url\":\"https:\\\/\\\/www.helievenements.com\\\/wp-content\\\/uploads\\\/Cimeti\u00e8re-Am\u00e9ricain.jpg\",\"contentUrl\":\"https:\\\/\\\/www.helievenements.com\\\/wp-content\\\/uploads\\\/Cimeti\u00e8re-Am\u00e9ricain.jpg\",\"width\":1024,\"height\":697},{\"@type\":\"BreadcrumbList\",\"@id\":\"https:\\\/\\\/www.helievenements.com\\\/en\\\/produit\\\/d-day-beaches-tip-of-hoc-and-the-american-cemetery\\\/#breadcrumb\",\"itemListElement\":[{\"@type\":\"ListItem\",\"position\":1,\"name\":\"Accueil\",\"item\":\"https:\\\/\\\/www.helievenements.com\\\/en\\\/\"},{\"@type\":\"ListItem\",\"position\":2,\"name\":\"Shop\",\"item\":\"https:\\\/\\\/www.helievenements.com\\\/en\\\/shop\\\/\"},{\"@type\":\"ListItem\",\"position\":3,\"name\":\"D-Day Beaches : Tip of Hoc and the American Cemetery\"}]},{\"@type\":\"WebSite\",\"@id\":\"https:\\\/\\\/www.helievenements.com\\\/en\\\/#website\",\"url\":\"https:\\\/\\\/www.helievenements.com\\\/en\\\/\",\"name\":\"HELIEVENEMENTS\",\"description\":\"\",\"potentialAction\":[{\"@type\":\"SearchAction\",\"target\":{\"@type\":\"EntryPoint\",\"urlTemplate\":\"https:\\\/\\\/www.helievenements.com\\\/en\\\/?s={search_term_string}\"},\"query-input\":{\"@type\":\"PropertyValueSpecification\",\"valueRequired\":true,\"valueName\":\"search_term_string\"}}],\"inLanguage\":\"en-US\"}]}<\/script>\n","yoast_head_json":{"title":"D-Day Beaches : Tip of Hoc and the American Cemetery - HELIEVENEMENTS","description":"Cimeti\u00e8re Am\u00e9ricain, la plage d'omaha Beach et la pointe du Hoc qui fut le th\u00e9\u00e2tre d'une des op\u00e9rations du d\u00e9barquement alli\u00e9 en Normandie le 6 juin 1944","robots":{"index":"index","follow":"follow","max-snippet":"max-snippet:-1","max-image-preview":"max-image-preview:large","max-video-preview":"max-video-preview:-1"},"canonical":"https:\/\/www.helievenements.com\/en\/produit\/d-day-beaches-tip-of-hoc-and-the-american-cemetery\/","og_locale":"en_US","og_type":"article","og_title":"D-Day Beaches : Tip of Hoc and the American Cemetery - HELIEVENEMENTS","og_description":"Cimeti\u00e8re Am\u00e9ricain, la plage d'omaha Beach et la pointe du Hoc qui fut le th\u00e9\u00e2tre d'une des op\u00e9rations du d\u00e9barquement alli\u00e9 en Normandie le 6 juin 1944","og_url":"https:\/\/www.helievenements.com\/en\/produit\/d-day-beaches-tip-of-hoc-and-the-american-cemetery\/","og_site_name":"HELIEVENEMENTS","article_modified_time":"2025-03-12T12:42:38+00:00","og_image":[{"width":1024,"height":697,"url":"https:\/\/www.helievenements.com\/wp-content\/uploads\/Cimeti\u00e8re-Am\u00e9ricain.jpg","type":"image\/jpeg"}],"twitter_card":"summary_large_image","twitter_misc":{"Est. reading time":"1 minute"},"schema":{"@context":"https:\/\/schema.org","@graph":[{"@type":"WebPage","@id":"https:\/\/www.helievenements.com\/en\/produit\/d-day-beaches-tip-of-hoc-and-the-american-cemetery\/","url":"https:\/\/www.helievenements.com\/en\/produit\/d-day-beaches-tip-of-hoc-and-the-american-cemetery\/","name":"D-Day Beaches : Tip of Hoc and the American Cemetery - HELIEVENEMENTS","isPartOf":{"@id":"https:\/\/www.helievenements.com\/en\/#website"},"primaryImageOfPage":{"@id":"https:\/\/www.helievenements.com\/en\/produit\/d-day-beaches-tip-of-hoc-and-the-american-cemetery\/#primaryimage"},"image":{"@id":"https:\/\/www.helievenements.com\/en\/produit\/d-day-beaches-tip-of-hoc-and-the-american-cemetery\/#primaryimage"},"thumbnailUrl":"https:\/\/www.helievenements.com\/wp-content\/uploads\/Cimeti\u00e8re-Am\u00e9ricain.jpg","datePublished":"2018-05-14T15:25:50+00:00","dateModified":"2025-03-12T12:42:38+00:00","description":"Cimeti\u00e8re Am\u00e9ricain, la plage d'omaha Beach et la pointe du Hoc qui fut le th\u00e9\u00e2tre d'une des op\u00e9rations du d\u00e9barquement alli\u00e9 en Normandie le 6 juin 1944","breadcrumb":{"@id":"https:\/\/www.helievenements.com\/en\/produit\/d-day-beaches-tip-of-hoc-and-the-american-cemetery\/#breadcrumb"},"inLanguage":"en-US","potentialAction":[{"@type":"ReadAction","target":["https:\/\/www.helievenements.com\/en\/produit\/d-day-beaches-tip-of-hoc-and-the-american-cemetery\/"]}]},{"@type":"ImageObject","inLanguage":"en-US","@id":"https:\/\/www.helievenements.com\/en\/produit\/d-day-beaches-tip-of-hoc-and-the-american-cemetery\/#primaryimage","url":"https:\/\/www.helievenements.com\/wp-content\/uploads\/Cimeti\u00e8re-Am\u00e9ricain.jpg","contentUrl":"https:\/\/www.helievenements.com\/wp-content\/uploads\/Cimeti\u00e8re-Am\u00e9ricain.jpg","width":1024,"height":697},{"@type":"BreadcrumbList","@id":"https:\/\/www.helievenements.com\/en\/produit\/d-day-beaches-tip-of-hoc-and-the-american-cemetery\/#breadcrumb","itemListElement":[{"@type":"ListItem","position":1,"name":"Accueil","item":"https:\/\/www.helievenements.com\/en\/"},{"@type":"ListItem","position":2,"name":"Shop","item":"https:\/\/www.helievenements.com\/en\/shop\/"},{"@type":"ListItem","position":3,"name":"D-Day Beaches : Tip of Hoc and the American Cemetery"}]},{"@type":"WebSite","@id":"https:\/\/www.helievenements.com\/en\/#website","url":"https:\/\/www.helievenements.com\/en\/","name":"HELIEVENEMENTS","description":"","potentialAction":[{"@type":"SearchAction","target":{"@type":"EntryPoint","urlTemplate":"https:\/\/www.helievenements.com\/en\/?s={search_term_string}"},"query-input":{"@type":"PropertyValueSpecification","valueRequired":true,"valueName":"search_term_string"}}],"inLanguage":"en-US"}]}},"_links":{"self":[{"href":"https:\/\/www.helievenements.com\/en\/wp-json\/wp\/v2\/product\/3650","targetHints":{"allow":["GET"]}}],"collection":[{"href":"https:\/\/www.helievenements.com\/en\/wp-json\/wp\/v2\/product"}],"about":[{"href":"https:\/\/www.helievenements.com\/en\/wp-json\/wp\/v2\/types\/product"}],"replies":[{"embeddable":true,"href":"https:\/\/www.helievenements.com\/en\/wp-json\/wp\/v2\/comments?post=3650"}],"wp:featuredmedia":[{"embeddable":true,"href":"https:\/\/www.helievenements.com\/en\/wp-json\/wp\/v2\/media\/3016"}],"wp:attachment":[{"href":"https:\/\/www.helievenements.com\/en\/wp-json\/wp\/v2\/media?parent=3650"}],"wp:term":[{"taxonomy":"product_brand","embeddable":true,"href":"https:\/\/www.helievenements.com\/en\/wp-json\/wp\/v2\/product_brand?post=3650"},{"taxonomy":"product_cat","embeddable":true,"href":"https:\/\/www.helievenements.com\/en\/wp-json\/wp\/v2\/product_cat?post=3650"},{"taxonomy":"product_tag","embeddable":true,"href":"https:\/\/www.helievenements.com\/en\/wp-json\/wp\/v2\/product_tag?post=3650"}],"curies":[{"name":"wp","href":"https:\/\/api.w.org\/{rel}","templated":true}]}}