{"id":4902,"date":"2026-02-17T10:52:01","date_gmt":"2026-02-17T10:52:01","guid":{"rendered":"https:\/\/www.helievenements.com\/heliport-media-freight\/transport-de-colis-par-helicoptere-pour-les-professionnels\/"},"modified":"2026-02-18T09:35:50","modified_gmt":"2026-02-18T09:35:50","slug":"freight-parcel-transport","status":"publish","type":"page","link":"https:\/\/www.helievenements.com\/en\/heliport-media-freight\/freight-parcel-transport\/","title":{"rendered":"Freight \/ Parcel transport"},"content":{"rendered":"\t\t<div data-elementor-type=\"wp-page\" data-elementor-id=\"4902\" class=\"elementor elementor-4902 elementor-4873\">\n\t\t\t\t<section class=\"elementor-element elementor-element-166ad10 section_title_page fond_sombre e-flex e-con-boxed e-con e-parent\" data-id=\"166ad10\" data-element_type=\"container\" data-e-type=\"container\" data-settings=\"{&quot;background_background&quot;:&quot;classic&quot;}\">\n\t\t\t\t\t<div class=\"e-con-inner\">\n\t\t\t\t<div class=\"elementor-element elementor-element-f516074 elementor-widget elementor-widget-heading\" data-id=\"f516074\" data-element_type=\"widget\" data-e-type=\"widget\" data-widget_type=\"heading.default\">\n\t\t\t\t\t<h1 class=\"elementor-heading-title elementor-size-default\">Freight \/ Parcel transport<\/h1>\t\t\t\t<\/div>\n\t\t\t\t\t<\/div>\n\t\t\t\t<\/section>\n\t\t<div class=\"elementor-element elementor-element-ee74893 e-flex e-con-boxed e-con e-parent\" data-id=\"ee74893\" data-element_type=\"container\" data-e-type=\"container\">\n\t\t\t\t\t<div class=\"e-con-inner\">\n\t\t<div class=\"elementor-element elementor-element-e46280e e-con-full e-flex e-con e-child\" data-id=\"e46280e\" data-element_type=\"container\" data-e-type=\"container\">\n\t\t\t\t<div class=\"elementor-element elementor-element-4c94275 galerie_helie elementor-arrows-position-inside elementor-widget elementor-widget-image-carousel\" data-id=\"4c94275\" data-element_type=\"widget\" data-e-type=\"widget\" data-settings=\"{&quot;slides_to_show&quot;:&quot;1&quot;,&quot;navigation&quot;:&quot;arrows&quot;,&quot;autoplay_speed&quot;:4000,&quot;autoplay&quot;:&quot;yes&quot;,&quot;pause_on_hover&quot;:&quot;yes&quot;,&quot;pause_on_interaction&quot;:&quot;yes&quot;,&quot;infinite&quot;:&quot;yes&quot;,&quot;effect&quot;:&quot;slide&quot;,&quot;speed&quot;:500}\" data-widget_type=\"image-carousel.default\">\n\t\t\t\t\t\t\t<div class=\"elementor-image-carousel-wrapper swiper\" role=\"region\" aria-roledescription=\"carousel\" aria-label=\"Carrousel d\u2019images\" dir=\"ltr\">\n\t\t\t<div class=\"elementor-image-carousel swiper-wrapper swiper-image-stretch\" aria-live=\"off\">\n\t\t\t\t\t\t\t\t<div class=\"swiper-slide\" role=\"group\" aria-roledescription=\"slide\" aria-label=\"1 of 3\"><a data-elementor-open-lightbox=\"yes\" data-elementor-lightbox-slideshow=\"4c94275\" data-elementor-lightbox-title=\"transport-de-colis-par-helicoptere\" data-e-action-hash=\"#elementor-action%3Aaction%3Dlightbox%26settings%3DeyJpZCI6NDY5NywidXJsIjoiaHR0cHM6XC9cL3d3dy5oZWxpZXZlbmVtZW50cy5jb21cL3dwLWNvbnRlbnRcL3VwbG9hZHNcL3RyYW5zcG9ydC1kZS1jb2xpcy1wYXItaGVsaWNvcHRlcmUuanBnIiwic2xpZGVzaG93IjoiNGM5NDI3NSJ9\" href=\"https:\/\/www.helievenements.com\/wp-content\/uploads\/transport-de-colis-par-helicoptere.jpg\"><figure class=\"swiper-slide-inner\"><img decoding=\"async\" class=\"swiper-slide-image\" src=\"https:\/\/www.helievenements.com\/wp-content\/uploads\/transport-de-colis-par-helicoptere.jpg\" alt=\"transport de colis par helicoptere\" \/><\/figure><\/a><\/div><div class=\"swiper-slide\" role=\"group\" aria-roledescription=\"slide\" aria-label=\"2 of 3\"><a data-elementor-open-lightbox=\"yes\" data-elementor-lightbox-slideshow=\"4c94275\" data-elementor-lightbox-title=\"Fret urgent\" data-e-action-hash=\"#elementor-action%3Aaction%3Dlightbox%26settings%3DeyJpZCI6MzA0NiwidXJsIjoiaHR0cHM6XC9cL3d3dy5oZWxpZXZlbmVtZW50cy5jb21cL3dwLWNvbnRlbnRcL3VwbG9hZHNcL0ZyZXQtdXJnZW50LTEuanBnIiwic2xpZGVzaG93IjoiNGM5NDI3NSJ9\" href=\"https:\/\/www.helievenements.com\/wp-content\/uploads\/Fret-urgent-1.jpg\"><figure class=\"swiper-slide-inner\"><img decoding=\"async\" class=\"swiper-slide-image\" src=\"https:\/\/www.helievenements.com\/wp-content\/uploads\/Fret-urgent-1.jpg\" alt=\"Fret urgent\" \/><\/figure><\/a><\/div><div class=\"swiper-slide\" role=\"group\" aria-roledescription=\"slide\" aria-label=\"3 of 3\"><a data-elementor-open-lightbox=\"yes\" data-elementor-lightbox-slideshow=\"4c94275\" data-elementor-lightbox-title=\"Fret urgent carton\" data-e-action-hash=\"#elementor-action%3Aaction%3Dlightbox%26settings%3DeyJpZCI6MzA0OCwidXJsIjoiaHR0cHM6XC9cL3d3dy5oZWxpZXZlbmVtZW50cy5jb21cL3dwLWNvbnRlbnRcL3VwbG9hZHNcL0ZyZXQtY2FydG9uLmpwZyIsInNsaWRlc2hvdyI6IjRjOTQyNzUifQ%3D%3D\" href=\"https:\/\/www.helievenements.com\/wp-content\/uploads\/Fret-carton.jpg\"><figure class=\"swiper-slide-inner\"><img decoding=\"async\" class=\"swiper-slide-image\" src=\"https:\/\/www.helievenements.com\/wp-content\/uploads\/Fret-carton-768x576.jpg\" alt=\"Fret urgent carton\" \/><\/figure><\/a><\/div>\t\t\t<\/div>\n\t\t\t\t\t\t\t\t\t\t\t\t<div class=\"elementor-swiper-button elementor-swiper-button-prev\" role=\"button\" tabindex=\"0\">\n\t\t\t\t\t\t<svg aria-hidden=\"true\" class=\"e-font-icon-svg e-eicon-chevron-left\" viewBox=\"0 0 1000 1000\" xmlns=\"http:\/\/www.w3.org\/2000\/svg\"><path d=\"M646 125C629 125 613 133 604 142L308 442C296 454 292 471 292 487 292 504 296 521 308 533L604 854C617 867 629 875 646 875 663 875 679 871 692 858 704 846 713 829 713 812 713 796 708 779 692 767L438 487 692 225C700 217 708 204 708 187 708 171 704 154 692 142 675 129 663 125 646 125Z\"><\/path><\/svg>\t\t\t\t\t<\/div>\n\t\t\t\t\t<div class=\"elementor-swiper-button elementor-swiper-button-next\" role=\"button\" tabindex=\"0\">\n\t\t\t\t\t\t<svg aria-hidden=\"true\" class=\"e-font-icon-svg e-eicon-chevron-right\" viewBox=\"0 0 1000 1000\" xmlns=\"http:\/\/www.w3.org\/2000\/svg\"><path d=\"M696 533C708 521 713 504 713 487 713 471 708 454 696 446L400 146C388 133 375 125 354 125 338 125 325 129 313 142 300 154 292 171 292 187 292 204 296 221 308 233L563 492 304 771C292 783 288 800 288 817 288 833 296 850 308 863 321 871 338 875 354 875 371 875 388 867 400 854L696 533Z\"><\/path><\/svg>\t\t\t\t\t<\/div>\n\t\t\t\t\n\t\t\t\t\t\t\t\t\t<\/div>\n\t\t\t\t\t\t<\/div>\n\t\t\t\t<\/div>\n\t\t<div class=\"elementor-element elementor-element-ac84a94 e-con-full e-flex e-con e-child\" data-id=\"ac84a94\" data-element_type=\"container\" data-e-type=\"container\">\n\t\t\t\t<div class=\"elementor-element elementor-element-e140196 elementor-widget elementor-widget-text-editor\" data-id=\"e140196\" data-element_type=\"widget\" data-e-type=\"widget\" data-widget_type=\"text-editor.default\">\n\t\t\t\t\t\t\t\t\t<p>When traditional delivery solutions are no longer sufficient, transporting parcels by helicopter becomes a fast and reliable solution. H\u00e9li \u00c9v\u00e9nements offers this specialised service to professionals to ensure the continuity of their activities and secure their logistics.<\/p>\t\t\t\t\t\t\t\t<\/div>\n\t\t\t\t<\/div>\n\t\t\t\t\t<\/div>\n\t\t\t\t<\/div>\n\t\t<div class=\"elementor-element elementor-element-2a86c1f e-flex e-con-boxed e-con e-parent\" data-id=\"2a86c1f\" data-element_type=\"container\" data-e-type=\"container\">\n\t\t\t\t\t<div class=\"e-con-inner\">\n\t\t<div class=\"elementor-element elementor-element-eccc13a e-con-full e-flex e-con e-child\" data-id=\"eccc13a\" data-element_type=\"container\" data-e-type=\"container\">\n\t\t\t\t<div class=\"elementor-element elementor-element-5e0c5f5 elementor-widget elementor-widget-text-editor\" data-id=\"5e0c5f5\" data-element_type=\"widget\" data-e-type=\"widget\" data-widget_type=\"text-editor.default\">\n\t\t\t\t\t\t\t\t\t<h2>Helicopters to transport your parcels<\/h2><p>Road and rail transport do not always offer the flexibility needed to meet urgent logistical requirements. Traffic jams, tight schedules and unexpected delays can cause problems for companies working to tight deadlines. In some cases, this can even bring production to a standstill and lead to financial losses.<\/p><p>With helicopter parcel transport, it is possible to circumvent these constraints. Air transport ensures direct delivery and allows your goods to be delivered quickly to where they are needed. This approach is a real competitive advantage for professionals who want to secure their organisation and avoid any disruption to their business.<\/p>\t\t\t\t\t\t\t\t<\/div>\n\t\t\t\t<\/div>\n\t\t<div class=\"elementor-element elementor-element-37349ad e-con-full e-flex e-con e-child\" data-id=\"37349ad\" data-element_type=\"container\" data-e-type=\"container\">\n\t\t\t\t<div class=\"elementor-element elementor-element-a013c05 elementor-widget elementor-widget-image\" data-id=\"a013c05\" data-element_type=\"widget\" data-e-type=\"widget\" data-widget_type=\"image.default\">\n\t\t\t\t\t\t\t\t\t\t\t\t\t\t\t\t<a href=\"https:\/\/www.helievenements.com\/wp-content\/uploads\/Fret-carton.jpg\" data-elementor-open-lightbox=\"yes\" data-elementor-lightbox-title=\"Fret urgent carton\" data-e-action-hash=\"#elementor-action%3Aaction%3Dlightbox%26settings%3DeyJpZCI6MzA0OCwidXJsIjoiaHR0cHM6XC9cL3d3dy5oZWxpZXZlbmVtZW50cy5jb21cL3dwLWNvbnRlbnRcL3VwbG9hZHNcL0ZyZXQtY2FydG9uLmpwZyJ9\">\n\t\t\t\t\t\t\t<img fetchpriority=\"high\" decoding=\"async\" width=\"640\" height=\"480\" src=\"https:\/\/www.helievenements.com\/wp-content\/uploads\/Fret-carton-768x576.jpg\" class=\"attachment-medium_large size-medium_large wp-image-3048\" alt=\"\" srcset=\"https:\/\/www.helievenements.com\/wp-content\/uploads\/Fret-carton-768x576.jpg 768w, https:\/\/www.helievenements.com\/wp-content\/uploads\/Fret-carton-300x225.jpg 300w, https:\/\/www.helievenements.com\/wp-content\/uploads\/Fret-carton-600x450.jpg 600w, https:\/\/www.helievenements.com\/wp-content\/uploads\/Fret-carton-1024x768.jpg 1024w, https:\/\/www.helievenements.com\/wp-content\/uploads\/Fret-carton.jpg 1200w\" sizes=\"(max-width: 640px) 100vw, 640px\" \/>\t\t\t\t\t\t\t\t<\/a>\n\t\t\t\t\t\t\t\t\t\t\t\t\t\t\t<\/div>\n\t\t\t\t<\/div>\n\t\t\t\t\t<\/div>\n\t\t\t\t<\/div>\n\t\t<div class=\"elementor-element elementor-element-b3391a0 e-flex e-con-boxed e-con e-parent\" data-id=\"b3391a0\" data-element_type=\"container\" data-e-type=\"container\">\n\t\t\t\t\t<div class=\"e-con-inner\">\n\t\t<div class=\"elementor-element elementor-element-acc4c83 e-con-full e-flex e-con e-child\" data-id=\"acc4c83\" data-element_type=\"container\" data-e-type=\"container\">\n\t\t\t\t<div class=\"elementor-element elementor-element-eb520de elementor-widget elementor-widget-text-editor\" data-id=\"eb520de\" data-element_type=\"widget\" data-e-type=\"widget\" data-widget_type=\"text-editor.default\">\n\t\t\t\t\t\t\t\t\t<h2>H\u00e9li \u00c9v\u00e9nements, transport specialist in Normandy<\/h2><h3>A tailor-made service<\/h3><p>Each assignment is studied according to the characteristics of the parcel and the operational constraints. Our team takes into account the load to be transported, the destination and the desired deadlines in order to offer a suitable solution. The aim is to provide an efficient, reliable service that is perfectly tailored to our customers&#8217; requirements. Depending on the type of delivery, planning may include specific preparation, for example when transporting an essential mechanical part to a construction site or a batch of important documents.<\/p>\t\t\t\t\t\t\t\t<\/div>\n\t\t\t\t<\/div>\n\t\t<div class=\"elementor-element elementor-element-975d21a e-con-full e-flex e-con e-child\" data-id=\"975d21a\" data-element_type=\"container\" data-e-type=\"container\">\n\t\t\t\t<div class=\"elementor-element elementor-element-c1f2bb7 elementor-widget elementor-widget-image\" data-id=\"c1f2bb7\" data-element_type=\"widget\" data-e-type=\"widget\" data-widget_type=\"image.default\">\n\t\t\t\t\t\t\t\t\t\t\t\t\t\t\t\t<a href=\"https:\/\/www.helievenements.com\/wp-content\/uploads\/Fret-urgent-1.jpg\" data-elementor-open-lightbox=\"yes\" data-elementor-lightbox-title=\"Fret urgent\" data-e-action-hash=\"#elementor-action%3Aaction%3Dlightbox%26settings%3DeyJpZCI6MzA0NiwidXJsIjoiaHR0cHM6XC9cL3d3dy5oZWxpZXZlbmVtZW50cy5jb21cL3dwLWNvbnRlbnRcL3VwbG9hZHNcL0ZyZXQtdXJnZW50LTEuanBnIn0%3D\">\n\t\t\t\t\t\t\t<img decoding=\"async\" width=\"640\" height=\"853\" src=\"https:\/\/www.helievenements.com\/wp-content\/uploads\/Fret-urgent-1.jpg\" class=\"attachment-medium_large size-medium_large wp-image-3046\" alt=\"\" srcset=\"https:\/\/www.helievenements.com\/wp-content\/uploads\/Fret-urgent-1.jpg 640w, https:\/\/www.helievenements.com\/wp-content\/uploads\/Fret-urgent-1-300x400.jpg 300w, https:\/\/www.helievenements.com\/wp-content\/uploads\/Fret-urgent-1-450x600.jpg 450w, https:\/\/www.helievenements.com\/wp-content\/uploads\/Fret-urgent-1-600x800.jpg 600w, https:\/\/www.helievenements.com\/wp-content\/uploads\/Fret-urgent-1-225x300.jpg 225w\" sizes=\"(max-width: 640px) 100vw, 640px\" \/>\t\t\t\t\t\t\t\t<\/a>\n\t\t\t\t\t\t\t\t\t\t\t\t\t\t\t<\/div>\n\t\t\t\t<\/div>\n\t\t\t\t\t<\/div>\n\t\t\t\t<\/div>\n\t\t<div class=\"elementor-element elementor-element-8f4f451 e-flex e-con-boxed e-con e-parent\" data-id=\"8f4f451\" data-element_type=\"container\" data-e-type=\"container\">\n\t\t\t\t\t<div class=\"e-con-inner\">\n\t\t\t\t<div class=\"elementor-element elementor-element-96c2daf elementor-widget elementor-widget-text-editor\" data-id=\"96c2daf\" data-element_type=\"widget\" data-e-type=\"widget\" data-widget_type=\"text-editor.default\">\n\t\t\t\t\t\t\t\t\t<h2>The advantages of transporting parcels by helicopter<\/h2><h3>Speed and responsiveness<\/h3><p>The main advantage of helicopters is their speed. They enable immediate responses to logistical requests and significantly reduce delivery times. This responsiveness is a guarantee for companies facing critical situations such as the delivery of urgent goods or the installation of technical equipment requiring an essential part.<\/p><h3>Reliability and safety<\/h3><p>With H\u00e9li \u00c9v\u00e9nements, parcels are handled professionally. Our aircraft is maintained in accordance with current aeronautical standards. Each delivery is organised with rigour to ensure total reliability and optimal safety.<\/p><h2>A local partner for your freight needs<\/h2><h3>A presence in Normandy<\/h3><p>Our aircraft can take off from several bases in Normandy, enabling a rapid response throughout the region. Businesses in Caen, Rouen, Deauville and surrounding towns can therefore count on a local partner that is responsive and available.<\/p><h3>Comprehensive support<\/h3><p>H\u00e9li \u00c9v\u00e9nements offers more than just transport; we provide genuine support. From the initial contact to the final delivery, every step is supervised to ensure a clear, transparent and efficient service. Every assignment is unique: urgent deliveries for a construction site, confidential parcels for management, or one-off logistics set-ups&#8230; Whatever the situation, we provide solutions to ensure the continuity of your business.<\/p>\t\t\t\t\t\t\t\t<\/div>\n\t\t\t\t<div class=\"elementor-element elementor-element-a616e2a elementor-widget elementor-widget-text-editor\" data-id=\"a616e2a\" data-element_type=\"widget\" data-e-type=\"widget\" data-widget_type=\"text-editor.default\">\n\t\t\t\t\t\t\t\t\t<h2>Need to transport a parcel? Contact us!<\/h2><p>Parcel transport by helicopter is a modern and efficient solution to meet your logistics needs.<\/p><p>By entrusting us with your shipments, you are choosing security and speed. This service is a real lever for maintaining your activities and effectively meeting your delivery requirements.<\/p>\t\t\t\t\t\t\t\t<\/div>\n\t\t\t\t<div class=\"elementor-element elementor-element-c8311c5 elementor-widget elementor-widget-button\" data-id=\"c8311c5\" data-element_type=\"widget\" data-e-type=\"widget\" data-widget_type=\"button.default\">\n\t\t\t\t\t\t\t\t\t\t<a class=\"elementor-button elementor-button-link elementor-size-sm\" href=\"\/en\/contact\/\">\n\t\t\t\t\t\t<span class=\"elementor-button-content-wrapper\">\n\t\t\t\t\t\t\t\t\t<span class=\"elementor-button-text\">Contact us<\/span>\n\t\t\t\t\t<\/span>\n\t\t\t\t\t<\/a>\n\t\t\t\t\t\t\t\t<\/div>\n\t\t\t\t\t<\/div>\n\t\t\t\t<\/div>\n\t\t\t\t<\/div>\n\t\t","protected":false},"excerpt":{"rendered":"<p>Freight \/ Parcel transport When traditional delivery solutions are no longer sufficient, transporting parcels by helicopter becomes a fast and reliable solution. H\u00e9li \u00c9v\u00e9nements offers this specialised service to professionals to ensure the continuity of their activities and secure their logistics. Helicopters to transport your parcels Road and rail transport do not always offer the [&hellip;]<\/p>\n","protected":false},"author":3,"featured_media":4697,"parent":4883,"menu_order":0,"comment_status":"closed","ping_status":"closed","template":"elementor_header_footer","meta":{"_acf_changed":false,"footnotes":""},"class_list":["post-4902","page","type-page","status-publish","has-post-thumbnail","hentry"],"acf":[],"yoast_head":"\n<title>Freight \/ Parcel transport - HELIEVENEMENTS<\/title>\n<meta name=\"description\" content=\"Helicopter parcel delivery guarantees speed, safety and efficiency for your urgent deliveries, in Rouen and throughout Normandy.\" \/>\n<meta name=\"robots\" content=\"index, follow, max-snippet:-1, max-image-preview:large, max-video-preview:-1\" \/>\n<link rel=\"canonical\" href=\"https:\/\/www.helievenements.com\/en\/heliport-media-freight\/freight-parcel-transport\/\" \/>\n<meta property=\"og:locale\" content=\"en_US\" \/>\n<meta property=\"og:type\" content=\"article\" \/>\n<meta property=\"og:title\" content=\"Freight \/ Parcel transport - HELIEVENEMENTS\" \/>\n<meta property=\"og:description\" content=\"Helicopter parcel delivery guarantees speed, safety and efficiency for your urgent deliveries, in Rouen and throughout Normandy.\" \/>\n<meta property=\"og:url\" content=\"https:\/\/www.helievenements.com\/en\/heliport-media-freight\/freight-parcel-transport\/\" \/>\n<meta property=\"og:site_name\" content=\"HELIEVENEMENTS\" \/>\n<meta property=\"article:modified_time\" content=\"2026-02-18T09:35:50+00:00\" \/>\n<meta property=\"og:image\" content=\"https:\/\/www.helievenements.com\/wp-content\/uploads\/transport-de-colis-par-helicoptere.jpg\" \/>\n\t<meta property=\"og:image:width\" content=\"559\" \/>\n\t<meta property=\"og:image:height\" content=\"385\" \/>\n\t<meta property=\"og:image:type\" content=\"image\/jpeg\" \/>\n<meta name=\"twitter:card\" content=\"summary_large_image\" \/>\n<meta name=\"twitter:label1\" content=\"Est. reading time\" \/>\n\t<meta name=\"twitter:data1\" content=\"4 minutes\" \/>\n<script type=\"application\/ld+json\" class=\"yoast-schema-graph\">{\"@context\":\"https:\\\/\\\/schema.org\",\"@graph\":[{\"@type\":\"WebPage\",\"@id\":\"https:\\\/\\\/www.helievenements.com\\\/en\\\/heliport-media-freight\\\/freight-parcel-transport\\\/\",\"url\":\"https:\\\/\\\/www.helievenements.com\\\/en\\\/heliport-media-freight\\\/freight-parcel-transport\\\/\",\"name\":\"Freight \\\/ Parcel transport - HELIEVENEMENTS\",\"isPartOf\":{\"@id\":\"https:\\\/\\\/www.helievenements.com\\\/en\\\/#website\"},\"primaryImageOfPage\":{\"@id\":\"https:\\\/\\\/www.helievenements.com\\\/en\\\/heliport-media-freight\\\/freight-parcel-transport\\\/#primaryimage\"},\"image\":{\"@id\":\"https:\\\/\\\/www.helievenements.com\\\/en\\\/heliport-media-freight\\\/freight-parcel-transport\\\/#primaryimage\"},\"thumbnailUrl\":\"https:\\\/\\\/www.helievenements.com\\\/wp-content\\\/uploads\\\/transport-de-colis-par-helicoptere.jpg\",\"datePublished\":\"2026-02-17T10:52:01+00:00\",\"dateModified\":\"2026-02-18T09:35:50+00:00\",\"description\":\"Helicopter parcel delivery guarantees speed, safety and efficiency for your urgent deliveries, in Rouen and throughout Normandy.\",\"breadcrumb\":{\"@id\":\"https:\\\/\\\/www.helievenements.com\\\/en\\\/heliport-media-freight\\\/freight-parcel-transport\\\/#breadcrumb\"},\"inLanguage\":\"en-US\",\"potentialAction\":[{\"@type\":\"ReadAction\",\"target\":[\"https:\\\/\\\/www.helievenements.com\\\/en\\\/heliport-media-freight\\\/freight-parcel-transport\\\/\"]}]},{\"@type\":\"ImageObject\",\"inLanguage\":\"en-US\",\"@id\":\"https:\\\/\\\/www.helievenements.com\\\/en\\\/heliport-media-freight\\\/freight-parcel-transport\\\/#primaryimage\",\"url\":\"https:\\\/\\\/www.helievenements.com\\\/wp-content\\\/uploads\\\/transport-de-colis-par-helicoptere.jpg\",\"contentUrl\":\"https:\\\/\\\/www.helievenements.com\\\/wp-content\\\/uploads\\\/transport-de-colis-par-helicoptere.jpg\",\"width\":559,\"height\":385,\"caption\":\"transport de colis par helicoptere\"},{\"@type\":\"BreadcrumbList\",\"@id\":\"https:\\\/\\\/www.helievenements.com\\\/en\\\/heliport-media-freight\\\/freight-parcel-transport\\\/#breadcrumb\",\"itemListElement\":[{\"@type\":\"ListItem\",\"position\":1,\"name\":\"Accueil\",\"item\":\"https:\\\/\\\/www.helievenements.com\\\/en\\\/\"},{\"@type\":\"ListItem\",\"position\":2,\"name\":\"Heliport \u2013 Media \u2013 Freight\",\"item\":\"https:\\\/\\\/www.helievenements.com\\\/en\\\/heliport-media-freight\\\/\"},{\"@type\":\"ListItem\",\"position\":3,\"name\":\"Freight \\\/ Parcel transport\"}]},{\"@type\":\"WebSite\",\"@id\":\"https:\\\/\\\/www.helievenements.com\\\/en\\\/#website\",\"url\":\"https:\\\/\\\/www.helievenements.com\\\/en\\\/\",\"name\":\"HELIEVENEMENTS\",\"description\":\"\",\"potentialAction\":[{\"@type\":\"SearchAction\",\"target\":{\"@type\":\"EntryPoint\",\"urlTemplate\":\"https:\\\/\\\/www.helievenements.com\\\/en\\\/?s={search_term_string}\"},\"query-input\":{\"@type\":\"PropertyValueSpecification\",\"valueRequired\":true,\"valueName\":\"search_term_string\"}}],\"inLanguage\":\"en-US\"}]}<\/script>\n","yoast_head_json":{"title":"Freight \/ Parcel transport - HELIEVENEMENTS","description":"Helicopter parcel delivery guarantees speed, safety and efficiency for your urgent deliveries, in Rouen and throughout Normandy.","robots":{"index":"index","follow":"follow","max-snippet":"max-snippet:-1","max-image-preview":"max-image-preview:large","max-video-preview":"max-video-preview:-1"},"canonical":"https:\/\/www.helievenements.com\/en\/heliport-media-freight\/freight-parcel-transport\/","og_locale":"en_US","og_type":"article","og_title":"Freight \/ Parcel transport - HELIEVENEMENTS","og_description":"Helicopter parcel delivery guarantees speed, safety and efficiency for your urgent deliveries, in Rouen and throughout Normandy.","og_url":"https:\/\/www.helievenements.com\/en\/heliport-media-freight\/freight-parcel-transport\/","og_site_name":"HELIEVENEMENTS","article_modified_time":"2026-02-18T09:35:50+00:00","og_image":[{"width":559,"height":385,"url":"https:\/\/www.helievenements.com\/wp-content\/uploads\/transport-de-colis-par-helicoptere.jpg","type":"image\/jpeg"}],"twitter_card":"summary_large_image","twitter_misc":{"Est. reading time":"4 minutes"},"schema":{"@context":"https:\/\/schema.org","@graph":[{"@type":"WebPage","@id":"https:\/\/www.helievenements.com\/en\/heliport-media-freight\/freight-parcel-transport\/","url":"https:\/\/www.helievenements.com\/en\/heliport-media-freight\/freight-parcel-transport\/","name":"Freight \/ Parcel transport - HELIEVENEMENTS","isPartOf":{"@id":"https:\/\/www.helievenements.com\/en\/#website"},"primaryImageOfPage":{"@id":"https:\/\/www.helievenements.com\/en\/heliport-media-freight\/freight-parcel-transport\/#primaryimage"},"image":{"@id":"https:\/\/www.helievenements.com\/en\/heliport-media-freight\/freight-parcel-transport\/#primaryimage"},"thumbnailUrl":"https:\/\/www.helievenements.com\/wp-content\/uploads\/transport-de-colis-par-helicoptere.jpg","datePublished":"2026-02-17T10:52:01+00:00","dateModified":"2026-02-18T09:35:50+00:00","description":"Helicopter parcel delivery guarantees speed, safety and efficiency for your urgent deliveries, in Rouen and throughout Normandy.","breadcrumb":{"@id":"https:\/\/www.helievenements.com\/en\/heliport-media-freight\/freight-parcel-transport\/#breadcrumb"},"inLanguage":"en-US","potentialAction":[{"@type":"ReadAction","target":["https:\/\/www.helievenements.com\/en\/heliport-media-freight\/freight-parcel-transport\/"]}]},{"@type":"ImageObject","inLanguage":"en-US","@id":"https:\/\/www.helievenements.com\/en\/heliport-media-freight\/freight-parcel-transport\/#primaryimage","url":"https:\/\/www.helievenements.com\/wp-content\/uploads\/transport-de-colis-par-helicoptere.jpg","contentUrl":"https:\/\/www.helievenements.com\/wp-content\/uploads\/transport-de-colis-par-helicoptere.jpg","width":559,"height":385,"caption":"transport de colis par helicoptere"},{"@type":"BreadcrumbList","@id":"https:\/\/www.helievenements.com\/en\/heliport-media-freight\/freight-parcel-transport\/#breadcrumb","itemListElement":[{"@type":"ListItem","position":1,"name":"Accueil","item":"https:\/\/www.helievenements.com\/en\/"},{"@type":"ListItem","position":2,"name":"Heliport \u2013 Media \u2013 Freight","item":"https:\/\/www.helievenements.com\/en\/heliport-media-freight\/"},{"@type":"ListItem","position":3,"name":"Freight \/ Parcel transport"}]},{"@type":"WebSite","@id":"https:\/\/www.helievenements.com\/en\/#website","url":"https:\/\/www.helievenements.com\/en\/","name":"HELIEVENEMENTS","description":"","potentialAction":[{"@type":"SearchAction","target":{"@type":"EntryPoint","urlTemplate":"https:\/\/www.helievenements.com\/en\/?s={search_term_string}"},"query-input":{"@type":"PropertyValueSpecification","valueRequired":true,"valueName":"search_term_string"}}],"inLanguage":"en-US"}]}},"_links":{"self":[{"href":"https:\/\/www.helievenements.com\/en\/wp-json\/wp\/v2\/pages\/4902","targetHints":{"allow":["GET"]}}],"collection":[{"href":"https:\/\/www.helievenements.com\/en\/wp-json\/wp\/v2\/pages"}],"about":[{"href":"https:\/\/www.helievenements.com\/en\/wp-json\/wp\/v2\/types\/page"}],"author":[{"embeddable":true,"href":"https:\/\/www.helievenements.com\/en\/wp-json\/wp\/v2\/users\/3"}],"replies":[{"embeddable":true,"href":"https:\/\/www.helievenements.com\/en\/wp-json\/wp\/v2\/comments?post=4902"}],"version-history":[{"count":0,"href":"https:\/\/www.helievenements.com\/en\/wp-json\/wp\/v2\/pages\/4902\/revisions"}],"up":[{"embeddable":true,"href":"https:\/\/www.helievenements.com\/en\/wp-json\/wp\/v2\/pages\/4883"}],"wp:featuredmedia":[{"embeddable":true,"href":"https:\/\/www.helievenements.com\/en\/wp-json\/wp\/v2\/media\/4697"}],"wp:attachment":[{"href":"https:\/\/www.helievenements.com\/en\/wp-json\/wp\/v2\/media?parent=4902"}],"curies":[{"name":"wp","href":"https:\/\/api.w.org\/{rel}","templated":true}]}}