{"id":4887,"date":"2017-05-29T09:28:13","date_gmt":"2017-05-29T09:28:13","guid":{"rendered":"https:\/\/www.helievenements.com\/prive-vluchten\/"},"modified":"2026-02-17T17:37:52","modified_gmt":"2026-02-17T17:37:52","slug":"private-flights","status":"publish","type":"page","link":"https:\/\/www.helievenements.com\/en\/private-flights\/","title":{"rendered":"Private flights"},"content":{"rendered":"\t\t<div data-elementor-type=\"wp-page\" data-elementor-id=\"4887\" class=\"elementor elementor-4887 elementor-27\">\n\t\t\t\t<section class=\"elementor-element elementor-element-f81d845 section_title_page fond_sombre e-flex e-con-boxed e-con e-parent\" data-id=\"f81d845\" data-element_type=\"container\" data-e-type=\"container\" data-settings=\"{&quot;background_background&quot;:&quot;classic&quot;}\">\n\t\t\t\t\t<div class=\"e-con-inner\">\n\t\t\t\t<div class=\"elementor-element elementor-element-30a4772 elementor-widget elementor-widget-heading\" data-id=\"30a4772\" data-element_type=\"widget\" data-e-type=\"widget\" data-widget_type=\"heading.default\">\n\t\t\t\t\t<h1 class=\"elementor-heading-title elementor-size-default\">Private flights<\/h1>\t\t\t\t<\/div>\n\t\t\t\t\t<\/div>\n\t\t\t\t<\/section>\n\t\t<div class=\"elementor-element elementor-element-2c2b64f e-flex e-con-boxed e-con e-parent\" data-id=\"2c2b64f\" data-element_type=\"container\" data-e-type=\"container\">\n\t\t\t\t\t<div class=\"e-con-inner\">\n\t\t\t\t<div class=\"elementor-element elementor-element-12a7d56 elementor-widget elementor-widget-scl_boxes\" data-id=\"12a7d56\" data-element_type=\"widget\" data-e-type=\"widget\" data-widget_type=\"scl_boxes.default\">\n\t\t\t\t<div class=\"elementor-widget-container\">\n\t\t\t\t\t        <div class=\"wrap_boxes woocommerce\">\n                            <ul class=\"products columns-4\">\n                                            <li class=\"product type-product status-publish has-post-thumbnail product_cat-travail first instock taxable shipping-taxable product-type-simple berocket_lmp_first_on_page\">\n                                                            <a href=\"https:\/\/www.helievenements.com\/en\/private-flights\/private-tours-over-normandy\/\" class=\"woocommerce-LoopProduct-link woocommerce-loop-product__link\">\n                                                                <div class=\"product-thumbnail-wrapp\">\n                                                                            <img fetchpriority=\"high\" fetchpriority=\"high\" width=\"559\" height=\"385\" src=\"https:\/\/www.helievenements.com\/wp-content\/uploads\/Mt-St-Michel.jpg\" class=\"attachment-400 size-400\" alt=\"\" decoding=\"async\" \/>\n                                                                                <h2 class=\"woocommerce-loop-product__title\">\n                                            Private tours over Normandy                                         <\/h2>\n                                                                        <\/div>\n                                                            <\/a>\n                                                            <div class=\"products-custom-fields-wrapp clearfix\"><\/div>\n                                                            <div class=\"short-description-wrapp\"><div class=\"woocommerce-product-details__short-description\">Do you dream of taking to the skies to discover Normandy in a whole new way? Treat yourself to a private flight aboard our helicopter! You\u2019ll enjoy complete freedom while admiring unique landscapes. With H\u00e9li \u00c9v\u00e9nements, every experience is exclusive and tailored to your desires. Whether you\u2019re looking for a moment of relaxation, a business trip or a memorable gift, our offer is sure to satisfy you.<\/div><\/div>\n                                                                <div class=\"discover_btn\">\n                            \t\t<a href=\"https:\/\/www.helievenements.com\/en\/private-flights\/private-tours-over-normandy\/\">\n                                        Discover \n                                    <\/a>\n                            \t<\/div>\n                                 \n                            \n                        <\/li>\n                                                <li class=\"product type-product status-publish has-post-thumbnail product_cat-travail first instock taxable shipping-taxable product-type-simple berocket_lmp_first_on_page\">\n                                                            <a href=\"https:\/\/www.helievenements.com\/en\/private-flights\/weddings-birthdays\/\" class=\"woocommerce-LoopProduct-link woocommerce-loop-product__link\">\n                                                                <div class=\"product-thumbnail-wrapp\">\n                                                                            <img fetchpriority=\"high\" fetchpriority=\"high\" width=\"559\" height=\"385\" src=\"https:\/\/www.helievenements.com\/wp-content\/uploads\/photographe-mariage-indien.jpg\" class=\"attachment-400 size-400\" alt=\"\" decoding=\"async\" \/>\n                                                                                <h2 class=\"woocommerce-loop-product__title\">\n                                            Weddings \/ Birthdays                                        <\/h2>\n                                                                        <\/div>\n                                                            <\/a>\n                                                            <div class=\"products-custom-fields-wrapp clearfix\"><\/div>\n                                                            <div class=\"short-description-wrapp\"><div class=\"woocommerce-product-details__short-description\">Create a surprise on your wedding day, birthday or any other occasion! Arriving by helicopter will make your event more surprising and unforgettable!\n\nQuotation available on request from the location of your choice.\n\nAs this is a private service, only the authorisation of the landowner or the mayor in the case of communal land is required.\n\nA site survey is carried out and approved by the pilot. No prefectural formalities are required.<\/div><\/div>\n                                                                <div class=\"discover_btn\">\n                            \t\t<a href=\"https:\/\/www.helievenements.com\/en\/private-flights\/weddings-birthdays\/\">\n                                        Discover \n                                    <\/a>\n                            \t<\/div>\n                                 \n                            \n                        <\/li>\n                                                <li class=\"product type-product status-publish has-post-thumbnail product_cat-travail first instock taxable shipping-taxable product-type-simple berocket_lmp_first_on_page\">\n                                                            <a href=\"https:\/\/www.helievenements.com\/en\/private-flights\/air-taxi\/\" class=\"woocommerce-LoopProduct-link woocommerce-loop-product__link\">\n                                                                <div class=\"product-thumbnail-wrapp\">\n                                                                            <img fetchpriority=\"high\" fetchpriority=\"high\" width=\"559\" height=\"385\" src=\"https:\/\/www.helievenements.com\/wp-content\/uploads\/FB_IMG_1532294617095.jpg\" class=\"attachment-400 size-400\" alt=\"\" decoding=\"async\" \/>\n                                                                                <h2 class=\"woocommerce-loop-product__title\">\n                                            Air taxi                                        <\/h2>\n                                                                        <\/div>\n                                                            <\/a>\n                                                            <div class=\"products-custom-fields-wrapp clearfix\"><\/div>\n                                                            <div class=\"short-description-wrapp\"><div class=\"woocommerce-product-details__short-description\">Are you looking for flexible, comfortable and equally fast transport? The helicopter air taxi service offered by H\u00e9li \u00c9v\u00e9nements provides air transport for your business or private travel. Whether for business meetings, tourist trips or airport transfers, this service guarantees you time savings and a unique experience aboard our aircraft, the Ecureuil AS 350 B3e \/ H125 model.<\/div><\/div>\n                                                                <div class=\"discover_btn\">\n                            \t\t<a href=\"https:\/\/www.helievenements.com\/en\/private-flights\/air-taxi\/\">\n                                        Discover \n                                    <\/a>\n                            \t<\/div>\n                                 \n                            \n                        <\/li>\n                                        <\/ul>\n                        <\/div>\n        \t\t\t\t<\/div>\n\t\t\t\t<\/div>\n\t\t\t\t\t<\/div>\n\t\t\t\t<\/div>\n\t\t\t\t<\/div>\n\t\t","protected":false},"excerpt":{"rendered":"<p>Private flights Private tours over Normandy Do you dream of taking to the skies to discover Normandy in a whole new way? Treat yourself to a private flight aboard our helicopter! You\u2019ll enjoy complete freedom while admiring unique landscapes. With H\u00e9li \u00c9v\u00e9nements, every experience is exclusive and tailored to your desires. Whether you\u2019re looking for [&hellip;]<\/p>\n","protected":false},"author":17,"featured_media":0,"parent":0,"menu_order":0,"comment_status":"closed","ping_status":"closed","template":"elementor_header_footer","meta":{"_acf_changed":false,"footnotes":""},"class_list":["post-4887","page","type-page","status-publish","hentry"],"acf":[],"yoast_head":"\n<title>Private flights - HELIEVENEMENTS<\/title>\n<meta name=\"robots\" content=\"noindex, nofollow\" \/>\n<meta property=\"og:locale\" content=\"en_US\" \/>\n<meta property=\"og:type\" content=\"article\" \/>\n<meta property=\"og:title\" content=\"Private flights - HELIEVENEMENTS\" \/>\n<meta property=\"og:description\" content=\"Private flights Private tours over Normandy Do you dream of taking to the skies to discover Normandy in a whole new way? Treat yourself to a private flight aboard our helicopter! You\u2019ll enjoy complete freedom while admiring unique landscapes. With H\u00e9li \u00c9v\u00e9nements, every experience is exclusive and tailored to your desires. Whether you\u2019re looking for [&hellip;]\" \/>\n<meta property=\"og:url\" content=\"https:\/\/www.helievenements.com\/en\/private-flights\/\" \/>\n<meta property=\"og:site_name\" content=\"HELIEVENEMENTS\" \/>\n<meta property=\"article:modified_time\" content=\"2026-02-17T17:37:52+00:00\" \/>\n<meta property=\"og:image\" content=\"https:\/\/www.helievenements.com\/wp-content\/uploads\/Mt-St-Michel.jpg\" \/>\n<meta name=\"twitter:card\" content=\"summary_large_image\" \/>\n<meta name=\"twitter:label1\" content=\"Est. reading time\" \/>\n\t<meta name=\"twitter:data1\" content=\"2 minutes\" \/>\n<script type=\"application\/ld+json\" class=\"yoast-schema-graph\">{\"@context\":\"https:\\\/\\\/schema.org\",\"@graph\":[{\"@type\":\"WebPage\",\"@id\":\"https:\\\/\\\/www.helievenements.com\\\/en\\\/private-flights\\\/\",\"url\":\"https:\\\/\\\/www.helievenements.com\\\/en\\\/private-flights\\\/\",\"name\":\"Private flights - HELIEVENEMENTS\",\"isPartOf\":{\"@id\":\"https:\\\/\\\/www.helievenements.com\\\/en\\\/#website\"},\"primaryImageOfPage\":{\"@id\":\"https:\\\/\\\/www.helievenements.com\\\/en\\\/private-flights\\\/#primaryimage\"},\"image\":{\"@id\":\"https:\\\/\\\/www.helievenements.com\\\/en\\\/private-flights\\\/#primaryimage\"},\"thumbnailUrl\":\"https:\\\/\\\/www.helievenements.com\\\/wp-content\\\/uploads\\\/Mt-St-Michel.jpg\",\"datePublished\":\"2017-05-29T09:28:13+00:00\",\"dateModified\":\"2026-02-17T17:37:52+00:00\",\"breadcrumb\":{\"@id\":\"https:\\\/\\\/www.helievenements.com\\\/en\\\/private-flights\\\/#breadcrumb\"},\"inLanguage\":\"en-US\",\"potentialAction\":[{\"@type\":\"ReadAction\",\"target\":[\"https:\\\/\\\/www.helievenements.com\\\/en\\\/private-flights\\\/\"]}]},{\"@type\":\"ImageObject\",\"inLanguage\":\"en-US\",\"@id\":\"https:\\\/\\\/www.helievenements.com\\\/en\\\/private-flights\\\/#primaryimage\",\"url\":\"https:\\\/\\\/www.helievenements.com\\\/wp-content\\\/uploads\\\/Mt-St-Michel.jpg\",\"contentUrl\":\"https:\\\/\\\/www.helievenements.com\\\/wp-content\\\/uploads\\\/Mt-St-Michel.jpg\"},{\"@type\":\"BreadcrumbList\",\"@id\":\"https:\\\/\\\/www.helievenements.com\\\/en\\\/private-flights\\\/#breadcrumb\",\"itemListElement\":[{\"@type\":\"ListItem\",\"position\":1,\"name\":\"Accueil\",\"item\":\"https:\\\/\\\/www.helievenements.com\\\/en\\\/\"},{\"@type\":\"ListItem\",\"position\":2,\"name\":\"Private flights\"}]},{\"@type\":\"WebSite\",\"@id\":\"https:\\\/\\\/www.helievenements.com\\\/en\\\/#website\",\"url\":\"https:\\\/\\\/www.helievenements.com\\\/en\\\/\",\"name\":\"HELIEVENEMENTS\",\"description\":\"\",\"potentialAction\":[{\"@type\":\"SearchAction\",\"target\":{\"@type\":\"EntryPoint\",\"urlTemplate\":\"https:\\\/\\\/www.helievenements.com\\\/en\\\/?s={search_term_string}\"},\"query-input\":{\"@type\":\"PropertyValueSpecification\",\"valueRequired\":true,\"valueName\":\"search_term_string\"}}],\"inLanguage\":\"en-US\"}]}<\/script>\n","yoast_head_json":{"title":"Private flights - HELIEVENEMENTS","robots":{"index":"noindex","follow":"nofollow"},"og_locale":"en_US","og_type":"article","og_title":"Private flights - HELIEVENEMENTS","og_description":"Private flights Private tours over Normandy Do you dream of taking to the skies to discover Normandy in a whole new way? Treat yourself to a private flight aboard our helicopter! You\u2019ll enjoy complete freedom while admiring unique landscapes. With H\u00e9li \u00c9v\u00e9nements, every experience is exclusive and tailored to your desires. Whether you\u2019re looking for [&hellip;]","og_url":"https:\/\/www.helievenements.com\/en\/private-flights\/","og_site_name":"HELIEVENEMENTS","article_modified_time":"2026-02-17T17:37:52+00:00","og_image":[{"url":"https:\/\/www.helievenements.com\/wp-content\/uploads\/Mt-St-Michel.jpg","type":"","width":"","height":""}],"twitter_card":"summary_large_image","twitter_misc":{"Est. reading time":"2 minutes"},"schema":{"@context":"https:\/\/schema.org","@graph":[{"@type":"WebPage","@id":"https:\/\/www.helievenements.com\/en\/private-flights\/","url":"https:\/\/www.helievenements.com\/en\/private-flights\/","name":"Private flights - HELIEVENEMENTS","isPartOf":{"@id":"https:\/\/www.helievenements.com\/en\/#website"},"primaryImageOfPage":{"@id":"https:\/\/www.helievenements.com\/en\/private-flights\/#primaryimage"},"image":{"@id":"https:\/\/www.helievenements.com\/en\/private-flights\/#primaryimage"},"thumbnailUrl":"https:\/\/www.helievenements.com\/wp-content\/uploads\/Mt-St-Michel.jpg","datePublished":"2017-05-29T09:28:13+00:00","dateModified":"2026-02-17T17:37:52+00:00","breadcrumb":{"@id":"https:\/\/www.helievenements.com\/en\/private-flights\/#breadcrumb"},"inLanguage":"en-US","potentialAction":[{"@type":"ReadAction","target":["https:\/\/www.helievenements.com\/en\/private-flights\/"]}]},{"@type":"ImageObject","inLanguage":"en-US","@id":"https:\/\/www.helievenements.com\/en\/private-flights\/#primaryimage","url":"https:\/\/www.helievenements.com\/wp-content\/uploads\/Mt-St-Michel.jpg","contentUrl":"https:\/\/www.helievenements.com\/wp-content\/uploads\/Mt-St-Michel.jpg"},{"@type":"BreadcrumbList","@id":"https:\/\/www.helievenements.com\/en\/private-flights\/#breadcrumb","itemListElement":[{"@type":"ListItem","position":1,"name":"Accueil","item":"https:\/\/www.helievenements.com\/en\/"},{"@type":"ListItem","position":2,"name":"Private flights"}]},{"@type":"WebSite","@id":"https:\/\/www.helievenements.com\/en\/#website","url":"https:\/\/www.helievenements.com\/en\/","name":"HELIEVENEMENTS","description":"","potentialAction":[{"@type":"SearchAction","target":{"@type":"EntryPoint","urlTemplate":"https:\/\/www.helievenements.com\/en\/?s={search_term_string}"},"query-input":{"@type":"PropertyValueSpecification","valueRequired":true,"valueName":"search_term_string"}}],"inLanguage":"en-US"}]}},"_links":{"self":[{"href":"https:\/\/www.helievenements.com\/en\/wp-json\/wp\/v2\/pages\/4887","targetHints":{"allow":["GET"]}}],"collection":[{"href":"https:\/\/www.helievenements.com\/en\/wp-json\/wp\/v2\/pages"}],"about":[{"href":"https:\/\/www.helievenements.com\/en\/wp-json\/wp\/v2\/types\/page"}],"author":[{"embeddable":true,"href":"https:\/\/www.helievenements.com\/en\/wp-json\/wp\/v2\/users\/17"}],"replies":[{"embeddable":true,"href":"https:\/\/www.helievenements.com\/en\/wp-json\/wp\/v2\/comments?post=4887"}],"version-history":[{"count":0,"href":"https:\/\/www.helievenements.com\/en\/wp-json\/wp\/v2\/pages\/4887\/revisions"}],"wp:attachment":[{"href":"https:\/\/www.helievenements.com\/en\/wp-json\/wp\/v2\/media?parent=4887"}],"curies":[{"name":"wp","href":"https:\/\/api.w.org\/{rel}","templated":true}]}}