{"id":4883,"date":"2026-02-17T10:47:47","date_gmt":"2026-02-17T10:47:47","guid":{"rendered":"https:\/\/www.helievenements.com\/heliportage-media-fret\/"},"modified":"2026-02-18T10:16:54","modified_gmt":"2026-02-18T10:16:54","slug":"heliport-media-freight","status":"publish","type":"page","link":"https:\/\/www.helievenements.com\/en\/heliport-media-freight\/","title":{"rendered":"Heliport \u2013 Media \u2013 Freight"},"content":{"rendered":"\t\t<div data-elementor-type=\"wp-page\" data-elementor-id=\"4883\" class=\"elementor elementor-4883 elementor-4871\">\n\t\t\t\t<section class=\"elementor-element elementor-element-f5ddc88 section_title_page fond_sombre e-flex e-con-boxed e-con e-parent\" data-id=\"f5ddc88\" data-element_type=\"container\" data-e-type=\"container\" data-settings=\"{&quot;background_background&quot;:&quot;classic&quot;}\">\n\t\t\t\t\t<div class=\"e-con-inner\">\n\t\t\t\t<div class=\"elementor-element elementor-element-dde0060 elementor-widget elementor-widget-heading\" data-id=\"dde0060\" data-element_type=\"widget\" data-e-type=\"widget\" data-widget_type=\"heading.default\">\n\t\t\t\t\t<h1 class=\"elementor-heading-title elementor-size-default\">Heliport \u2013 Media \u2013 Freight<\/h1>\t\t\t\t<\/div>\n\t\t\t\t\t<\/div>\n\t\t\t\t<\/section>\n\t\t<div class=\"elementor-element elementor-element-c3c2db3 e-flex e-con-boxed e-con e-parent\" data-id=\"c3c2db3\" data-element_type=\"container\" data-e-type=\"container\">\n\t\t\t\t\t<div class=\"e-con-inner\">\n\t\t\t\t<div class=\"elementor-element elementor-element-287a45a elementor-widget elementor-widget-scl_boxes\" data-id=\"287a45a\" data-element_type=\"widget\" data-e-type=\"widget\" data-widget_type=\"scl_boxes.default\">\n\t\t\t\t<div class=\"elementor-widget-container\">\n\t\t\t\t\t        <div class=\"wrap_boxes woocommerce\">\n                            <ul class=\"products columns-4\">\n                                            <li class=\"product type-product status-publish has-post-thumbnail product_cat-travail first instock taxable shipping-taxable product-type-simple berocket_lmp_first_on_page\">\n                                                            <a href=\"https:\/\/www.helievenements.com\/en\/heliport-media-freight\/freight-parcel-transport\/\" class=\"woocommerce-LoopProduct-link woocommerce-loop-product__link\">\n                                                                <div class=\"product-thumbnail-wrapp\">\n                                                                            <img fetchpriority=\"high\" fetchpriority=\"high\" width=\"559\" height=\"385\" src=\"https:\/\/www.helievenements.com\/wp-content\/uploads\/transport-de-colis-par-helicoptere.jpg\" class=\"attachment-400 size-400\" alt=\"\" decoding=\"async\" \/>\n                                                                                <h2 class=\"woocommerce-loop-product__title\">\n                                            Freight \/ Parcel transport                                        <\/h2>\n                                                                        <\/div>\n                                                            <\/a>\n                                                            <div class=\"products-custom-fields-wrapp clearfix\"><\/div>\n                                                            <div class=\"short-description-wrapp\"><div class=\"woocommerce-product-details__short-description\">When traditional delivery solutions are no longer sufficient, transporting parcels by helicopter becomes a fast and reliable solution. H\u00e9li \u00c9v\u00e9nements offers this specialised service to professionals to ensure the continuity of their activities and secure their logistics.\n\n<\/div><\/div>\n                                                                <div class=\"discover_btn\">\n                            \t\t<a href=\"https:\/\/www.helievenements.com\/en\/heliport-media-freight\/freight-parcel-transport\/\">\n                                        Discover \n                                    <\/a>\n                            \t<\/div>\n                                 \n                            \n                        <\/li>\n                                                <li class=\"product type-product status-publish has-post-thumbnail product_cat-travail first instock taxable shipping-taxable product-type-simple berocket_lmp_first_on_page\">\n                                                            <a href=\"https:\/\/www.helievenements.com\/en\/heliport-media-freight\/heliport\/\" class=\"woocommerce-LoopProduct-link woocommerce-loop-product__link\">\n                                                                <div class=\"product-thumbnail-wrapp\">\n                                                                            <img fetchpriority=\"high\" fetchpriority=\"high\" width=\"559\" height=\"385\" src=\"https:\/\/www.helievenements.com\/wp-content\/uploads\/helieve1.1-41-1.jpg\" class=\"attachment-400 size-400\" alt=\"\" decoding=\"async\" \/>\n                                                                                <h2 class=\"woocommerce-loop-product__title\">\n                                            Heliport                                        <\/h2>\n                                                                        <\/div>\n                                                            <\/a>\n                                                            <div class=\"products-custom-fields-wrapp clearfix\"><\/div>\n                                                            <div class=\"short-description-wrapp\"><div class=\"woocommerce-product-details__short-description\">Did you know?\n\nHelicopter lifting is a service that is still relatively unknown, yet offers significant advantages. It is now establishing itself as an effective alternative to traditional lifting equipment such as cranes. Firstly, this aerial work technique meets very specific requirements: difficult access, unstable terrain, dense urban areas or lack of space to deploy a crane. By overcoming obstacles on the ground, helicopter transport allows heavy and bulky loads to be transported quickly and directly to the site of operation.<\/div><\/div>\n                                                                <div class=\"discover_btn\">\n                            \t\t<a href=\"https:\/\/www.helievenements.com\/en\/heliport-media-freight\/heliport\/\">\n                                        Discover \n                                    <\/a>\n                            \t<\/div>\n                                 \n                            \n                        <\/li>\n                                                <li class=\"product type-product status-publish has-post-thumbnail product_cat-travail first instock taxable shipping-taxable product-type-simple berocket_lmp_first_on_page\">\n                                                            <a href=\"https:\/\/www.helievenements.com\/en\/heliport-media-freight\/a-helicopter-shot-for-exceptional-images\/\" class=\"woocommerce-LoopProduct-link woocommerce-loop-product__link\">\n                                                                <div class=\"product-thumbnail-wrapp\">\n                                                                            <img fetchpriority=\"high\" fetchpriority=\"high\" width=\"559\" height=\"385\" src=\"https:\/\/www.helievenements.com\/wp-content\/uploads\/FB_IMG_1542237472317.jpg\" class=\"attachment-400 size-400\" alt=\"\" decoding=\"async\" \/>\n                                                                                <h2 class=\"woocommerce-loop-product__title\">\n                                            A helicopter shot for exceptional images                                        <\/h2>\n                                                                        <\/div>\n                                                            <\/a>\n                                                            <div class=\"products-custom-fields-wrapp clearfix\"><\/div>\n                                                            <div class=\"short-description-wrapp\"><div class=\"woocommerce-product-details__short-description\">Shooting from a helicopter allows you to capture unique angles with great freedom of framing. It is also an excellent way to capture high-quality aerial images.\n\nWith H\u00e9li \u00c9v\u00e8nements, you have a reliable and effective solution for both professional photos and videos. We offer you our solid experience in TV reports, advertising films, institutional photography, and coverage of sporting and tourist events.<\/div><\/div>\n                                                                <div class=\"discover_btn\">\n                            \t\t<a href=\"https:\/\/www.helievenements.com\/en\/heliport-media-freight\/a-helicopter-shot-for-exceptional-images\/\">\n                                        Discover \n                                    <\/a>\n                            \t<\/div>\n                                 \n                            \n                        <\/li>\n                                        <\/ul>\n                        <\/div>\n        \t\t\t\t<\/div>\n\t\t\t\t<\/div>\n\t\t\t\t\t<\/div>\n\t\t\t\t<\/div>\n\t\t\t\t<\/div>\n\t\t","protected":false},"excerpt":{"rendered":"<p>Heliport \u2013 Media \u2013 Freight Freight \/ Parcel transport When traditional delivery solutions are no longer sufficient, transporting parcels by helicopter becomes a fast and reliable solution. H\u00e9li \u00c9v\u00e9nements offers this specialised service to professionals to ensure the continuity of their activities and secure their logistics. Discover Heliport Did you know? Helicopter lifting is a [&hellip;]<\/p>\n","protected":false},"author":3,"featured_media":0,"parent":0,"menu_order":0,"comment_status":"closed","ping_status":"closed","template":"elementor_header_footer","meta":{"_acf_changed":false,"footnotes":""},"class_list":["post-4883","page","type-page","status-publish","hentry"],"acf":[],"yoast_head":"\n<title>Heliport \u2013 Media \u2013 Freight - HELIEVENEMENTS<\/title>\n<meta name=\"description\" content=\"H\u00e9liportage,levage de charge,roof-top\" \/>\n<meta name=\"robots\" content=\"index, follow, max-snippet:-1, max-image-preview:large, max-video-preview:-1\" \/>\n<link rel=\"canonical\" href=\"https:\/\/www.helievenements.com\/en\/heliport-media-freight\/\" \/>\n<meta property=\"og:locale\" content=\"en_US\" \/>\n<meta property=\"og:type\" content=\"article\" \/>\n<meta property=\"og:title\" content=\"Heliport \u2013 Media \u2013 Freight - HELIEVENEMENTS\" \/>\n<meta property=\"og:description\" content=\"H\u00e9liportage,levage de charge,roof-top\" \/>\n<meta property=\"og:url\" content=\"https:\/\/www.helievenements.com\/en\/heliport-media-freight\/\" \/>\n<meta property=\"og:site_name\" content=\"HELIEVENEMENTS\" \/>\n<meta property=\"article:modified_time\" content=\"2026-02-18T10:16:54+00:00\" \/>\n<meta property=\"og:image\" content=\"https:\/\/www.helievenements.com\/wp-content\/uploads\/transport-de-colis-par-helicoptere.jpg\" \/>\n<meta name=\"twitter:card\" content=\"summary_large_image\" \/>\n<meta name=\"twitter:label1\" content=\"Est. reading time\" \/>\n\t<meta name=\"twitter:data1\" content=\"2 minutes\" \/>\n<script type=\"application\/ld+json\" class=\"yoast-schema-graph\">{\"@context\":\"https:\\\/\\\/schema.org\",\"@graph\":[{\"@type\":\"WebPage\",\"@id\":\"https:\\\/\\\/www.helievenements.com\\\/en\\\/heliport-media-freight\\\/\",\"url\":\"https:\\\/\\\/www.helievenements.com\\\/en\\\/heliport-media-freight\\\/\",\"name\":\"Heliport \u2013 Media \u2013 Freight - HELIEVENEMENTS\",\"isPartOf\":{\"@id\":\"https:\\\/\\\/www.helievenements.com\\\/en\\\/#website\"},\"primaryImageOfPage\":{\"@id\":\"https:\\\/\\\/www.helievenements.com\\\/en\\\/heliport-media-freight\\\/#primaryimage\"},\"image\":{\"@id\":\"https:\\\/\\\/www.helievenements.com\\\/en\\\/heliport-media-freight\\\/#primaryimage\"},\"thumbnailUrl\":\"https:\\\/\\\/www.helievenements.com\\\/wp-content\\\/uploads\\\/transport-de-colis-par-helicoptere.jpg\",\"datePublished\":\"2026-02-17T10:47:47+00:00\",\"dateModified\":\"2026-02-18T10:16:54+00:00\",\"description\":\"H\u00e9liportage,levage de charge,roof-top\",\"breadcrumb\":{\"@id\":\"https:\\\/\\\/www.helievenements.com\\\/en\\\/heliport-media-freight\\\/#breadcrumb\"},\"inLanguage\":\"en-US\",\"potentialAction\":[{\"@type\":\"ReadAction\",\"target\":[\"https:\\\/\\\/www.helievenements.com\\\/en\\\/heliport-media-freight\\\/\"]}]},{\"@type\":\"ImageObject\",\"inLanguage\":\"en-US\",\"@id\":\"https:\\\/\\\/www.helievenements.com\\\/en\\\/heliport-media-freight\\\/#primaryimage\",\"url\":\"https:\\\/\\\/www.helievenements.com\\\/wp-content\\\/uploads\\\/transport-de-colis-par-helicoptere.jpg\",\"contentUrl\":\"https:\\\/\\\/www.helievenements.com\\\/wp-content\\\/uploads\\\/transport-de-colis-par-helicoptere.jpg\"},{\"@type\":\"BreadcrumbList\",\"@id\":\"https:\\\/\\\/www.helievenements.com\\\/en\\\/heliport-media-freight\\\/#breadcrumb\",\"itemListElement\":[{\"@type\":\"ListItem\",\"position\":1,\"name\":\"Accueil\",\"item\":\"https:\\\/\\\/www.helievenements.com\\\/en\\\/\"},{\"@type\":\"ListItem\",\"position\":2,\"name\":\"Heliport \u2013 Media \u2013 Freight\"}]},{\"@type\":\"WebSite\",\"@id\":\"https:\\\/\\\/www.helievenements.com\\\/en\\\/#website\",\"url\":\"https:\\\/\\\/www.helievenements.com\\\/en\\\/\",\"name\":\"HELIEVENEMENTS\",\"description\":\"\",\"potentialAction\":[{\"@type\":\"SearchAction\",\"target\":{\"@type\":\"EntryPoint\",\"urlTemplate\":\"https:\\\/\\\/www.helievenements.com\\\/en\\\/?s={search_term_string}\"},\"query-input\":{\"@type\":\"PropertyValueSpecification\",\"valueRequired\":true,\"valueName\":\"search_term_string\"}}],\"inLanguage\":\"en-US\"}]}<\/script>\n","yoast_head_json":{"title":"Heliport \u2013 Media \u2013 Freight - HELIEVENEMENTS","description":"H\u00e9liportage,levage de charge,roof-top","robots":{"index":"index","follow":"follow","max-snippet":"max-snippet:-1","max-image-preview":"max-image-preview:large","max-video-preview":"max-video-preview:-1"},"canonical":"https:\/\/www.helievenements.com\/en\/heliport-media-freight\/","og_locale":"en_US","og_type":"article","og_title":"Heliport \u2013 Media \u2013 Freight - HELIEVENEMENTS","og_description":"H\u00e9liportage,levage de charge,roof-top","og_url":"https:\/\/www.helievenements.com\/en\/heliport-media-freight\/","og_site_name":"HELIEVENEMENTS","article_modified_time":"2026-02-18T10:16:54+00:00","og_image":[{"url":"https:\/\/www.helievenements.com\/wp-content\/uploads\/transport-de-colis-par-helicoptere.jpg","type":"","width":"","height":""}],"twitter_card":"summary_large_image","twitter_misc":{"Est. reading time":"2 minutes"},"schema":{"@context":"https:\/\/schema.org","@graph":[{"@type":"WebPage","@id":"https:\/\/www.helievenements.com\/en\/heliport-media-freight\/","url":"https:\/\/www.helievenements.com\/en\/heliport-media-freight\/","name":"Heliport \u2013 Media \u2013 Freight - HELIEVENEMENTS","isPartOf":{"@id":"https:\/\/www.helievenements.com\/en\/#website"},"primaryImageOfPage":{"@id":"https:\/\/www.helievenements.com\/en\/heliport-media-freight\/#primaryimage"},"image":{"@id":"https:\/\/www.helievenements.com\/en\/heliport-media-freight\/#primaryimage"},"thumbnailUrl":"https:\/\/www.helievenements.com\/wp-content\/uploads\/transport-de-colis-par-helicoptere.jpg","datePublished":"2026-02-17T10:47:47+00:00","dateModified":"2026-02-18T10:16:54+00:00","description":"H\u00e9liportage,levage de charge,roof-top","breadcrumb":{"@id":"https:\/\/www.helievenements.com\/en\/heliport-media-freight\/#breadcrumb"},"inLanguage":"en-US","potentialAction":[{"@type":"ReadAction","target":["https:\/\/www.helievenements.com\/en\/heliport-media-freight\/"]}]},{"@type":"ImageObject","inLanguage":"en-US","@id":"https:\/\/www.helievenements.com\/en\/heliport-media-freight\/#primaryimage","url":"https:\/\/www.helievenements.com\/wp-content\/uploads\/transport-de-colis-par-helicoptere.jpg","contentUrl":"https:\/\/www.helievenements.com\/wp-content\/uploads\/transport-de-colis-par-helicoptere.jpg"},{"@type":"BreadcrumbList","@id":"https:\/\/www.helievenements.com\/en\/heliport-media-freight\/#breadcrumb","itemListElement":[{"@type":"ListItem","position":1,"name":"Accueil","item":"https:\/\/www.helievenements.com\/en\/"},{"@type":"ListItem","position":2,"name":"Heliport \u2013 Media \u2013 Freight"}]},{"@type":"WebSite","@id":"https:\/\/www.helievenements.com\/en\/#website","url":"https:\/\/www.helievenements.com\/en\/","name":"HELIEVENEMENTS","description":"","potentialAction":[{"@type":"SearchAction","target":{"@type":"EntryPoint","urlTemplate":"https:\/\/www.helievenements.com\/en\/?s={search_term_string}"},"query-input":{"@type":"PropertyValueSpecification","valueRequired":true,"valueName":"search_term_string"}}],"inLanguage":"en-US"}]}},"_links":{"self":[{"href":"https:\/\/www.helievenements.com\/en\/wp-json\/wp\/v2\/pages\/4883","targetHints":{"allow":["GET"]}}],"collection":[{"href":"https:\/\/www.helievenements.com\/en\/wp-json\/wp\/v2\/pages"}],"about":[{"href":"https:\/\/www.helievenements.com\/en\/wp-json\/wp\/v2\/types\/page"}],"author":[{"embeddable":true,"href":"https:\/\/www.helievenements.com\/en\/wp-json\/wp\/v2\/users\/3"}],"replies":[{"embeddable":true,"href":"https:\/\/www.helievenements.com\/en\/wp-json\/wp\/v2\/comments?post=4883"}],"version-history":[{"count":0,"href":"https:\/\/www.helievenements.com\/en\/wp-json\/wp\/v2\/pages\/4883\/revisions"}],"wp:attachment":[{"href":"https:\/\/www.helievenements.com\/en\/wp-json\/wp\/v2\/media?parent=4883"}],"curies":[{"name":"wp","href":"https:\/\/api.w.org\/{rel}","templated":true}]}}